{"id":34699,"date":"2023-03-11T07:19:55","date_gmt":"2023-03-11T12:19:55","guid":{"rendered":"https:\/\/www.unemi.edu.ec\/?page_id=34699"},"modified":"2023-03-11T07:19:55","modified_gmt":"2023-03-11T12:19:55","slug":"comunicacion-etnica-sapikuna","status":"publish","type":"page","link":"https:\/\/www.unemi.edu.ec\/index.php\/grupos-de-investigacion\/comunicacion-etnica-sapikuna\/","title":{"rendered":"Comunicaci\u00f3n \u00e9tnica SAPIKUNA"},"content":{"rendered":"<p>El objetivo del grupo de investigaci\u00f3n es impulsar la investigaci\u00f3n de excelencia en cuestiones pluri\u00e9tnicas y pluriculturales en los medios de comunicaci\u00f3n y sociedad que representan un campo estrat\u00e9gico para entrelazar los ambientes educativos y socioculturales con las lenguas ind\u00edgenas a fin de fortalecer la identidad cultural del Ecuador.&#8221;<\/p>\n<h2>L\u00edneas de investigaci\u00f3n<\/h2>\n<ul>\n<li>Educaci\u00f3n, cultura, tecnolog\u00eda e innovaci\u00f3n para la sociedad<\/li>\n<\/ul>\n<h2>Director\/a<\/h2>\n<ul>\n<li>Javier Paguay Balladares<a href=\"\/index.php\/team\/gloria-solis-beltran\/\"><\/a><\/li>\n<\/ul>\n<h2>Integrantes<\/h2>\n<ul>\n<li>Karen Cetre Nolivos<\/li>\n<li>Mirtha Manzano D\u00edaz<\/li>\n<\/ul>\n","protected":false},"excerpt":{"rendered":"<p>El objetivo del grupo de investigaci\u00f3n es impulsar la investigaci\u00f3n de excelencia en cuestiones pluri\u00e9tnicas y pluriculturales en los medios de comunicaci\u00f3n y sociedad que representan un campo estrat\u00e9gico para [&hellip;]<\/p>\n","protected":false},"author":35,"featured_media":0,"parent":6584,"menu_order":0,"comment_status":"closed","ping_status":"closed","template":"","meta":{"_joinchat":[],"footnotes":""},"class_list":["post-34699","page","type-page","status-publish","hentry"],"_links":{"self":[{"href":"https:\/\/www.unemi.edu.ec\/index.php\/wp-json\/wp\/v2\/pages\/34699","targetHints":{"allow":["GET"]}}],"collection":[{"href":"https:\/\/www.unemi.edu.ec\/index.php\/wp-json\/wp\/v2\/pages"}],"about":[{"href":"https:\/\/www.unemi.edu.ec\/index.php\/wp-json\/wp\/v2\/types\/page"}],"author":[{"embeddable":true,"href":"https:\/\/www.unemi.edu.ec\/index.php\/wp-json\/wp\/v2\/users\/35"}],"replies":[{"embeddable":true,"href":"https:\/\/www.unemi.edu.ec\/index.php\/wp-json\/wp\/v2\/comments?post=34699"}],"version-history":[{"count":1,"href":"https:\/\/www.unemi.edu.ec\/index.php\/wp-json\/wp\/v2\/pages\/34699\/revisions"}],"predecessor-version":[{"id":34700,"href":"https:\/\/www.unemi.edu.ec\/index.php\/wp-json\/wp\/v2\/pages\/34699\/revisions\/34700"}],"up":[{"embeddable":true,"href":"https:\/\/www.unemi.edu.ec\/index.php\/wp-json\/wp\/v2\/pages\/6584"}],"wp:attachment":[{"href":"https:\/\/www.unemi.edu.ec\/index.php\/wp-json\/wp\/v2\/media?parent=34699"}],"curies":[{"name":"wp","href":"https:\/\/api.w.org\/{rel}","templated":true}]}}