{"id":34071,"date":"2023-01-15T15:56:04","date_gmt":"2023-01-15T20:56:04","guid":{"rendered":"https:\/\/www.unemi.edu.ec\/?page_id=34071"},"modified":"2026-02-04T11:07:34","modified_gmt":"2026-02-04T16:07:34","slug":"documentos-institucionales-2023","status":"publish","type":"page","link":"https:\/\/www.unemi.edu.ec\/index.php\/documentos-institucionales-2023\/","title":{"rendered":"Documentos Institucionales 2023"},"content":{"rendered":"<p><span style=\"font-size: 12pt;\"><a href=\"https:\/\/www.unemi.edu.ec\/index.php\/base-legal-que-la-rige\/\">Base legal que la rige<\/a><br \/>\n<\/span><span style=\"font-size: 12pt;\"><a href=\"https:\/\/www.unemi.edu.ec\/index.php\/documentos-institucionales-2023\/resoluciones-ocs-2023\/\" target=\"_blank\" rel=\"noopener noreferrer\">Resoluciones del \u00d3rgano Colegiado Superior &#8211; OCS<\/a><br \/>\n<\/span><span style=\"font-size: 12pt;\"><a href=\"https:\/\/www.unemi.edu.ec\/index.php\/informacion-administrativa\/\">Informaci\u00f3n Administrativa<\/a><br \/>\n<\/span><span style=\"font-size: 12pt;\"><a href=\"https:\/\/www.unemi.edu.ec\/index.php\/documentos-institucionales-2023\/informacion-financiera-2023\/\">Informaci\u00f3n Financiera<\/a><br \/>\n<\/span><span style=\"font-size: 12pt;\"><a href=\"https:\/\/www.unemi.edu.ec\/index.php\/informacion-laboral\/\">Informaci\u00f3n Laboral<\/a><br \/>\n<\/span><span style=\"font-size: 12pt;\"><a href=\"https:\/\/www.unemi.edu.ec\/index.php\/documentos-institucionales-2023\/planificacion-institucional-2023\/\">Planificaci\u00f3n Institucional<\/a><br \/>\n<\/span><span style=\"font-size: 12pt;\"><span><a href=\"https:\/\/www.unemi.edu.ec\/wp-content\/uploads\/2023\/09\/Manual-de-Usuario_Servicios-de-Secretaria.pdf\">Manual para solicitud de certificaciones<\/a><br \/>\n<\/span><\/span><span style=\"font-size: 12pt;\"><a href=\"https:\/\/www.unemi.edu.ec\/index.php\/servicios-que-ofrece\/\">Servicios que ofrece<\/a><br \/>\n<\/span><span style=\"font-size: 12pt;\"><a href=\"https:\/\/www.unemi.edu.ec\/index.php\/examenes-especiales-y-cumplimiento-de-recomendaciones-de-auditoria-interna-y-gubernamental\/\">Ex\u00e1menes especiales y cumplimiento de recomendaciones de Auditoria Interna y Gubernamental<\/a><br \/>\n<\/span><span style=\"font-size: 12pt;\"><a href=\"https:\/\/www.unemi.edu.ec\/wp-content\/uploads\/2023\/06\/Informe-de-Gestion-Institucional-UNEMI-2022.pdf\" target=\"_blank\" rel=\"noopener noreferrer\">Mecanismos de rendici\u00f3n de cuentas a la ciudadan\u00eda<\/a><br \/>\n<\/span><span style=\"font-size: 12pt;\"><a href=\"\/wp-content\/uploads\/2018\/09\/solicitud-acceso-a-la-informacion-unemi.pdf\" target=\"_blank\" rel=\"noopener noreferrer\">Solicitud de acceso a la informaci\u00f3n p\u00fablica<\/a><br \/>\n<\/span><span style=\"font-size: 12pt;\"><a href=\"https:\/\/www.unemi.edu.ec\/wp-content\/uploads\/2019\/08\/Designacion_Comite_Transparencia.pdf\">Designaci\u00f3n del Comit\u00e9 de Transparencia Institucional<\/a><br \/>\n<\/span><span style=\"font-size: 12pt;\"><a href=\"https:\/\/www.unemi.edu.ec\/index.php\/difusion-y-comunicacion-de-la-gestion-institucional\/\">Difusi\u00f3n y comunicaci\u00f3n de la Gesti\u00f3n Institucional<\/a><br \/>\n<\/span><\/p>\n<p><span style=\"font-size: 12pt;\"><br \/>\n<strong>Estudiantes 2023<\/strong><\/span><\/p>\n<ul>\n<li><a href=\"https:\/\/www.unemi.edu.ec\/wp-content\/uploads\/2024\/02\/ESTUDIANTES-PREGRADO-Y-ADMISION-UNEMI-PERIODO-2023.pdf\"><span style=\"font-size: 12pt;\">Grado y Admisi\u00f3n<\/span><\/a><\/li>\n<li><a href=\"https:\/\/www.unemi.edu.ec\/wp-content\/uploads\/2024\/02\/estudiantes-y-oferta-academica-posgrado-2023.pdf\"><span style=\"font-size: 12pt;\">Posgrado<\/span><\/a><\/li>\n<\/ul>\n","protected":false},"excerpt":{"rendered":"<p>Base legal que la rige Resoluciones del \u00d3rgano Colegiado Superior &#8211; OCS Informaci\u00f3n Administrativa Informaci\u00f3n Financiera Informaci\u00f3n Laboral Planificaci\u00f3n Institucional Manual para solicitud de certificaciones Servicios que ofrece Ex\u00e1menes especiales [&hellip;]<\/p>\n","protected":false},"author":35,"featured_media":0,"parent":0,"menu_order":0,"comment_status":"closed","ping_status":"closed","template":"","meta":{"_joinchat":[],"footnotes":""},"class_list":["post-34071","page","type-page","status-publish","hentry"],"_links":{"self":[{"href":"https:\/\/www.unemi.edu.ec\/index.php\/wp-json\/wp\/v2\/pages\/34071","targetHints":{"allow":["GET"]}}],"collection":[{"href":"https:\/\/www.unemi.edu.ec\/index.php\/wp-json\/wp\/v2\/pages"}],"about":[{"href":"https:\/\/www.unemi.edu.ec\/index.php\/wp-json\/wp\/v2\/types\/page"}],"author":[{"embeddable":true,"href":"https:\/\/www.unemi.edu.ec\/index.php\/wp-json\/wp\/v2\/users\/35"}],"replies":[{"embeddable":true,"href":"https:\/\/www.unemi.edu.ec\/index.php\/wp-json\/wp\/v2\/comments?post=34071"}],"version-history":[{"count":12,"href":"https:\/\/www.unemi.edu.ec\/index.php\/wp-json\/wp\/v2\/pages\/34071\/revisions"}],"predecessor-version":[{"id":52165,"href":"https:\/\/www.unemi.edu.ec\/index.php\/wp-json\/wp\/v2\/pages\/34071\/revisions\/52165"}],"wp:attachment":[{"href":"https:\/\/www.unemi.edu.ec\/index.php\/wp-json\/wp\/v2\/media?parent=34071"}],"curies":[{"name":"wp","href":"https:\/\/api.w.org\/{rel}","templated":true}]}}