{"id":34069,"date":"2023-01-15T16:09:46","date_gmt":"2023-01-15T21:09:46","guid":{"rendered":"https:\/\/www.unemi.edu.ec\/?page_id=34069"},"modified":"2025-10-02T16:31:44","modified_gmt":"2025-10-02T21:31:44","slug":"informacion-financiera-2023","status":"publish","type":"page","link":"https:\/\/www.unemi.edu.ec\/index.php\/documentos-institucionales-2023\/informacion-financiera-2023\/","title":{"rendered":"Informaci\u00f3n Financiera 2023"},"content":{"rendered":"[vc_row][vc_column][vc_column_text]\n<h2><strong>Presupuesto Anual de la Instituci\u00f3n<\/strong><\/h2>\n<h3><strong>Procesos de Contrataci\u00f3n<\/strong><\/h3>\n<ul>\n<li><a href=\"https:\/\/www.unemi.edu.ec\/index.php\/documentos-institucionales-2023\/informacion-financiera-2023\/procesos-de-compras-2023\/\" target=\"_blank\" rel=\"noopener noreferrer\">Procesos de compras<\/a><\/li>\n<li><a href=\"https:\/\/www.unemi.edu.ec\/index.php\/documentos-institucionales-2023\/informacion-financiera-2023\/infimas-cuantias-2023\/\" target=\"_blank\" rel=\"noopener noreferrer\">\u00cdnfimas Cuant\u00edas<\/a><\/li>\n<\/ul>\n<h3><strong>\u00a0Ejecuci\u00f3n del Presupuesto<\/strong><\/h3>\n<ul>\n<li><a href=\"https:\/\/www.unemi.edu.ec\/wp-content\/uploads\/2025\/05\/1.1.-APROBACION-DE-PRESUPUESTO-2023.pdf\">Aprobaci\u00f3n del presupuesto por OCS<\/a><\/li>\n<li><a href=\"https:\/\/www.unemi.edu.ec\/wp-content\/uploads\/2025\/05\/1.2.-REDISTRIBUCION-AL-PRESUPUESTO-2023.pdf\">Aprobaci\u00f3n de redistribuci\u00f3n del presupuesto por OCS<\/a><\/li>\n<li><a href=\"https:\/\/www.unemi.edu.ec\/index.php\/documentos-institucionales-2023\/informacion-financiera-2023\/reporte-de-gastos-2023\/\">Reporte de Gastos 2023<\/a><\/li>\n<li><a href=\"https:\/\/www.unemi.edu.ec\/index.php\/documentos-institucionales-2023\/informacion-financiera-2023\/cedulas-presupuestarias-2023\/\">C\u00e9dulas Presupuestarias 2023<\/a><\/li>\n<li><a href=\"https:\/\/www.unemi.edu.ec\/index.php\/documentos-institucionales-2023\/informacion-financiera-2023\/listado-de-destinatarios-de-recursos-2023\/\">Listado de destinatarios de recursos 2023<\/a><\/li>\n<li><a href=\"https:\/\/www.unemi.edu.ec\/wp-content\/uploads\/2023\/03\/Presupuesto-Liquidado-2022.pdf\">Presupuesto 2022 liquidado<\/a><\/li>\n<li><a href=\"https:\/\/www.unemi.edu.ec\/index.php\/documentos-institucionales-2023\/informacion-financiera-2023\/viaticos-2023\/\">Vi\u00e1ticos<\/a><\/li>\n<\/ul>\n<h3><strong>Obligaciones Tributarias<\/strong><\/h3>\n<ul>\n<li><a href=\"https:\/\/www.unemi.edu.ec\/wp-content\/uploads\/2024\/01\/Certificado_Cumplimiento_Tributario-UNEMI-2023.pdf\">Certificado de Cumplimiento Tributario<\/a><\/li>\n<\/ul>\n<h3><strong>Estados financieros auditados<\/strong><\/h3>\n<ul>\n<li><a href=\"https:\/\/www.unemi.edu.ec\/wp-content\/uploads\/2025\/10\/Informe-y-Estados-Financieros-Auditados-ano-2023.pdf\">Informe y estados financieros auditados 2023<\/a><\/li>\n<\/ul>\n[\/vc_column_text][\/vc_column][\/vc_row]\n","protected":false},"excerpt":{"rendered":"<p>[vc_row][vc_column][vc_column_text] Presupuesto Anual de la Instituci\u00f3n Procesos de Contrataci\u00f3n Procesos de compras \u00cdnfimas Cuant\u00edas \u00a0Ejecuci\u00f3n del Presupuesto Aprobaci\u00f3n del presupuesto por OCS Aprobaci\u00f3n de redistribuci\u00f3n del presupuesto por OCS Reporte [&hellip;]<\/p>\n","protected":false},"author":35,"featured_media":0,"parent":34071,"menu_order":0,"comment_status":"closed","ping_status":"closed","template":"","meta":{"_joinchat":[],"footnotes":""},"class_list":["post-34069","page","type-page","status-publish","hentry"],"_links":{"self":[{"href":"https:\/\/www.unemi.edu.ec\/index.php\/wp-json\/wp\/v2\/pages\/34069","targetHints":{"allow":["GET"]}}],"collection":[{"href":"https:\/\/www.unemi.edu.ec\/index.php\/wp-json\/wp\/v2\/pages"}],"about":[{"href":"https:\/\/www.unemi.edu.ec\/index.php\/wp-json\/wp\/v2\/types\/page"}],"author":[{"embeddable":true,"href":"https:\/\/www.unemi.edu.ec\/index.php\/wp-json\/wp\/v2\/users\/35"}],"replies":[{"embeddable":true,"href":"https:\/\/www.unemi.edu.ec\/index.php\/wp-json\/wp\/v2\/comments?post=34069"}],"version-history":[{"count":16,"href":"https:\/\/www.unemi.edu.ec\/index.php\/wp-json\/wp\/v2\/pages\/34069\/revisions"}],"predecessor-version":[{"id":50387,"href":"https:\/\/www.unemi.edu.ec\/index.php\/wp-json\/wp\/v2\/pages\/34069\/revisions\/50387"}],"up":[{"embeddable":true,"href":"https:\/\/www.unemi.edu.ec\/index.php\/wp-json\/wp\/v2\/pages\/34071"}],"wp:attachment":[{"href":"https:\/\/www.unemi.edu.ec\/index.php\/wp-json\/wp\/v2\/media?parent=34069"}],"curies":[{"name":"wp","href":"https:\/\/api.w.org\/{rel}","templated":true}]}}