{"id":34065,"date":"2023-01-15T16:14:23","date_gmt":"2023-01-15T21:14:23","guid":{"rendered":"https:\/\/www.unemi.edu.ec\/?page_id=34065"},"modified":"2024-01-10T09:40:52","modified_gmt":"2024-01-10T14:40:52","slug":"cedulas-presupuestarias-2023","status":"publish","type":"page","link":"https:\/\/www.unemi.edu.ec\/index.php\/documentos-institucionales-2023\/informacion-financiera-2023\/cedulas-presupuestarias-2023\/","title":{"rendered":"C\u00e9dulas Presupuestarias 2023"},"content":{"rendered":"<p><a href=\"https:\/\/www.unemi.edu.ec\/wp-content\/uploads\/2023\/02\/Cedula_Gasto_Enero2023.pdf\">C\u00e9dula presupuestaria enero 2023<\/a><br \/>\n<a href=\"https:\/\/www.unemi.edu.ec\/wp-content\/uploads\/2023\/03\/cedula_febrero_2023.pdf\">C\u00e9dula presupuestaria febrero 2023<\/a><br \/>\n<a href=\"https:\/\/www.unemi.edu.ec\/wp-content\/uploads\/2023\/07\/para_informe_marzo_2023-1.pdf\">C\u00e9dula presupuestaria marzo 2023<\/a><br \/>\n<a href=\"https:\/\/www.unemi.edu.ec\/wp-content\/uploads\/2023\/05\/cedula_de_gastos_abril_2023.pdf\">C\u00e9dula presupuestaria abril 2023<\/a><br \/>\n<a href=\"https:\/\/www.unemi.edu.ec\/wp-content\/uploads\/2023\/06\/cedula_de_gastos_mayo_2023.pdf\">C\u00e9dula presupuestaria mayo 2023<\/a><br \/>\n<a href=\"https:\/\/www.unemi.edu.ec\/wp-content\/uploads\/2023\/07\/Cedula_de_gasto_junio_2023.pdf\">C\u00e9dula presupuestaria junio 2023<\/a><br \/>\n<a href=\"https:\/\/www.unemi.edu.ec\/wp-content\/uploads\/2023\/08\/cedula_de_gastos_julio_2023.pdf\">C\u00e9dula presupuestaria julio 2023<\/a><br \/>\n<a href=\"https:\/\/www.unemi.edu.ec\/wp-content\/uploads\/2023\/09\/Cedula_presupuestaria_agosto_2023.pdf\">C\u00e9dula presupuestaria agosto 2023<\/a><br \/>\n<a href=\"https:\/\/www.unemi.edu.ec\/wp-content\/uploads\/2023\/10\/cedula-gastos-1.pdf\">C\u00e9dula presupuestaria septiembre 2023<\/a><br \/>\n<a href=\"https:\/\/www.unemi.edu.ec\/wp-content\/uploads\/2023\/11\/cedula_de_gasto_octubre_2023.pdf\">C\u00e9dula presupuestaria octubre 2023<\/a><br \/>\n<a href=\"https:\/\/www.unemi.edu.ec\/wp-content\/uploads\/2023\/12\/CEDULA_DE_GASTOS_NOVIEMBRE_2023.pdf\">C\u00e9dula presupuestaria noviembre 2023<\/a><br \/>\n<a href=\"https:\/\/www.unemi.edu.ec\/wp-content\/uploads\/2024\/01\/Cedula_de_gastos_diciembre_2023.pdf\">C\u00e9dula presupuestaria diciembre 2023<\/a><\/p>\n","protected":false},"excerpt":{"rendered":"<p>C\u00e9dula presupuestaria enero 2023 C\u00e9dula presupuestaria febrero 2023 C\u00e9dula presupuestaria marzo 2023 C\u00e9dula presupuestaria abril 2023 C\u00e9dula presupuestaria mayo 2023 C\u00e9dula presupuestaria junio 2023 C\u00e9dula presupuestaria julio 2023 C\u00e9dula presupuestaria [&hellip;]<\/p>\n","protected":false},"author":35,"featured_media":0,"parent":34069,"menu_order":0,"comment_status":"closed","ping_status":"closed","template":"","meta":{"_joinchat":[],"footnotes":""},"class_list":["post-34065","page","type-page","status-publish","hentry"],"_links":{"self":[{"href":"https:\/\/www.unemi.edu.ec\/index.php\/wp-json\/wp\/v2\/pages\/34065","targetHints":{"allow":["GET"]}}],"collection":[{"href":"https:\/\/www.unemi.edu.ec\/index.php\/wp-json\/wp\/v2\/pages"}],"about":[{"href":"https:\/\/www.unemi.edu.ec\/index.php\/wp-json\/wp\/v2\/types\/page"}],"author":[{"embeddable":true,"href":"https:\/\/www.unemi.edu.ec\/index.php\/wp-json\/wp\/v2\/users\/35"}],"replies":[{"embeddable":true,"href":"https:\/\/www.unemi.edu.ec\/index.php\/wp-json\/wp\/v2\/comments?post=34065"}],"version-history":[{"count":13,"href":"https:\/\/www.unemi.edu.ec\/index.php\/wp-json\/wp\/v2\/pages\/34065\/revisions"}],"predecessor-version":[{"id":38545,"href":"https:\/\/www.unemi.edu.ec\/index.php\/wp-json\/wp\/v2\/pages\/34065\/revisions\/38545"}],"up":[{"embeddable":true,"href":"https:\/\/www.unemi.edu.ec\/index.php\/wp-json\/wp\/v2\/pages\/34069"}],"wp:attachment":[{"href":"https:\/\/www.unemi.edu.ec\/index.php\/wp-json\/wp\/v2\/media?parent=34065"}],"curies":[{"name":"wp","href":"https:\/\/api.w.org\/{rel}","templated":true}]}}