{"id":33304,"date":"2022-12-01T09:28:30","date_gmt":"2022-12-01T14:28:30","guid":{"rendered":"https:\/\/www.unemi.edu.ec\/?page_id=33304"},"modified":"2025-09-30T15:01:50","modified_gmt":"2025-09-30T20:01:50","slug":"requisitos-para-el-proceso-de-reingreso-reconocimiento-u-homologacion-de-estudios-de-tercer-nivel","status":"publish","type":"page","link":"https:\/\/www.unemi.edu.ec\/index.php\/admision\/requisitos-para-el-proceso-de-reingreso-reconocimiento-u-homologacion-de-estudios-de-tercer-nivel\/","title":{"rendered":"Requisitos para el proceso de Reingreso, Reconocimiento u Homologaci\u00f3n de estudios de Tercer Nivel"},"content":{"rendered":"[vc_row][vc_column width=&#8221;3\/4&#8243;][vc_column_text]\n<h1 style=\"text-align: justify;\"><strong><span style=\"font-size: 24pt;\">Requisitos<\/span><\/strong><\/h1>\n<ol style=\"text-align: justify;\">\n<li><strong>Solicitud de homologaci\u00f3n de estudios.<\/strong><br \/>\n<strong>\u2022 <\/strong>Descargar archivo: <a href=\"https:\/\/www.unemi.edu.ec\/wp-content\/uploads\/2025\/09\/1-Solicitud-de-Homologacion-de-Estudios.docx\">https:\/\/www.unemi.edu.ec\/wp-content\/uploads\/2025\/09\/1-Solicitud-de-Homologacion-de-Estudios.docx<\/a><\/li>\n<li>Certificado de estudios otorgado por la Facultad o Coordinaci\u00f3n Acad\u00e9mica donde estudi\u00f3. Este documento deber\u00e1 contener lo siguiente: niveles, a\u00f1os de estudio, nombre de las asignaturas, calificaci\u00f3n obtenida en cada una de las asignaturas, estado de cada una de las asignaturas (<strong>aprobada<\/strong> o <strong>reprobada<\/strong>). En el caso de cambio de IES. (En hoja membretada,firmada y sellada por la instituci\u00f3n de donde proviene).<\/li>\n<li>S\u00edlabos de las asignaturas, cursos o equivalentes aprobadas ((legalizada con firma y sello).<\/li>\n<li>Certificado del sistema o escala de calificaciones utilizada en la instituci\u00f3n de donde proviene, que incluya la nota m\u00ednima para aprobaci\u00f3n de asignatura, curso o equivalente<\/li>\n<li>Malla curricular de la carrera cursada (legalizada con firma y sello)<\/li>\n<li>T\u00edtulo profesional a color. (<strong>Deben entregar s\u00f3lo quienes poseen un t\u00edtulo profesional registrado en la Senescyt<\/strong>).<\/li>\n<li>Registro del t\u00edtulo profesional en la p\u00e1gina de la Senescyt a color. (<strong>Deben entregar s\u00f3lo quienes poseen un t\u00edtulo profesional registrado en la Senescyt<\/strong>).<\/li>\n<li><strong>Declaraci\u00f3n de veracidad de los documentos presentados (No notariada).<\/strong><br \/>\n\u2022 Descargar formato: <a href=\"https:\/\/www.unemi.edu.ec\/wp-content\/uploads\/2025\/09\/2-Declaracion-de-Veracidad-de-documentos-homologacion.docx\">https:\/\/www.unemi.edu.ec\/wp-content\/uploads\/2025\/09\/2-Declaracion-de-Veracidad-de-documentos-homologacion.docx<\/a><\/li>\n<\/ol>\n<h3 style=\"text-align: justify;\"><strong>IMPORTANTE:<\/strong><\/h3>\n<ul style=\"text-align: justify;\">\n<li><span>Los documentos deben ser escaneados a color, legibles y deben ser subidos individualmente por cada requisito, en digital en formato .PDF con un peso que no supere los 2 MB.<\/span><\/li>\n<li><span>Para subir los requisitos, los\u00a0estudiantes de la UNEMI\u00a0deber\u00e1n ingresar al Sistema de Gesti\u00f3n Acad\u00e9mica (SGA)\u00a0<\/span><a href=\"https:\/\/sga.unemi.edu.ec\/loginsga?ret=\/\" data-saferedirecturl=\"https:\/\/www.google.com\/url?q=https:\/\/sga.unemi.edu.ec\/loginsga?ret%3D\/&amp;source=gmail&amp;ust=1725039092175000&amp;usg=AOvVaw0tLuL0ubCPoxxZB9RUaLci\" target=\"_blank\" rel=\"noopener\"><span>https:\/\/sga.unemi.edu.ec\/<\/span><\/a><span>, m\u00f3dulo:\u00a0<strong>Homologaci\u00f3n de asignaturas.<\/strong><\/span><\/li>\n<li><span>La recepci\u00f3n y carga de documentos deber\u00e1 ser realizada dentro de las fechas establecidas en el cronograma acad\u00e9mico aprobado por nuestra instituci\u00f3n para el per\u00edodo de entrega de requisitos.<\/span><\/li>\n<\/ul>\n<p>&nbsp;<\/p>\n<h3 style=\"text-align: justify;\"><strong>Normativa vigente a considerar para el proceso de Reingreso, Reconocimiento u Homologaci\u00f3n de estudios de Tercer Nivel:<\/strong><\/h3>\n<p style=\"text-align: justify;\">El <strong>Reglamento de R\u00e9gimen Acad\u00e9mico<\/strong> vigente emitido por el CES, establece que:<\/p>\n<p style=\"text-align: justify;\"><span style=\"font-weight: 400;\"><strong>Art\u00edculo 98<\/strong>, determina que:<em> \u201cLas IES podr\u00e1n dise\u00f1ar e implementar mecanismos de reconocimiento de horas y\/o cr\u00e9ditos entre carreras o programas, para facilitar la movilidad interna, cambios de carrera, estudios avanzados de estudiantes de grado, y transiciones en procesos de redise\u00f1o curricular. En este \u00faltimo caso, las IES podr\u00e1n acreditar los avances de un estudiante en la nueva carrera o programa redise\u00f1ado, buscando que el tiempo de titulaci\u00f3n del estudiante no se incremente. A su vez buscar\u00e1n evitar que existan dos o m\u00e1s mallas vigentes de la misma carrera o programa\u201d;<\/em><\/span><\/p>\n<p style=\"text-align: justify;\"><span style=\"font-weight: 400;\"><strong>Art\u00edculo 99<\/strong>, determina que: <em>\u201cLa homologaci\u00f3n consiste en la transferencia de horas acad\u00e9micas o cr\u00e9ditos, de asignaturas aprobadas; conocimientos validados mediante examen; o, reconocimiento de trayectorias profesionales; con fines de movilidad entre IES nacionales e internacionales o para reingreso. Esta transferencia puede realizarse en carreras o programas del mismo nivel o de un nivel formativo a otro. La homologaci\u00f3n podr\u00e1 aplicarse del nivel de Bachillerato hacia la educaci\u00f3n superior s\u00f3lo en casos de estudios avanzados como, por ejemplo, Bachillerato Internacional (BI); Bachillerato T\u00e9cnico Productivo (BTP); cursos de Advanced Placement (AP) u otros con reconocimiento internacional, bajo los mecanismos que cada IES determine. (\u2026)&#8221;<\/em><\/span><\/p>\n<p style=\"text-align: justify;\">El <strong>Instructivo para el Reingreso, Reconocimiento u Homologaci\u00f3n de estudios de Tercer Nivel de la UNEMI<\/strong>, establece que:<\/p>\n<p style=\"text-align: justify;\"><span style=\"font-weight: 400;\"><strong>Art\u00edculo 31.-<\/strong> <em>La homologaci\u00f3n consiste en la transferencia de horas acad\u00e9micas o cr\u00e9ditos, de asignaturas, cursos o sus equivalentes aprobados; conocimientos validados mediante examen; o, reconocimiento de trayectorias profesionales; con fines de movilidad entre IES nacionales e internacionales o para reingreso. Esta transferencia puede realizarse en carreras del mismo nivel o de un nivel formativo a otro.<\/em><\/span><\/p>\n<p style=\"text-align: justify;\"><strong>Art\u00edculo 32.- <em>Mecanismos de Homologaci\u00f3n. <\/em><\/strong><\/p>\n<p style=\"text-align: justify;\"><span style=\"font-weight: 400;\"><em>La homologaci\u00f3n se realizar\u00e1 mediante los siguientes mecanismos:<\/em><\/span><\/p>\n<ul>\n<li style=\"text-align: justify;\"><em><span style=\"font-weight: 400;\">a) An\u00e1lisis comparativo de contenidos<\/span><\/em><\/li>\n<li style=\"text-align: justify;\"><em><span style=\"font-weight: 400;\">b) Validaci\u00f3n de conocimientos<\/span><\/em><\/li>\n<li style=\"text-align: justify;\"><em><span style=\"font-weight: 400;\">c) Validaci\u00f3n de trayectorias profesionales<\/span><\/em><\/li>\n<\/ul>\n[\/vc_column_text][gt3_spacing height=&#8221;32px&#8221;][\/vc_column][vc_column width=&#8221;1\/4&#8243;][vc_wp_custommenu nav_menu=&#8221;69&#8243;][\/vc_column][\/vc_row]\n","protected":false},"excerpt":{"rendered":"<p>[vc_row][vc_column width=&#8221;3\/4&#8243;][vc_column_text] Requisitos Solicitud de homologaci\u00f3n de estudios. \u2022 Descargar archivo: https:\/\/www.unemi.edu.ec\/wp-content\/uploads\/2025\/09\/1-Solicitud-de-Homologacion-de-Estudios.docx Certificado de estudios otorgado por la Facultad o Coordinaci\u00f3n Acad\u00e9mica donde estudi\u00f3. Este documento deber\u00e1 contener lo siguiente: [&hellip;]<\/p>\n","protected":false},"author":35,"featured_media":0,"parent":7091,"menu_order":0,"comment_status":"closed","ping_status":"closed","template":"","meta":{"_joinchat":[],"footnotes":""},"class_list":["post-33304","page","type-page","status-publish","hentry"],"_links":{"self":[{"href":"https:\/\/www.unemi.edu.ec\/index.php\/wp-json\/wp\/v2\/pages\/33304","targetHints":{"allow":["GET"]}}],"collection":[{"href":"https:\/\/www.unemi.edu.ec\/index.php\/wp-json\/wp\/v2\/pages"}],"about":[{"href":"https:\/\/www.unemi.edu.ec\/index.php\/wp-json\/wp\/v2\/types\/page"}],"author":[{"embeddable":true,"href":"https:\/\/www.unemi.edu.ec\/index.php\/wp-json\/wp\/v2\/users\/35"}],"replies":[{"embeddable":true,"href":"https:\/\/www.unemi.edu.ec\/index.php\/wp-json\/wp\/v2\/comments?post=33304"}],"version-history":[{"count":11,"href":"https:\/\/www.unemi.edu.ec\/index.php\/wp-json\/wp\/v2\/pages\/33304\/revisions"}],"predecessor-version":[{"id":50237,"href":"https:\/\/www.unemi.edu.ec\/index.php\/wp-json\/wp\/v2\/pages\/33304\/revisions\/50237"}],"up":[{"embeddable":true,"href":"https:\/\/www.unemi.edu.ec\/index.php\/wp-json\/wp\/v2\/pages\/7091"}],"wp:attachment":[{"href":"https:\/\/www.unemi.edu.ec\/index.php\/wp-json\/wp\/v2\/media?parent=33304"}],"curies":[{"name":"wp","href":"https:\/\/api.w.org\/{rel}","templated":true}]}}