{"id":33261,"date":"2022-11-23T08:54:57","date_gmt":"2022-11-23T13:54:57","guid":{"rendered":"https:\/\/www.unemi.edu.ec\/?page_id=33261"},"modified":"2022-12-15T15:26:33","modified_gmt":"2022-12-15T20:26:33","slug":"semillero-de-enfermedades-infecciosas-microbiologia-molecular","status":"publish","type":"page","link":"https:\/\/www.unemi.edu.ec\/index.php\/grupos-de-investigacion\/semillero-de-enfermedades-infecciosas-microbiologia-molecular\/","title":{"rendered":"Semillero de Enfermedades Infecciosas: Microbiolog\u00eda Molecular"},"content":{"rendered":"<h2>L\u00edneas de Investigaci\u00f3n<\/h2>\n<ul>\n<li>Salud y Bienestar Humano Integral<\/li>\n<\/ul>\n<h2>Objetivos<\/h2>\n<p><span data-sheets-value=\"{&quot;1&quot;:2,&quot;2&quot;:&quot;Impulsar la Investigaci\u00f3n Docente de excelencia en Biomedicina y Ciencias de la Salud en la\\nUniversidad Estatal de Milagro, mediante los proyectos de Vinculaci\u00f3n y Doctorados.&quot;}\" data-sheets-userformat=\"{&quot;2&quot;:14847,&quot;3&quot;:{&quot;1&quot;:0,&quot;3&quot;:1},&quot;4&quot;:{&quot;1&quot;:2,&quot;2&quot;:16776960},&quot;5&quot;:{&quot;1&quot;:[{&quot;1&quot;:2,&quot;2&quot;:0,&quot;5&quot;:{&quot;1&quot;:2,&quot;2&quot;:0}},{&quot;1&quot;:0,&quot;2&quot;:0,&quot;3&quot;:3},{&quot;1&quot;:1,&quot;2&quot;:0,&quot;4&quot;:1}]},&quot;6&quot;:{&quot;1&quot;:[{&quot;1&quot;:2,&quot;2&quot;:0,&quot;5&quot;:{&quot;1&quot;:2,&quot;2&quot;:0}},{&quot;1&quot;:0,&quot;2&quot;:0,&quot;3&quot;:3},{&quot;1&quot;:1,&quot;2&quot;:0,&quot;4&quot;:1}]},&quot;7&quot;:{&quot;1&quot;:[{&quot;1&quot;:2,&quot;2&quot;:0,&quot;5&quot;:{&quot;1&quot;:2,&quot;2&quot;:0}},{&quot;1&quot;:0,&quot;2&quot;:0,&quot;3&quot;:3},{&quot;1&quot;:1,&quot;2&quot;:0,&quot;4&quot;:1}]},&quot;8&quot;:{&quot;1&quot;:[{&quot;1&quot;:2,&quot;2&quot;:0,&quot;5&quot;:{&quot;1&quot;:2,&quot;2&quot;:0}},{&quot;1&quot;:0,&quot;2&quot;:0,&quot;3&quot;:3},{&quot;1&quot;:1,&quot;2&quot;:0,&quot;4&quot;:1}]},&quot;9&quot;:0,&quot;10&quot;:1,&quot;11&quot;:4,&quot;14&quot;:{&quot;1&quot;:3,&quot;3&quot;:1},&quot;15&quot;:&quot;Calibri&quot;,&quot;16&quot;:9}\">Impulsar la Investigaci\u00f3n Docente de excelencia en Biomedicina y Ciencias de la Salud en laUniversidad Estatal de Milagro, mediante los proyectos de Vinculaci\u00f3n y Doctorados.<\/span><\/p>\n<h2><span data-sheets-value=\"{&quot;1&quot;:2,&quot;2&quot;:&quot;Descripci\u00f3n&quot;}\" data-sheets-userformat=\"{&quot;2&quot;:14417,&quot;3&quot;:{&quot;1&quot;:0,&quot;3&quot;:1},&quot;7&quot;:{&quot;1&quot;:[{&quot;1&quot;:2,&quot;2&quot;:0,&quot;5&quot;:{&quot;1&quot;:2,&quot;2&quot;:0}},{&quot;1&quot;:0,&quot;2&quot;:0,&quot;3&quot;:3},{&quot;1&quot;:1,&quot;2&quot;:0,&quot;4&quot;:1}]},&quot;9&quot;:1,&quot;14&quot;:{&quot;1&quot;:3,&quot;3&quot;:1},&quot;15&quot;:&quot;Calibri&quot;,&quot;16&quot;:11}\">Descripci\u00f3n<\/span><\/h2>\n<p><span data-sheets-value=\"{&quot;1&quot;:2,&quot;2&quot;:&quot;El grupo de investigaci\u00f3n de \u201cENFERMEDADES INFECIOSAS\u201d de la Facultad de\\nSalud y Ciencias Sociales Coordinado por MSc. Betty Judith Pazmi\u00f1o G\u00f3mez Docente\\nde Microbiolog\u00eda y Parasitolog\u00eda de Facultad de Salud ha sido propuesto como una\\nnueva \u00e1rea en el campo de la investigaci\u00f3n biom\u00e9dica de enfermedades infecciosas que\\nafectan a la salud de la comunidad &quot;}\" data-sheets-userformat=\"{&quot;2&quot;:14847,&quot;3&quot;:{&quot;1&quot;:0,&quot;3&quot;:1},&quot;4&quot;:{&quot;1&quot;:2,&quot;2&quot;:16776960},&quot;5&quot;:{&quot;1&quot;:[{&quot;1&quot;:2,&quot;2&quot;:0,&quot;5&quot;:{&quot;1&quot;:2,&quot;2&quot;:0}},{&quot;1&quot;:0,&quot;2&quot;:0,&quot;3&quot;:3},{&quot;1&quot;:1,&quot;2&quot;:0,&quot;4&quot;:1}]},&quot;6&quot;:{&quot;1&quot;:[{&quot;1&quot;:2,&quot;2&quot;:0,&quot;5&quot;:{&quot;1&quot;:2,&quot;2&quot;:0}},{&quot;1&quot;:0,&quot;2&quot;:0,&quot;3&quot;:3},{&quot;1&quot;:1,&quot;2&quot;:0,&quot;4&quot;:1}]},&quot;7&quot;:{&quot;1&quot;:[{&quot;1&quot;:2,&quot;2&quot;:0,&quot;5&quot;:{&quot;1&quot;:2,&quot;2&quot;:0}},{&quot;1&quot;:0,&quot;2&quot;:0,&quot;3&quot;:3},{&quot;1&quot;:1,&quot;2&quot;:0,&quot;4&quot;:1}]},&quot;8&quot;:{&quot;1&quot;:[{&quot;1&quot;:2,&quot;2&quot;:0,&quot;5&quot;:{&quot;1&quot;:2,&quot;2&quot;:0}},{&quot;1&quot;:0,&quot;2&quot;:0,&quot;3&quot;:3},{&quot;1&quot;:1,&quot;2&quot;:0,&quot;4&quot;:1}]},&quot;9&quot;:0,&quot;10&quot;:1,&quot;11&quot;:4,&quot;14&quot;:{&quot;1&quot;:3,&quot;3&quot;:1},&quot;15&quot;:&quot;Calibri&quot;,&quot;16&quot;:11}\">El grupo de investigaci\u00f3n de \u201cENFERMEDADES INFECIOSAS\u201d de la Facultad de Salud y Ciencias Sociales Coordinado por MSc. Betty Judith Pazmi\u00f1o G\u00f3mez Docente de Microbiolog\u00eda y Parasitolog\u00eda de Facultad de Salud ha sido propuesto como una nueva \u00e1rea en el campo de la investigaci\u00f3n biom\u00e9dica de enfermedades infecciosas que afectan a la salud de la comunidad <\/span><\/p>\n<p>&nbsp;<\/p>\n<table style=\"height: 386px; width: 51.9399%;\" width=\"771\">\n<tbody>\n<tr>\n<td style=\"text-align: center; width: 98.961%;\" colspan=\"2\">\n<h3><strong>Equipo investigador<\/strong><\/h3>\n<\/td>\n<\/tr>\n<tr>\n<td style=\"width: 56.8831%; text-align: left;\"><strong>Integrantes<\/strong><\/td>\n<td style=\"width: 42.0779%; text-align: left;\"><strong>Rol<\/strong><\/td>\n<\/tr>\n<tr>\n<td style=\"width: 56.8831%; text-align: left;\"><span data-sheets-value=\"{&quot;1&quot;:2,&quot;2&quot;:&quot;BETTY PAZMI\u00d1O G\u00d3MEZ&quot;}\" data-sheets-userformat=\"{&quot;2&quot;:14847,&quot;3&quot;:{&quot;1&quot;:0,&quot;3&quot;:1},&quot;4&quot;:{&quot;1&quot;:2,&quot;2&quot;:16776960},&quot;5&quot;:{&quot;1&quot;:[{&quot;1&quot;:2,&quot;2&quot;:0,&quot;5&quot;:{&quot;1&quot;:2,&quot;2&quot;:0}},{&quot;1&quot;:0,&quot;2&quot;:0,&quot;3&quot;:3},{&quot;1&quot;:1,&quot;2&quot;:0,&quot;4&quot;:1}]},&quot;6&quot;:{&quot;1&quot;:[{&quot;1&quot;:2,&quot;2&quot;:0,&quot;5&quot;:{&quot;1&quot;:2,&quot;2&quot;:0}},{&quot;1&quot;:0,&quot;2&quot;:0,&quot;3&quot;:3},{&quot;1&quot;:1,&quot;2&quot;:0,&quot;4&quot;:1}]},&quot;7&quot;:{&quot;1&quot;:[{&quot;1&quot;:2,&quot;2&quot;:0,&quot;5&quot;:{&quot;1&quot;:2,&quot;2&quot;:0}},{&quot;1&quot;:0,&quot;2&quot;:0,&quot;3&quot;:3},{&quot;1&quot;:1,&quot;2&quot;:0,&quot;4&quot;:1}]},&quot;8&quot;:{&quot;1&quot;:[{&quot;1&quot;:2,&quot;2&quot;:0,&quot;5&quot;:{&quot;1&quot;:0}},{&quot;1&quot;:0,&quot;2&quot;:0,&quot;3&quot;:3},{&quot;1&quot;:1,&quot;2&quot;:0,&quot;4&quot;:1}]},&quot;9&quot;:1,&quot;10&quot;:1,&quot;11&quot;:4,&quot;14&quot;:{&quot;1&quot;:3,&quot;3&quot;:1},&quot;15&quot;:&quot;Calibri&quot;,&quot;16&quot;:9}\">Betty Pazmi\u00f1o G\u00f3mez\u00a0<\/span><\/td>\n<td style=\"width: 42.0779%; text-align: left;\">Director<\/td>\n<\/tr>\n<tr>\n<td style=\"width: 56.8831%; text-align: left;\"><span>Delma Ver\u00f3n <\/span><\/td>\n<td style=\"width: 42.0779%; text-align: left;\">Investigador<\/td>\n<\/tr>\n<tr>\n<td style=\"width: 56.8831%; text-align: left;\"><span>Edgar Rodas Neira<\/span><\/td>\n<td style=\"width: 42.0779%; text-align: left;\">Investigador<\/td>\n<\/tr>\n<tr>\n<td style=\"width: 56.8831%; text-align: left;\"><span>Wilman Balc\u00e1zar Quim\u00ed <\/span><\/td>\n<td style=\"width: 42.0779%; text-align: left;\">Investigador<\/td>\n<\/tr>\n<tr>\n<td style=\"width: 56.8831%; text-align: left;\"><span>Carmen Yancha Moreta <\/span><\/td>\n<td style=\"width: 42.0779%; text-align: left;\">Investigador<\/td>\n<\/tr>\n<tr>\n<td style=\"width: 56.8831%; text-align: left;\"><span>Gilma Guerrero Lapo <\/span><\/td>\n<td style=\"width: 42.0779%; text-align: left;\">Investigador<\/td>\n<\/tr>\n<tr>\n<td style=\"width: 56.8831%; text-align: left;\"><span>Luis Cagua Monta\u00f1o<\/span><\/td>\n<td style=\"width: 42.0779%; text-align: left;\">Investigador<\/td>\n<\/tr>\n<tr>\n<td style=\"width: 56.8831%; text-align: left;\"><span>Jennifer Rodas Pazmi\u00f1o <\/span><\/td>\n<td style=\"width: 42.0779%; text-align: left;\">Investigador<\/td>\n<\/tr>\n<tr>\n<td style=\"width: 56.8831%; text-align: left;\"><span>Karen Rodas Pazmi\u00f1o <\/span><\/td>\n<td style=\"width: 42.0779%; text-align: left;\">Investigador<\/td>\n<\/tr>\n<tr>\n<td style=\"width: 56.8831%; text-align: left;\"><span>Roberto Coello Peralta <\/span><\/td>\n<td style=\"width: 42.0779%; text-align: left;\">Investigador<\/td>\n<\/tr>\n<tr>\n<td style=\"width: 56.8831%; text-align: left;\"><span>Gabriel Gonz\u00e1lez Quinde<\/span><\/td>\n<td style=\"width: 42.0779%; text-align: left;\">Investigador<\/td>\n<\/tr>\n<tr>\n<td style=\"width: 56.8831%; text-align: left;\"><span>Alfredo D\u00e1vila Zambrano<\/span><\/td>\n<td style=\"width: 42.0779%; text-align: left;\">Investigador<\/td>\n<\/tr>\n<\/tbody>\n<\/table>\n<p>&nbsp;<\/p>\n","protected":false},"excerpt":{"rendered":"<p>L\u00edneas de Investigaci\u00f3n Salud y Bienestar Humano Integral Objetivos Impulsar la Investigaci\u00f3n Docente de excelencia en Biomedicina y Ciencias de la Salud en laUniversidad Estatal de Milagro, mediante los proyectos [&hellip;]<\/p>\n","protected":false},"author":23,"featured_media":0,"parent":6584,"menu_order":0,"comment_status":"closed","ping_status":"closed","template":"","meta":{"_joinchat":[],"footnotes":""},"class_list":["post-33261","page","type-page","status-publish","hentry"],"_links":{"self":[{"href":"https:\/\/www.unemi.edu.ec\/index.php\/wp-json\/wp\/v2\/pages\/33261","targetHints":{"allow":["GET"]}}],"collection":[{"href":"https:\/\/www.unemi.edu.ec\/index.php\/wp-json\/wp\/v2\/pages"}],"about":[{"href":"https:\/\/www.unemi.edu.ec\/index.php\/wp-json\/wp\/v2\/types\/page"}],"author":[{"embeddable":true,"href":"https:\/\/www.unemi.edu.ec\/index.php\/wp-json\/wp\/v2\/users\/23"}],"replies":[{"embeddable":true,"href":"https:\/\/www.unemi.edu.ec\/index.php\/wp-json\/wp\/v2\/comments?post=33261"}],"version-history":[{"count":6,"href":"https:\/\/www.unemi.edu.ec\/index.php\/wp-json\/wp\/v2\/pages\/33261\/revisions"}],"predecessor-version":[{"id":33604,"href":"https:\/\/www.unemi.edu.ec\/index.php\/wp-json\/wp\/v2\/pages\/33261\/revisions\/33604"}],"up":[{"embeddable":true,"href":"https:\/\/www.unemi.edu.ec\/index.php\/wp-json\/wp\/v2\/pages\/6584"}],"wp:attachment":[{"href":"https:\/\/www.unemi.edu.ec\/index.php\/wp-json\/wp\/v2\/media?parent=33261"}],"curies":[{"name":"wp","href":"https:\/\/api.w.org\/{rel}","templated":true}]}}