{"id":32393,"date":"2022-09-07T13:22:42","date_gmt":"2022-09-07T18:22:42","guid":{"rendered":"https:\/\/www.unemi.edu.ec\/?page_id=32393"},"modified":"2025-06-15T15:10:51","modified_gmt":"2025-06-15T20:10:51","slug":"convocatoria-preseleccion-tecnicodocente-facs-sept2022","status":"publish","type":"page","link":"https:\/\/www.unemi.edu.ec\/index.php\/convocatoria-preseleccion-tecnicodocente-facs-sept2022\/","title":{"rendered":"CONVOCATORIA PARA EL PROCESO DE PRESELECCI\u00d3N DE T\u00c9CNICOS DOCENTES: TIEMPO COMPLETO Y MEDIO TIEMPO PARA LA FACULTAD DE SALUD Y SERVICIOS SOCIALES DE LA UNIVERSIDAD ESTATAL DE MILAGRO"},"content":{"rendered":"[vc_row full_width=&#8221;stretch_row&#8221; css=&#8221;.vc_custom_1618632154446{margin-top: -40px !important;background-image: url(https:\/\/www.unemi.edu.ec\/wp-content\/uploads\/2020\/12\/Herader-Web-unemi-junio-2020.png?id=24324) !important;background-position: center !important;background-repeat: no-repeat !important;background-size: cover !important;}&#8221;][vc_column][gt3_spacing height=&#8221;30&#8243;][vc_column_text]\n<h1><span style=\"font-size: 24pt;\"><strong>CONVOCATORIA PARA EL PROCESO DE PRESELECCI\u00d3N<\/strong><\/span><\/h1>\n<p><span style=\"font-size: 14pt;\"><strong>T\u00c9CNICOS DOCENTES:<\/strong> TIEMPO COMPLETO Y MEDIO TIEMPO<br \/>\n<\/span><span style=\"font-size: 18pt;\"><\/span>PARA LA FACULTAD DE SALUD Y SERVICIOS SOCIALES DE LA UNIVERSIDAD ESTATAL DE MILAGRO[\/vc_column_text][gt3_spacing height=&#8221;45px&#8221;][\/vc_column][\/vc_row][vc_row][vc_column width=&#8221;2\/3&#8243;][gt3_spacing height=&#8221;50&#8243;][vc_message message_box_color=&#8221;green&#8221; icon_type=&#8221;pixelicons&#8221; css_animation=&#8221;bounceIn&#8221; icon_pixelicons=&#8221;vc_pixel_icon vc_pixel_icon-tick&#8221;]<strong><span style=\"font-size: 18pt;\"><span style=\"font-size: 20pt;\">La Fase de Postulaci\u00f3n ha finalizado con \u00e9xito.<\/span><br \/>\n<\/span><\/strong><span style=\"font-size: 12pt;\">Los aspirantes ser\u00e1n notificados acerca de las pr\u00f3ximas actividades del proceso, a trav\u00e9s de las direcciones de correo electr\u00f3nico registradas en la plataforma postulate.unemi.edu.ec<\/span>[\/vc_message][gt3_spacing height=&#8221;10&#8243;][vc_column_text]\n<p style=\"text-align: justify;\"><span>La Universidad Estatal de Milagro invita al p\u00fablico en general a participar en el proceso de preselecci\u00f3n de personal de apoyo no titular de la UNEMI, con la finalidad de constituir un banco de elegibles, de conformidad con lo establecido en el Reglamento de Carrera y Escalaf\u00f3n del Profesor e Investigador del Sistema de Educaci\u00f3n Superior, la Ley Org\u00e1nica de Educaci\u00f3n Superior y la Normativa Interna de la UNEMI.<\/span><\/p>\n[\/vc_column_text][gt3_spacing height=&#8221;32px&#8221;][vc_custom_heading text=&#8221;ETAPA DE PRESELECCI\u00d3N&#8221; font_container=&#8221;tag:h2|text_align:center&#8221; google_fonts=&#8221;font_family:Montserrat%3Aregular%2C700|font_style:700%20bold%20regular%3A700%3Anormal&#8221; css_animation=&#8221;none&#8221;][vc_separator el_width=&#8221;80&#8243;][gt3_spacing height=&#8221;32px&#8221;][vc_tta_tabs active_section=&#8221;1&#8243;][vc_tta_section i_icon_fontawesome=&#8221;fas fa-user-friends&#8221; add_icon=&#8221;true&#8221; title=&#8221;T\u00c9CNICOS DOCENTES&#8221; tab_id=&#8221;1618638237563-b7bb14f8-de98&#8243;][vc_column_text]\n<h2>T\u00c9CNICOS DOCENTES<\/h2>\n[\/vc_column_text][gt3_spacing height=&#8221;20&#8243;][vc_column_text]\n<table id=\"tablepress-46\" class=\"tablepress tablepress-id-46\">\n<thead>\n<tr class=\"row-1\">\n\t<th class=\"column-1\"><strong>FACULTAD<\/strong><\/th><th class=\"column-2\"><strong>TIEMPO COMPLETO<\/strong><\/th><th class=\"column-3\"><strong>MEDIO TIEMPO<\/strong><\/th>\n<\/tr>\n<\/thead>\n<tbody class=\"row-striping row-hover\">\n<tr class=\"row-2\">\n\t<td class=\"column-1\">FACULTAD DE SALUD Y SERVICIOS SOCIALES<\/td><td class=\"column-2\">1<\/td><td class=\"column-3\">2<\/td>\n<\/tr>\n<tr class=\"row-3\">\n\t<td class=\"column-1\"><strong>TOTAL<\/strong><\/td><td class=\"column-2\"><strong>1<\/strong><\/td><td class=\"column-3\"><strong>2<\/strong><\/td>\n<\/tr>\n<\/tbody>\n<\/table>\n<!-- #tablepress-46 from cache -->[\/vc_column_text][gt3_spacing height=&#8221;50&#8243;][vc_separator color=&#8221;custom&#8221; style=&#8221;dotted&#8221; border_width=&#8221;3&#8243; accent_color=&#8221;#f7b332&#8243;][gt3_spacing height=&#8221;50&#8243;][vc_column_text]<span style=\"font-size: 18pt;\"><strong>1.- REQUISITOS PARA T\u00c9CNICOS DOCENTES:\u00a0 <\/strong><\/span><\/p>\n<ul>\n<li>a) Tener al menos t\u00edtulo de tercer nivel en el campo de conocimiento vinculado a sus actividades de asistencia a la docencia, debidamente reconocido e inscrito por el \u00d3rgano Rector de la Pol\u00edtica P\u00fablica de Educaci\u00f3n Superior; y,<\/li>\n<li>b) Los dem\u00e1s que determine la IES en el marco de las normas constitucionales y legales vigentes.<\/li>\n<\/ul>\n[\/vc_column_text][\/vc_tta_section][\/vc_tta_tabs][vc_separator color=&#8221;custom&#8221; style=&#8221;dotted&#8221; border_width=&#8221;3&#8243; accent_color=&#8221;#f7b332&#8243;][gt3_spacing height=&#8221;40px&#8221;][vc_column_text]<span style=\"font-size: 18pt;\"><strong>2.- REMUNERACI\u00d3N<\/strong><\/span><\/p>\n<ul>\n<li>La remuneraci\u00f3n estar\u00e1 en funci\u00f3n del cargo al que postule.<\/li>\n<\/ul>\n[\/vc_column_text][gt3_spacing height=&#8221;20&#8243;][vc_column_text]\n<table id=\"tablepress-45\" class=\"tablepress tablepress-id-45\">\n<thead>\n<tr class=\"row-1\">\n\t<th class=\"column-1\">DETALLE<\/th><th class=\"column-2\">RMU<\/th>\n<\/tr>\n<\/thead>\n<tbody class=\"row-striping row-hover\">\n<tr class=\"row-2\">\n\t<td class=\"column-1\">TECNICOS DOCENTES TIEMPO COMPLETO<\/td><td class=\"column-2\">$901,00<\/td>\n<\/tr>\n<tr class=\"row-3\">\n\t<td class=\"column-1\">TECNICOS DOCENTES MEDIO TIEMPO<\/td><td class=\"column-2\">$450,50<\/td>\n<\/tr>\n<\/tbody>\n<\/table>\n<!-- #tablepress-45 from cache -->[\/vc_column_text][gt3_spacing height=&#8221;50&#8243;][vc_column_text]<span style=\"font-size: 18pt;\"><strong>3.- APLICACI\u00d3N<\/strong><\/span><\/p>\n<p>Los aspirantes deber\u00e1n aplicar a trav\u00e9s de la plataforma inform\u00e1tica <strong><a href=\"https:\/\/posgrados.unemi.edu.ec\/loginsga\" target=\"_blank\" rel=\"noopener noreferrer\">postulate.unemi.edu.ec<\/a><\/strong> y llenar el formulario de aplicaci\u00f3n, hasta las 23:59 del 8 de septiembre de 2022.[\/vc_column_text][gt3_spacing height=&#8221;20px&#8221;][vc_separator el_width=&#8221;80&#8243;][gt3_spacing height=&#8221;32px&#8221;][\/vc_column][vc_column width=&#8221;1\/3&#8243;][gt3_spacing height=&#8221;50&#8243;][gt3_button button_title=&#8221;Post\u00falate UNEMI&#8221; button_alignment=&#8221;block&#8221; btn_border_width=&#8221;2px&#8221; btn_icon_type=&#8221;font&#8221; btn_icon_fontawesome=&#8221;fas fa-user-plus&#8221; icon_font_size=&#8221;24&#8243; btn_font_size=&#8221;20&#8243; link=&#8221;url:http%3A%2F%2Fpostulate.unemi.edu.ec|target:_blank&#8221;][gt3_button button_title=&#8221;Cronograma de Preselecci\u00f3n&#8221; button_alignment=&#8221;block&#8221; btn_border_width=&#8221;2px&#8221; btn_icon_type=&#8221;font&#8221; btn_icon_fontawesome=&#8221;fas fa-calendar-day&#8221; icon_font_size=&#8221;24&#8243; btn_font_size=&#8221;20&#8243; link=&#8221;url:https%3A%2F%2Fwww.unemi.edu.ec%2Fwp-content%2Fuploads%2F2022%2F09%2FCRONOGRAMA-PRESELECCION-TECNICOS-DE-SALUD-signed-signed-1.pdf|target:_blank&#8221;][\/vc_column][\/vc_row][vc_row disable_element=&#8221;yes&#8221;][vc_column width=&#8221;2\/3&#8243;][vc_message message_box_color=&#8221;green&#8221; icon_type=&#8221;pixelicons&#8221; css_animation=&#8221;bounceIn&#8221; icon_pixelicons=&#8221;vc_pixel_icon vc_pixel_icon-tick&#8221;]<strong><span style=\"font-size: 18pt;\"><span style=\"font-size: 20pt;\">La Fase de Postulaci\u00f3n ha finalizado con \u00e9xito.<\/span><br \/>\n<\/span><\/strong><span style=\"font-size: 12pt;\">Los aspirantes ser\u00e1n notificados acerca de las pr\u00f3ximas actividades del proceso, a trav\u00e9s de las direcciones de correo electr\u00f3nico registradas en la plataforma postulate.unemi.edu.ec<\/span>[\/vc_message][gt3_spacing height=&#8221;32px&#8221;][gt3_spacing height=&#8221;10&#8243;][vc_separator align=&#8221;align_left&#8221; el_width=&#8221;80&#8243;][gt3_spacing height=&#8221;32px&#8221;][vc_column_text]La Universidad Estatal de Milagro invita al p\u00fablico en general a participar en el proceso de preselecci\u00f3n de profesores y personal de apoyo no titulares de la UNEMI, con la finalidad de constituir un banco de elegibles de profesores y personal de apoyo para el Per\u00edodo Acad\u00e9mico 2021-2022, de conformidad con lo establecido en el Reglamento de Carrera y Escalaf\u00f3n del Profesor e Investigador del Sistema de Educaci\u00f3n Superior, la Ley Org\u00e1nica de Educaci\u00f3n Superior y la Normativa Interna de la UNEMI.[\/vc_column_text][gt3_spacing height=&#8221;32px&#8221;][vc_custom_heading text=&#8221;ETAPA DE PRESELECCI\u00d3N&#8221; font_container=&#8221;tag:h2|text_align:center&#8221; google_fonts=&#8221;font_family:Montserrat%3Aregular%2C700|font_style:700%20bold%20regular%3A700%3Anormal&#8221; css_animation=&#8221;none&#8221;][vc_separator el_width=&#8221;80&#8243;][gt3_spacing height=&#8221;32px&#8221;][vc_tta_tabs active_section=&#8221;1&#8243;][vc_tta_section i_icon_fontawesome=&#8221;fas fa-user-friends&#8221; add_icon=&#8221;true&#8221; title=&#8221;DOCENTE OCASIONAL&#8221; tab_id=&#8221;1651141149776-4907fbbe-01a1&#8243;][vc_column_text]\n<h2>DOCENTE OCASIONAL<\/h2>\n<p>PERIODO JUNIO &#8211; SEPTIEMBRE 2021[\/vc_column_text][gt3_spacing height=&#8221;20&#8243;][vc_column_text]\n<table id=\"tablepress-6\" class=\"tablepress tablepress-id-6\">\n<thead>\n<tr class=\"row-1\">\n\t<th class=\"column-1\"><strong>FACULTAD<\/strong><\/th><th class=\"column-2\"><strong>TIEMPO COMPLETO<\/strong><\/th><th class=\"column-3\"><strong>MEDIO TIEMPO<\/strong><\/th><th class=\"column-4\"><strong>TIEMPO PARCIAL<\/strong><\/th>\n<\/tr>\n<\/thead>\n<tbody class=\"row-striping row-hover\">\n<tr class=\"row-2\">\n\t<td class=\"column-1\">FACULTAD DE SALUD Y SERVICIOS SOCIALES<\/td><td class=\"column-2\">25<\/td><td class=\"column-3\">11<\/td><td class=\"column-4\">1<\/td>\n<\/tr>\n<tr class=\"row-3\">\n\t<td class=\"column-1\">FACULTAD DE CIENCIAS SOCIALES, EDUCACI\u00d3N COMERCIAL Y DERECHO<\/td><td class=\"column-2\">31<\/td><td class=\"column-3\">19<\/td><td class=\"column-4\">-<\/td>\n<\/tr>\n<tr class=\"row-4\">\n\t<td class=\"column-1\">FACULTAD DE EDUCACI\u00d3N<\/td><td class=\"column-2\">27<\/td><td class=\"column-3\">29<\/td><td class=\"column-4\">-<\/td>\n<\/tr>\n<tr class=\"row-5\">\n\t<td class=\"column-1\">FACULTAD DE CIENCIAS E INGENIER\u00cdAS<\/td><td class=\"column-2\">16<\/td><td class=\"column-3\">7<\/td><td class=\"column-4\">-<\/td>\n<\/tr>\n<tr class=\"row-6\">\n\t<td class=\"column-1\"><strong>TOTAL<\/strong><\/td><td class=\"column-2\"><strong>99<\/strong><\/td><td class=\"column-3\"><strong>66<\/strong><\/td><td class=\"column-4\"><strong>1<\/strong><\/td>\n<\/tr>\n<\/tbody>\n<\/table>\n<!-- #tablepress-6 from cache -->[\/vc_column_text][gt3_spacing height=&#8221;10&#8243;][vc_separator color=&#8221;custom&#8221; style=&#8221;dotted&#8221; border_width=&#8221;3&#8243; accent_color=&#8221;#f7b332&#8243;][gt3_spacing height=&#8221;50&#8243;][vc_column_text]<span style=\"font-size: 18pt;\"><strong>1.- REQUISITOS PARA DOCENTES OCASIONALES TIEMPO COMPLETO; MEDIO TIEMPO Y PARCIAL:\u00a0 <\/strong><\/span><\/p>\n<ul>\n<li>T\u00edtulo de cuarto nivel de conformidad al \u00e1rea de conocimiento a la que aplica.<\/li>\n<li>Experiencia docente\/ Experiencia profesional.<\/li>\n<li>Capacitaciones de conformidad al \u00e1rea de conocimiento a la que aplica.<\/li>\n<li>Cumplir con el perfil requerido para el cargo al cual aplica.<\/li>\n<li>Poseer computador\/LAPTOP e INTERNET<\/li>\n<li>Poseer disponibilidad en los horarios establecidos para cada cargo<\/li>\n<\/ul>\n[\/vc_column_text][gt3_spacing height=&#8221;32px&#8221;][vc_column_text]<span style=\"font-size: 18pt;\"><strong>1.1- REMUNERACI\u00d3N<\/strong><\/span><\/p>\n<ul>\n<li>La remuneraci\u00f3n estar\u00e1 en funci\u00f3n del cargo al que postule.<\/li>\n<\/ul>\n[\/vc_column_text][vc_column_text]\n<table id=\"tablepress-3\" class=\"tablepress tablepress-id-3\">\n<thead>\n<tr class=\"row-1\">\n\t<th class=\"column-1\">DETALLE<\/th><th class=\"column-2\">RMU<\/th>\n<\/tr>\n<\/thead>\n<tbody class=\"row-striping row-hover\">\n<tr class=\"row-2\">\n\t<td class=\"column-1\">DOCENTES OCASIONALES TIEMPO COMPLETO<\/td><td class=\"column-2\">$1676,00<\/td>\n<\/tr>\n<tr class=\"row-3\">\n\t<td class=\"column-1\">DOCENTES OCASIONALES MEDIO TIEMPO<\/td><td class=\"column-2\">$838,00<\/td>\n<\/tr>\n<tr class=\"row-4\">\n\t<td class=\"column-1\">DOCENTES OCASIONALES TIEMPO PARCIAL<\/td><td class=\"column-2\">$628,50<\/td>\n<\/tr>\n<\/tbody>\n<\/table>\n<!-- #tablepress-3 from cache -->[\/vc_column_text][gt3_spacing height=&#8221;50&#8243;][vc_row_inner][vc_column_inner][vc_column_text]\n<h2><span style=\"font-size: 18pt;\"><strong>1.2- ACTIVIDADES DOCENTE OCASIONAL<\/strong><\/span><\/h2>\n[\/vc_column_text][gt3_spacing height=&#8221;20&#8243;][vc_cta h2=&#8221;&#8221;]\n<p style=\"text-align: left;\"><span style=\"font-size: 18pt;\"><strong>PERSONAL TIEMPO COMPLETO<br \/>\n<\/strong><span style=\"font-size: 14pt;\">(40 HORAS SEMANALES)<\/span><\/span><\/p>\n<ul>\n<li>24 horas semanales Clases<\/li>\n<li>16 horas semanales (Preparaci\u00f3n y actualizaci\u00f3n de clases, seminarios, talleres, entre otros. Preparaci\u00f3n, elaboraci\u00f3n, aplicaci\u00f3n y calificaci\u00f3n de ex\u00e1menes, trabajos y pr\u00e1cticas.)<\/li>\n<\/ul>\n[\/vc_cta][\/vc_column_inner][vc_column_inner width=&#8221;1\/2&#8243;][vc_cta h2=&#8221;&#8221;]\n<p style=\"text-align: left;\"><span style=\"font-size: 18pt;\"><strong>PERSONAL MEDIO TIEMPO<br \/>\n<\/strong><span style=\"font-size: 14pt;\">(20 HORAS SEMANALES)<\/span><\/span><\/p>\n<ul>\n<li style=\"text-align: left;\">12 horas semanales Clases<\/li>\n<li style=\"text-align: justify;\">8 horas semanales (Preparaci\u00f3n y actualizaci\u00f3n de clases, seminarios, talleres, entre otros. Orientaci\u00f3n y acompa\u00f1amiento a trav\u00e9s de tutor\u00edas presenciales virtuales, individuales o grupales. Preparaci\u00f3n, elaboraci\u00f3n, aplicaci\u00f3n y calificaci\u00f3n de ex\u00e1menes, trabajos y pr\u00e1cticas.)<\/li>\n<\/ul>\n[\/vc_cta][\/vc_column_inner][vc_column_inner width=&#8221;1\/2&#8243;][vc_cta h2=&#8221;&#8221;]<span style=\"font-size: 18pt;\"><strong>PERSONAL TIEMPO PARCIAL<br \/>\n<\/strong><\/span><span style=\"font-size: 18pt;\"><span style=\"font-size: 14pt;\">(15 HORAS SEMANALES)<\/span><\/span><\/p>\n<ul>\n<li>9 horas semanales Clases<\/li>\n<li>6 horas semanales (Preparaci\u00f3n y actualizaci\u00f3n de clases, seminarios, talleres, entre otros. Orientaci\u00f3n y acompa\u00f1amiento a trav\u00e9s de tutor\u00edas presenciales virtuales, individuales o grupales. Preparaci\u00f3n, elaboraci\u00f3n, aplicaci\u00f3n y calificaci\u00f3n de ex\u00e1menes, trabajos y pr\u00e1cticas.)<\/li>\n<\/ul>\n[\/vc_cta][\/vc_column_inner][\/vc_row_inner][\/vc_tta_section][vc_tta_section i_icon_fontawesome=&#8221;fas fa-user-friends&#8221; add_icon=&#8221;true&#8221; title=&#8221;T\u00c9CNICO DOCENTE&#8221; tab_id=&#8221;1651141150245-38c885f0-b5d3&#8243;][vc_column_text]\n<h2>T\u00c9CNICO DOCENTE<\/h2>\n<p>PERIODO JUNIO &#8211; SEPTIEMBRE 2021[\/vc_column_text][gt3_spacing height=&#8221;20&#8243;][vc_column_text]\n<table id=\"tablepress-7\" class=\"tablepress tablepress-id-7\">\n<thead>\n<tr class=\"row-1\">\n\t<th class=\"column-1\"><strong>FACULTAD<\/strong><\/th><th class=\"column-2\"><strong>TIEMPO COMPLETO<\/strong><\/th><th class=\"column-3\"><strong>MEDIO TIEMPO<\/strong><\/th>\n<\/tr>\n<\/thead>\n<tbody class=\"row-striping row-hover\">\n<tr class=\"row-2\">\n\t<td class=\"column-1\">FACULTAD DE CIENCIAS SOCIALES, EDUCACI\u00d3N COMERCIAL Y DERECHO<\/td><td class=\"column-2\">40<\/td><td class=\"column-3\">13<\/td>\n<\/tr>\n<tr class=\"row-3\">\n\t<td class=\"column-1\">FACULTAD DE EDUCACI\u00d3N<\/td><td class=\"column-2\">12<\/td><td class=\"column-3\">33<\/td>\n<\/tr>\n<tr class=\"row-4\">\n\t<td class=\"column-1\">FACULTAD DE CIENCIAS E INGENIER\u00cdAS<\/td><td class=\"column-2\">9<\/td><td class=\"column-3\">3<\/td>\n<\/tr>\n<tr class=\"row-5\">\n\t<td class=\"column-1\"><strong>TOTAL<\/strong><\/td><td class=\"column-2\"><strong>61<\/strong><\/td><td class=\"column-3\"><strong>49<\/strong><\/td>\n<\/tr>\n<\/tbody>\n<\/table>\n<!-- #tablepress-7 from cache -->[\/vc_column_text][gt3_spacing height=&#8221;10&#8243;][vc_separator color=&#8221;custom&#8221; style=&#8221;dotted&#8221; border_width=&#8221;3&#8243; accent_color=&#8221;#f7b332&#8243;][gt3_spacing height=&#8221;50&#8243;][vc_column_text]<span style=\"font-size: 18pt;\"><strong>2.- REQUISITOS PARA T\u00c9CNICOS DOCENTES TIEMPO COMPLETO Y MEDIO TIEMPO:\u00a0 <\/strong><\/span><\/p>\n<ul>\n<li>T\u00edtulo de tercer nivel de conformidad al \u00e1rea de conocimiento a la que aplica<\/li>\n<li>Experiencia docente\/ Experiencia profesional.<\/li>\n<li>Capacitaciones de conformidad al \u00e1rea de conocimiento a la que aplica.<\/li>\n<li>Cumplir con el perfil requerido para el cargo al cual aplica.<\/li>\n<li>Poseer computador\/LAPTOP e INTERNET<\/li>\n<li>Poseer disponibilidad en los horarios establecidos para cada cargo<\/li>\n<\/ul>\n[\/vc_column_text][gt3_spacing height=&#8221;32px&#8221;][vc_column_text]<span style=\"font-size: 18pt;\"><strong>2.1- REMUNERACI\u00d3N<\/strong><\/span><\/p>\n<ul>\n<li>La remuneraci\u00f3n estar\u00e1 en funci\u00f3n del cargo al que postule.<\/li>\n<\/ul>\n[\/vc_column_text][vc_column_text]\n<table id=\"tablepress-8\" class=\"tablepress tablepress-id-8\">\n<thead>\n<tr class=\"row-1\">\n\t<th class=\"column-1\">DETALLE<\/th><th class=\"column-2\">RMU<\/th>\n<\/tr>\n<\/thead>\n<tbody class=\"row-striping row-hover\">\n<tr class=\"row-2\">\n\t<td class=\"column-1\">TECNICOS DOCENTES TIEMPO COMPLETO<\/td><td class=\"column-2\">$901,00<\/td>\n<\/tr>\n<tr class=\"row-3\">\n\t<td class=\"column-1\">TECNICOS DOCENTES MEDIO TIEMPO<\/td><td class=\"column-2\">$450,50<\/td>\n<\/tr>\n<\/tbody>\n<\/table>\n<!-- #tablepress-8 from cache -->[\/vc_column_text][gt3_spacing height=&#8221;50&#8243;][vc_row_inner][vc_column_inner][vc_column_text]\n<h2><span style=\"font-size: 18pt;\"><strong>2.2- ACTIVIDADES PERSONAL DE APOYO <\/strong>(T\u00c9CNICO DOCENTE)<\/span><\/h2>\n[\/vc_column_text][gt3_spacing height=&#8221;20&#8243;][vc_cta h2=&#8221;&#8221;]\n<p style=\"text-align: left;\"><span style=\"font-size: 18pt;\"><strong>T\u00c9CNICO DOCENTE<\/strong><br \/>\n<\/span><\/p>\n<ul>\n<li>Preparaci\u00f3n, elaboraci\u00f3n, aplicaci\u00f3n y calificaci\u00f3n de ex\u00e1menes, evaluaciones, trabajos, pr\u00e1cticas carrera en l\u00ednea<\/li>\n<li>Orientar y acompa\u00f1ar a trav\u00e9s de tutor\u00edas presenciales o virtuales, individuales o grupales &#8211; carrera en l\u00ednea.<\/li>\n<\/ul>\n[\/vc_cta][\/vc_column_inner][\/vc_row_inner][\/vc_tta_section][\/vc_tta_tabs][vc_separator color=&#8221;custom&#8221; style=&#8221;dotted&#8221; border_width=&#8221;3&#8243; accent_color=&#8221;#f7b332&#8243;][gt3_spacing height=&#8221;40px&#8221;][vc_column_text]<span style=\"font-size: 18pt;\"><strong>3.- DEL PROCESO DE PRESELECCI\u00d3N DE DOCENTES OCASIONALES TIEMPO COMPLETO, MEDIO TIEMPO Y TIEMPO PARCIAL \/ T\u00c9CNICOS DOCENTES TIEMPO COMPLETO Y MEDIO TIEMPO<\/strong><\/span><\/p>\n<p>El proceso de preselecci\u00f3n docente tiene dos etapas:<\/p>\n<ol>\n<li><span style=\"font-size: 14pt;\"><strong>Fase de m\u00e9ritos: <\/strong><\/span>Revisi\u00f3n y calificaci\u00f3n de los requisitos acad\u00e9micos registrados en la plataforma.<\/li>\n<li><strong><span style=\"font-size: 14pt;\">Fase de oposici\u00f3n: <\/span><\/strong>Capacitaci\u00f3n: Dentro del proceso de preselecci\u00f3n los participantes que superen la fase de m\u00e9ritos, recibir\u00e1n un Curso Pr\u00e1ctico de Entrenamiento <strong>\u201c<em>Docente en Educaci\u00f3n Superior en L\u00ednea\u201d<\/em><\/strong> (<strong>requisito de contrataci\u00f3n<\/strong>), el cual deben aprobar con m\u00ednimo 70 puntos, que tendr\u00e1 una duraci\u00f3n de 120 horas y ser\u00e1 impartido por profesionales de la Instituci\u00f3n, en este curso los participantes desarrollar\u00e1n competencias t\u00e9cnicas y conductuales necesarias para ocupar el cargo al cual postula.<\/li>\n<\/ol>\n<p><strong>Nota<\/strong>: En el caso que requiera obtener el certificado, el mismo tendr\u00e1 un costo, para lo cual deber\u00e1 contactarse con el departamento de Educaci\u00f3n Continua UNEMI.<\/p>\n<p>Para m\u00e1s informaci\u00f3n del cronograma del proceso, dar<a href=\"https:\/\/www.unemi.edu.ec\/wp-content\/uploads\/2021\/04\/CRONOGRAMA-WEB.pdf\" target=\"_blank\" rel=\"noopener noreferrer\"><strong> click aqu\u00ed<\/strong><\/a>.[\/vc_column_text][gt3_spacing height=&#8221;32px&#8221;][vc_column_text]<span style=\"font-size: 18pt;\"><strong>4.- APLICACI\u00d3N<\/strong><\/span><\/p>\n<p>Los aspirantes deber\u00e1n aplicar a trav\u00e9s de la plataforma inform\u00e1tica <strong><a href=\"https:\/\/posgrados.unemi.edu.ec\/loginsga\" target=\"_blank\" rel=\"noopener noreferrer\">postulate.unemi.edu.ec<\/a><\/strong> y llenar el formulario de aplicaci\u00f3n, desde el 17 de abril hasta las 23:59 del 20 de abril del 2021.<\/p>\n<p>Para m\u00e1s informaci\u00f3n de las \u00e1reas de aplicaci\u00f3n, dar en la opci\u00f3n de inter\u00e9s.[\/vc_column_text][gt3_spacing height=&#8221;20px&#8221;][vc_row_inner][vc_column_inner width=&#8221;1\/2&#8243;][gt3_button button_title=&#8221;Docentes Ocasionales&#8221; button_alignment=&#8221;block&#8221; btn_border_width=&#8221;2px&#8221; btn_icon_type=&#8221;font&#8221; btn_icon_fontawesome=&#8221;fas fa-user-edit&#8221; icon_font_size=&#8221;24&#8243; btn_font_size=&#8221;20&#8243; link=&#8221;target:_blank&#8221;][\/vc_column_inner][vc_column_inner width=&#8221;1\/2&#8243;][gt3_button button_title=&#8221;T\u00e9cnicos Docentes&#8221; button_alignment=&#8221;block&#8221; btn_border_width=&#8221;2px&#8221; btn_icon_type=&#8221;font&#8221; btn_icon_fontawesome=&#8221;fas fa-users-cog&#8221; icon_font_size=&#8221;24&#8243; btn_font_size=&#8221;20&#8243; link=&#8221;target:_blank&#8221;][\/vc_column_inner][\/vc_row_inner][gt3_spacing height=&#8221;32px&#8221;][vc_column_text]<span style=\"font-size: 18pt;\"><strong>5.- RESULTADOS DE PRESELECCI\u00d3N<\/strong><\/span><\/p>\n<p>Los aspirantes que obtengan como m\u00ednimo 70 puntos del total de la calificaci\u00f3n en el curso de entrenamiento <strong>\u201cDocente en Educaci\u00f3n Superior en L\u00ednea\u201d <\/strong>y que aprueben el <strong>Proceso de Evaluaci\u00f3n Psicol\u00f3gica<\/strong>, pasar\u00e1n a la siguiente fase<strong> (Etapa de Selecci\u00f3n).<\/strong>[\/vc_column_text][gt3_spacing height=&#8221;50&#8243;][vc_separator color=&#8221;custom&#8221; style=&#8221;dotted&#8221; border_width=&#8221;3&#8243; accent_color=&#8221;#f7b332&#8243;][gt3_spacing height=&#8221;50&#8243;][vc_custom_heading text=&#8221;ETAPA DE SELECCI\u00d3N&#8221; font_container=&#8221;tag:h2|text_align:center&#8221; google_fonts=&#8221;font_family:Montserrat%3Aregular%2C700|font_style:700%20bold%20regular%3A700%3Anormal&#8221; css_animation=&#8221;none&#8221;][vc_separator el_width=&#8221;80&#8243;][gt3_spacing height=&#8221;32px&#8221;][vc_column_text]<span style=\"font-size: 18pt;\"><strong>6.- SELECCI\u00d3N Y CONTRATACI\u00d3N<\/strong><\/span><\/p>\n<p>Los aspirantes seleccionados <strong>que obtengan el resultado id\u00f3neo en la Etapa de Entrevistas<\/strong> y sean <strong>declarados ganadores del Proceso de Selecci\u00f3n<\/strong>, ser\u00e1n contratados\u00a0en funci\u00f3n de los requerimientos acad\u00e9micos espec\u00edficos de la UNEMI.[\/vc_column_text][gt3_spacing height=&#8221;32px&#8221;][vc_column_text]<span style=\"font-size: 18pt;\"><strong>7.- PROGRAMA DE INDUCCI\u00d3N INSTITUCIONAL<\/strong><\/span><\/p>\n<p>Los contratados, realizar\u00e1n el Programa de Inducci\u00f3n Institucional en las fechas establecidas para el efecto.[\/vc_column_text][gt3_spacing height=&#8221;32px&#8221;][\/vc_column][vc_column width=&#8221;1\/3&#8243;][gt3_spacing height=&#8221;32px&#8221;][gt3_button button_title=&#8221;Post\u00falate UNEMI&#8221; button_alignment=&#8221;block&#8221; btn_border_width=&#8221;2px&#8221; btn_icon_type=&#8221;font&#8221; btn_icon_fontawesome=&#8221;fas fa-user-plus&#8221; icon_font_size=&#8221;24&#8243; btn_font_size=&#8221;20&#8243; link=&#8221;url:http%3A%2F%2Fpostulate.unemi.edu.ec|target:_blank&#8221;][gt3_button button_title=&#8221;Cronograma de Preselecci\u00f3n&#8221; button_alignment=&#8221;block&#8221; btn_border_width=&#8221;2px&#8221; btn_icon_type=&#8221;font&#8221; btn_icon_fontawesome=&#8221;fas fa-calendar-day&#8221; icon_font_size=&#8221;24&#8243; btn_font_size=&#8221;20&#8243; link=&#8221;url:http%3A%2F%2Fwww.unemi.edu.ec%2Fwp-content%2Fuploads%2F2021%2F04%2FCRONOGRAMA-WEB.pdf|target:_blank&#8221;][\/vc_column][\/vc_row]\n","protected":false},"excerpt":{"rendered":"<p>[vc_row full_width=&#8221;stretch_row&#8221; css=&#8221;.vc_custom_1618632154446{margin-top: -40px !important;background-image: url(https:\/\/www.unemi.edu.ec\/wp-content\/uploads\/2020\/12\/Herader-Web-unemi-junio-2020.png?id=24324) !important;background-position: center !important;background-repeat: no-repeat !important;background-size: cover !important;}&#8221;][vc_column][gt3_spacing height=&#8221;30&#8243;][vc_column_text] CONVOCATORIA PARA EL PROCESO DE PRESELECCI\u00d3N T\u00c9CNICOS DOCENTES: TIEMPO COMPLETO Y MEDIO TIEMPO PARA LA FACULTAD [&hellip;]<\/p>\n","protected":false},"author":35,"featured_media":0,"parent":0,"menu_order":0,"comment_status":"closed","ping_status":"closed","template":"","meta":{"_joinchat":[],"footnotes":""},"class_list":["post-32393","page","type-page","status-publish","hentry"],"_links":{"self":[{"href":"https:\/\/www.unemi.edu.ec\/index.php\/wp-json\/wp\/v2\/pages\/32393","targetHints":{"allow":["GET"]}}],"collection":[{"href":"https:\/\/www.unemi.edu.ec\/index.php\/wp-json\/wp\/v2\/pages"}],"about":[{"href":"https:\/\/www.unemi.edu.ec\/index.php\/wp-json\/wp\/v2\/types\/page"}],"author":[{"embeddable":true,"href":"https:\/\/www.unemi.edu.ec\/index.php\/wp-json\/wp\/v2\/users\/35"}],"replies":[{"embeddable":true,"href":"https:\/\/www.unemi.edu.ec\/index.php\/wp-json\/wp\/v2\/comments?post=32393"}],"version-history":[{"count":9,"href":"https:\/\/www.unemi.edu.ec\/index.php\/wp-json\/wp\/v2\/pages\/32393\/revisions"}],"predecessor-version":[{"id":48163,"href":"https:\/\/www.unemi.edu.ec\/index.php\/wp-json\/wp\/v2\/pages\/32393\/revisions\/48163"}],"wp:attachment":[{"href":"https:\/\/www.unemi.edu.ec\/index.php\/wp-json\/wp\/v2\/media?parent=32393"}],"curies":[{"name":"wp","href":"https:\/\/api.w.org\/{rel}","templated":true}]}}