{"id":30746,"date":"2022-05-27T20:14:32","date_gmt":"2022-05-28T01:14:32","guid":{"rendered":"https:\/\/https:\/\/www.unemi.edu.ec\/\/wordpress\/?page_id=30746"},"modified":"2025-10-15T15:30:50","modified_gmt":"2025-10-15T20:30:50","slug":"requisitos-para-cambio-de-carrera-o-ies","status":"publish","type":"page","link":"https:\/\/www.unemi.edu.ec\/index.php\/admision\/requisitos-para-cambio-de-carrera-o-ies\/","title":{"rendered":"Requisitos para cambios de Carrera o de Instituci\u00f3n de Educaci\u00f3n Superior (IES)"},"content":{"rendered":"[vc_row][vc_column width=&#8221;3\/4&#8243;][vc_row_inner][vc_column_inner width=&#8221;1\/2&#8243;][vc_video link=&#8221;https:\/\/www.youtube.com\/watch?v=OAZ4dErDMsk&#8221;][\/vc_column_inner][vc_column_inner width=&#8221;1\/2&#8243;][vc_video link=&#8221;https:\/\/www.youtube.com\/watch?v=ivG_jFiP8Pg&#8221;][\/vc_column_inner][\/vc_row_inner][gt3_spacing height=&#8221;50px&#8221;][vc_column_text]\n<h1 style=\"text-align: justify;\"><strong><span style=\"font-size: 24pt;\">Requisitos<\/span><\/strong><\/h1>\n<p>&nbsp;<\/p>\n<ol>\n<li>C\u00e9dula de ciudadan\u00eda o de identidad a color en el tama\u00f1o real del documento.<\/li>\n<li>Una foto a color tama\u00f1o carnet en un documento PDF (3.2&#215;4.3cms o 32x43mm).<\/li>\n<li>Certificado de estudios otorgado por la Facultad o Coordinaci\u00f3n Acad\u00e9mica donde estudi\u00f3. Este documento deber\u00e1 contener lo siguiente: niveles, a\u00f1os de estudio, nombre de las asignaturas, calificaci\u00f3n obtenida en cada una de las asignaturas, estado de cada una de las asignaturas (<strong>aprobada<\/strong> o <strong>reprobada<\/strong>). En el caso de cambio de IES. (En hoja membretada,firmada y sellada por la instituci\u00f3n de donde proviene).<\/li>\n<li>Acta de grado o t\u00edtulo de bachiller a color, en el caso de no tener estos documentos descargar el Certificado del T\u00edtulo emitido por el Ministerio de Educaci\u00f3n: <strong><a href=\"http:\/\/servicios.educacion.gob.ec\/titulacion25-web\/faces\/paginas\/consulta-titulos-refrendados.xhtml\" target=\"_blank\" rel=\"noopener\">http:\/\/servicios.educacion.gob.ec\/titulacion25-web\/faces\/paginas\/consulta-titulos-refrendados.xhtml<\/a><\/strong><\/li>\n<li>Comprobante del cupo obtenido a trav\u00e9s del ENES, Examen Ser Bachiller, Examen de Acceso a la Educaci\u00f3n Superior (EAES) o el Test Transformar. Este documento debe contener el puntaje del cupo obtenido. Cabe se\u00f1alar que para el proceso de cambio de carrera el ciudadano deber\u00e1 cumplir con el puntaje de cohorte de la carrera receptora en el periodo acad\u00e9mico correspondiente en el cual solicita su movilidad. Este comprobante de cupo lo puede descargar de la p\u00e1gina <strong><a href=\"https:\/\/certificados.senescyt.gob.ec\/#\/login\" target=\"_blank\" rel=\"noopener\">https:\/\/certificados.senescyt.gob.ec\/<\/a><\/strong>\u00a0<span class=\"removed_link\" title=\"https:\/\/transformar.ec\/\"><\/span><\/li>\n<li>T\u00edtulo profesional a color. (<strong>Deben entregar s\u00f3lo quienes poseen un t\u00edtulo profesional registrado en la Senescyt<\/strong>).<\/li>\n<li>Registro del t\u00edtulo profesional en la p\u00e1gina de la Senescyt a color. (<strong>Deben entregar s\u00f3lo quienes poseen un t\u00edtulo profesional registrado en la Senescyt<\/strong>).<\/li>\n<li>Malla curricular certificada (firmas y sellos) de la carrera cursada.<\/li>\n<li>Certificado de no haber efectuado un cambio de carrera dentro de la misma IES. (<strong>Aplica a estudiantes de la UNEMI y aspirantes de otras IES, el documento debe estar certificado con firmas y sellos en hoja membretada<\/strong>).<\/li>\n<li><strong>Solicitud de cambios de Carrera o de Instituci\u00f3n de Educaci\u00f3n Superior (IES). <\/strong>Esta solicitud la puede descargar del siguiente enlace:<br \/>\n<strong>\u2022 <\/strong>Descargar archivo: <a href=\"https:\/\/www.unemi.edu.ec\/wp-content\/uploads\/2025\/09\/3-Solicitud-de-cambio-de-carrera-actualizada.docx\">Formato para Cambio de Carrera<\/a><br \/>\n<strong>\u2022 <\/strong>Descargar archivo: <a href=\"https:\/\/www.unemi.edu.ec\/wp-content\/uploads\/2025\/09\/6-Solicitud-de-cambio-de-IES-actualizada.docx\">Formato para Cambio de IES<\/a><\/li>\n<li><strong>Cartas de motivos.<\/strong> Esta solicitud la puede descargar del siguiente enlace:<br \/>\n\u2022 Descargar archivo: <a href=\"https:\/\/www.unemi.edu.ec\/wp-content\/uploads\/2025\/09\/4-Carta-de-Motivos-de-Cambio-de-Carrera-actualizada.docx\">Formato para Cambio de Carrera<\/a><br \/>\n<strong>\u2022 <\/strong>Descargar archivo: <a href=\"https:\/\/www.unemi.edu.ec\/wp-content\/uploads\/2025\/09\/7-Carta-de-Motivos-de-cambio-Institucion-actualizada.docx\">Formato para Cambio de IES<\/a><\/li>\n<li><strong>Declaraci\u00f3n de veracidad de los documentos presentados (No notariada).<\/strong><br \/>\n\u2022 Descargar archivo: <a href=\"https:\/\/www.unemi.edu.ec\/wp-content\/uploads\/2025\/09\/5-Declaracion-de-veracidad-de-documentos-de-Cambio-de-Carrera-actualizada.docx\">Formato para Cambio de Carrera<\/a><br \/>\n<strong>\u2022 <\/strong>Descargar archivo: <a href=\"https:\/\/www.unemi.edu.ec\/wp-content\/uploads\/2025\/09\/8-Declaracion-de-veracidad-de-documentos-de-Cambio-de-Institucion-actualizada.docx\">Formato para Cambio de IES<\/a><\/li>\n<\/ol>\n<h3 style=\"text-align: justify;\"><strong>Importante:<\/strong><\/h3>\n<ul style=\"text-align: justify;\">\n<li>Los documentos deben ser escaneados a color, legibles y deben ser subidos individualmente por cada requisito, en digital en formato pdf. con un peso que no supere los 2 MB.<\/li>\n<li>Para subir los requisitos, los <strong>estudiantes de la UNEMI<\/strong> deber\u00e1n ingresar al Sistema de Gesti\u00f3n Acad\u00e9mica (SGA)<strong>\u00a0<a href=\"https:\/\/sga.unemi.edu.ec\/loginsga?ret=\/\" target=\"_blank\" rel=\"noopener\">https:\/\/sga.unemi.edu.ec\/<\/a><\/strong>, m\u00f3dulo: <strong>Cambios de Carrera<\/strong>.<\/li>\n<li>Para <strong>ciudadanos externos<\/strong> deber\u00e1n acceder al link <strong><a href=\"https:\/\/sga.unemi.edu.ec\/alu_solicitudcambioies\" target=\"_blank\" rel=\"noopener\">https:\/\/sga.unemi.edu.ec\/alu_solicitudcambioies<\/a><\/strong>, luego ingresa a <strong>\u201cSolicitar cambio IES\u201d<\/strong> y completa la informaci\u00f3n solicitada, previa carga de documentos requeridos.<\/li>\n<li>La recepci\u00f3n y carga de documentos deber\u00e1 ser realizada dentro de las fechas establecidas en el cronograma acad\u00e9mico aprobado por nuestra instituci\u00f3n para el per\u00edodo de entrega de requisitos.<\/li>\n<\/ul>\n<p>&nbsp;<\/p>\n<h3 style=\"text-align: left;\"><strong>Normativa vigente a considerar para el proceso de Cambio de Carrera-Modalidad\/IES<\/strong><\/h3>\n<p style=\"text-align: justify;\">El <strong>Reglamento de R\u00e9gimen Acad\u00e9mico<\/strong> vigente emitido por el CES en el <strong>Art\u00edculo 79<\/strong>, establece que <em>&#8220;Los cambios de carrera est\u00e1n sujetos a los procesos de admisi\u00f3n establecidos por cada instituci\u00f3n de <\/em><em>educaci\u00f3n superior, observando la normativa vigente del Sistema de Educaci\u00f3n Superior.&#8221;<\/em><\/p>\n<p style=\"text-align: justify;\">El cambio de carrera podr\u00e1 realizarse en la misma o diferente instituci\u00f3n de educaci\u00f3n superior, seg\u00fan las siguientes reglas:<\/p>\n<p style=\"padding-left: 40px; text-align: justify;\"><em><strong>A. Cambio de carrera dentro de una misma IES p\u00fablica:<\/strong> procede cuando se ha cursado al menos un periodo acad\u00e9mico, de acuerdo a los mecanismos establecidos por la IES. Para efectos de gratuidad se podr\u00e1 realizar el cambio por una sola vez. Si el estudiante se retira antes de aprobar el primer periodo acad\u00e9mico establecido en la carrera, deber\u00e1 iniciar el proceso de admisi\u00f3n establecido en el sistema de educaci\u00f3n superior. Esta regla no aplica para el caso de reingresos.<\/em><\/p>\n<p style=\"padding-left: 40px; text-align: justify;\"><em>En todos estos casos, la IES deber\u00e1 observar que el aspirante cumpla con el puntaje m\u00ednimo de admisi\u00f3n de cohorte de la carrera receptora en el periodo acad\u00e9mico correspondiente en el cual solicita su movilidad.<br \/>\n<\/em><\/p>\n<p style=\"padding-left: 40px; text-align: justify;\"><em><strong>B. Cambio de IES p\u00fablica:<\/strong> Un estudiante podr\u00e1 cambiarse entre IES p\u00fablicas, sea a la misma carrera o a una distinta, una vez que haya cursado al menos dos (2) per\u00edodos acad\u00e9micos, seg\u00fan los mecanismos establecidos por la IES. Para efectos de gratuidad se podr\u00e1 realizar el cambio por una sola vez. En todos estos casos, la IES deber\u00e1 observar que el aspirante cumpla con el puntaje m\u00ednimo de admisi\u00f3n de cohorte de la carrera receptora en el periodo acad\u00e9mico correspondiente en el cual solicita su movilidad. <\/em><\/p>\n<p style=\"padding-left: 40px; text-align: justify;\"><em><strong>C. Cambio de IES particular a IES p\u00fablica:<\/strong> Un estudiante podr\u00e1 cambiarse de una IES particular a una IES p\u00fablica, siempre que el estudiante haya cursado al menos dos (2) per\u00edodos acad\u00e9micos; sea sometido al proceso de asignaci\u00f3n de cupos; y, obtenga el puntaje de cohorte de la carrera receptora en el periodo acad\u00e9mico correspondiente en el cual solicita su movilidad. <\/em><em>En todos estos casos la instituci\u00f3n de educaci\u00f3n superior deber\u00e1 observar que el aspirante cumpla con el puntaje m\u00ednimo de admisi\u00f3n de cohorte de la carrera receptora en el periodo acad\u00e9mico correspondiente en el cual solicita su movilidad.<br \/>\n<\/em><\/p>\n<p style=\"padding-left: 40px; text-align: justify;\"><em><strong>D. Cambio de IES particulares:<\/strong> Cuando un estudiante se cambia de cualquier IES a una IES particular, deber\u00e1 someterse a los procesos de admisi\u00f3n establecidos por la IES receptora. <\/em><\/p>\n<p style=\"padding-left: 40px; text-align: justify;\"><em>Las IES definir\u00e1n los mecanismos para los cambios de carrera. Para el caso de los programas, las IES definir\u00e1n las condiciones en las que se aplican la movilidad.<\/em><\/p>\n[\/vc_column_text][\/vc_column][vc_column width=&#8221;1\/4&#8243;][vc_wp_custommenu nav_menu=&#8221;69&#8243;][\/vc_column][\/vc_row]\n","protected":false},"excerpt":{"rendered":"<p>[vc_row][vc_column width=&#8221;3\/4&#8243;][vc_row_inner][vc_column_inner width=&#8221;1\/2&#8243;][vc_video link=&#8221;https:\/\/www.youtube.com\/watch?v=OAZ4dErDMsk&#8221;][\/vc_column_inner][vc_column_inner width=&#8221;1\/2&#8243;][vc_video link=&#8221;https:\/\/www.youtube.com\/watch?v=ivG_jFiP8Pg&#8221;][\/vc_column_inner][\/vc_row_inner][gt3_spacing height=&#8221;50px&#8221;][vc_column_text] Requisitos &nbsp; C\u00e9dula de ciudadan\u00eda o de identidad a color en el tama\u00f1o real del documento. Una foto a color tama\u00f1o carnet en [&hellip;]<\/p>\n","protected":false},"author":35,"featured_media":0,"parent":7091,"menu_order":0,"comment_status":"closed","ping_status":"closed","template":"","meta":{"_joinchat":[],"footnotes":""},"class_list":["post-30746","page","type-page","status-publish","hentry"],"_links":{"self":[{"href":"https:\/\/www.unemi.edu.ec\/index.php\/wp-json\/wp\/v2\/pages\/30746","targetHints":{"allow":["GET"]}}],"collection":[{"href":"https:\/\/www.unemi.edu.ec\/index.php\/wp-json\/wp\/v2\/pages"}],"about":[{"href":"https:\/\/www.unemi.edu.ec\/index.php\/wp-json\/wp\/v2\/types\/page"}],"author":[{"embeddable":true,"href":"https:\/\/www.unemi.edu.ec\/index.php\/wp-json\/wp\/v2\/users\/35"}],"replies":[{"embeddable":true,"href":"https:\/\/www.unemi.edu.ec\/index.php\/wp-json\/wp\/v2\/comments?post=30746"}],"version-history":[{"count":37,"href":"https:\/\/www.unemi.edu.ec\/index.php\/wp-json\/wp\/v2\/pages\/30746\/revisions"}],"predecessor-version":[{"id":50708,"href":"https:\/\/www.unemi.edu.ec\/index.php\/wp-json\/wp\/v2\/pages\/30746\/revisions\/50708"}],"up":[{"embeddable":true,"href":"https:\/\/www.unemi.edu.ec\/index.php\/wp-json\/wp\/v2\/pages\/7091"}],"wp:attachment":[{"href":"https:\/\/www.unemi.edu.ec\/index.php\/wp-json\/wp\/v2\/media?parent=30746"}],"curies":[{"name":"wp","href":"https:\/\/api.w.org\/{rel}","templated":true}]}}