{"id":30389,"date":"2022-04-20T09:19:41","date_gmt":"2022-04-20T14:19:41","guid":{"rendered":"https:\/\/https:\/\/www.unemi.edu.ec\/\/wordpress\/?page_id=30389"},"modified":"2025-06-15T15:10:19","modified_gmt":"2025-06-15T20:10:19","slug":"convocatoria-preseleccion-docentesocasionales-2022","status":"publish","type":"page","link":"https:\/\/www.unemi.edu.ec\/index.php\/convocatoria-preseleccion-docentesocasionales-2022\/","title":{"rendered":"CONVOCATORIA PARA EL PROCESO DE PRESELECCI\u00d3N DE PROFESORES OCASIONALES: TIEMPO COMPLETO, MEDIO TIEMPO Y TIEMPO PARCIAL DE LA UNIVERSIDAD ESTATAL DE MILAGRO PARA LAS FACULTADES DE CIENCIAS E INGENIER\u00cdAS Y CIENCIAS SOCIALES, EDUCACI\u00d3N COMERCIAL Y DERECHO."},"content":{"rendered":"[vc_row full_width=&#8221;stretch_row&#8221; css=&#8221;.vc_custom_1618632154446{margin-top: -40px !important;background-image: url(https:\/\/www.unemi.edu.ec\/wp-content\/uploads\/2020\/12\/Herader-Web-unemi-junio-2020.png?id=24324) !important;background-position: center !important;background-repeat: no-repeat !important;background-size: cover !important;}&#8221;][vc_column][gt3_spacing height=&#8221;30&#8243;][vc_column_text]\n<p style=\"text-align: justify;\"><span style=\"font-size: 20pt;\"><strong>CONVOCATORIA PARA EL PROCESO DE PRESELECCI\u00d3N PROFESORES OCASIONALES:<\/strong> TIEMPO COMPLETO, MEDIO TIEMPO Y TIEMPO PARCIAL <strong>DE LA UNIVERSIDAD ESTATAL DE MILAGRO PARA LAS FACULTADES DE CIENCIAS E INGENIER\u00cdAS Y CIENCIAS SOCIALES, EDUCACI\u00d3N COMERCIAL Y DERECHO.<\/strong><\/span><\/p>\n[\/vc_column_text][gt3_spacing height=&#8221;45px&#8221;][\/vc_column][\/vc_row][vc_row disable_element=&#8221;yes&#8221;][vc_column width=&#8221;2\/3&#8243;][gt3_spacing height=&#8221;32px&#8221;][vc_message message_box_color=&#8221;green&#8221; icon_type=&#8221;pixelicons&#8221; css_animation=&#8221;bounceIn&#8221; icon_pixelicons=&#8221;vc_pixel_icon vc_pixel_icon-tick&#8221;]<strong><span style=\"font-size: 18pt;\"><span style=\"font-size: 20pt;\">La Fase de Postulaci\u00f3n ha finalizado con \u00e9xito.<\/span><br \/>\n<\/span><\/strong><span style=\"font-size: 12pt;\">Los aspirantes ser\u00e1n notificados acerca de las pr\u00f3ximas actividades del proceso, a trav\u00e9s de las direcciones de correo electr\u00f3nico registradas en la plataforma postulate.unemi.edu.ec<\/span>[\/vc_message][gt3_spacing height=&#8221;32px&#8221;][\/vc_column][vc_column width=&#8221;1\/3&#8243;][gt3_spacing height=&#8221;32px&#8221;][\/vc_column][\/vc_row][vc_row][vc_column width=&#8221;2\/3&#8243;][gt3_spacing height=&#8221;50&#8243;][vc_column_text]\n<p style=\"text-align: justify;\">La Universidad Estatal de Milagro invita al p\u00fablico en general a participar en el proceso de preselecci\u00f3n de profesores de la UNEMI, con la finalidad de constituir un banco de elegibles para el Per\u00edodo Acad\u00e9mico 2022, de conformidad con lo establecido en el Reglamento de Carrera y Escalaf\u00f3n del Profesor e Investigador del Sistema de Educaci\u00f3n Superior, la Ley Org\u00e1nica de Educaci\u00f3n Superior y la Normativa Interna de la UNEMI.<\/p>\n[\/vc_column_text][gt3_spacing height=&#8221;32px&#8221;][vc_custom_heading text=&#8221;ETAPA DE PRESELECCI\u00d3N&#8221; font_container=&#8221;tag:h2|text_align:center&#8221; google_fonts=&#8221;font_family:Montserrat%3Aregular%2C700|font_style:700%20bold%20regular%3A700%3Anormal&#8221; css_animation=&#8221;none&#8221;][vc_separator el_width=&#8221;80&#8243;][gt3_spacing height=&#8221;32px&#8221;][vc_tta_tabs active_section=&#8221;1&#8243;][vc_tta_section i_icon_fontawesome=&#8221;fas fa-user-friends&#8221; add_icon=&#8221;true&#8221; title=&#8221;DOCENTE OCASIONAL&#8221; tab_id=&#8221;1650461502107-609cae79-e9e6&#8243;][vc_column_text]\n<h2>DOCENTE OCASIONAL<\/h2>\n<p>PERIODO MAYO &#8211; SEPTIEMBRE 2022[\/vc_column_text][gt3_spacing height=&#8221;20&#8243;][vc_column_text]\n<table id=\"tablepress-22\" class=\"tablepress tablepress-id-22\">\n<thead>\n<tr class=\"row-1\">\n\t<th class=\"column-1\"><strong>FACULTAD<\/strong><\/th><th class=\"column-2\"><strong>TIEMPO COMPLETO<\/strong><\/th><th class=\"column-3\"><strong>MEDIO TIEMPO<\/strong><\/th><th class=\"column-4\"><strong>TIEMPO PARCIAL (18h)<\/strong><\/th>\n<\/tr>\n<\/thead>\n<tbody class=\"row-striping row-hover\">\n<tr class=\"row-2\">\n\t<td class=\"column-1\">FACULTAD DE CIENCIAS E INGENIER\u00cdAS<\/td><td class=\"column-2\">1<\/td><td class=\"column-3\">0<\/td><td class=\"column-4\">0<\/td>\n<\/tr>\n<tr class=\"row-3\">\n\t<td class=\"column-1\">FACULTAD DE CIENCIAS SOCIALES, EDUCACI\u00d3N COMERCIAL Y DERECHO<\/td><td class=\"column-2\">2<\/td><td class=\"column-3\">5<\/td><td class=\"column-4\">0<\/td>\n<\/tr>\n<tr class=\"row-4\">\n\t<td class=\"column-1\"><strong>TOTAL<\/strong><\/td><td class=\"column-2\"><strong>3<\/strong><\/td><td class=\"column-3\"><strong>5<\/strong><\/td><td class=\"column-4\"><strong>0<\/strong><\/td>\n<\/tr>\n<\/tbody>\n<\/table>\n<!-- #tablepress-22 from cache -->[\/vc_column_text][gt3_spacing height=&#8221;32&#8243;][vc_column_text]\n<h2>DOCENTE OCASIONAL<\/h2>\n<p>PERIODO MAYO &#8211; DICIEMBRE 2022[\/vc_column_text][gt3_spacing height=&#8221;20&#8243;][vc_column_text]\n<table id=\"tablepress-23\" class=\"tablepress tablepress-id-23\">\n<thead>\n<tr class=\"row-1\">\n\t<th class=\"column-1\"><strong>FACULTAD<\/strong><\/th><th class=\"column-2\"><strong>TIEMPO COMPLETO<\/strong><\/th><th class=\"column-3\"><strong>MEDIO TIEMPO<\/strong><\/th><th class=\"column-4\"><strong>TIEMPO PARCIAL (18h)<\/strong><\/th>\n<\/tr>\n<\/thead>\n<tbody class=\"row-striping row-hover\">\n<tr class=\"row-2\">\n\t<td class=\"column-1\">FACULTAD DE CIENCIAS SOCIALES, EDUCACI\u00d3N COMERCIAL Y DERECHO<\/td><td class=\"column-2\">1<\/td><td class=\"column-3\">0<\/td><td class=\"column-4\">1<\/td>\n<\/tr>\n<tr class=\"row-3\">\n\t<td class=\"column-1\"><strong>TOTAL<\/strong><\/td><td class=\"column-2\"><strong>1<\/strong><\/td><td class=\"column-3\"><strong>0<\/strong><\/td><td class=\"column-4\"><strong>1<\/strong><\/td>\n<\/tr>\n<\/tbody>\n<\/table>\n<!-- #tablepress-23 from cache -->[\/vc_column_text][gt3_spacing height=&#8221;50&#8243;][vc_separator color=&#8221;custom&#8221; style=&#8221;dotted&#8221; border_width=&#8221;3&#8243; accent_color=&#8221;#f7b332&#8243;][gt3_spacing height=&#8221;50&#8243;][vc_column_text]<span style=\"font-size: 18pt;\"><strong>1.- REQUISITOS PARA DOCENTES OCASIONALES TIEMPO COMPLETO; MEDIO TIEMPO Y PARCIAL:\u00a0 <\/strong><\/span><\/p>\n<ul>\n<li>a. Tener al menos grado acad\u00e9mico de maestr\u00eda o su equivalente, debidamente reconocido e inscrito por el \u00d3rgano Rector de la Pol\u00edtica P\u00fablica de Educaci\u00f3n Superior en un campo amplio del conocimiento vinculado a sus actividades de docencia o investigaci\u00f3n;<\/li>\n<li>b. Los dem\u00e1s que determine la universidad o escuela polit\u00e9cnica en su normativa interna respetando los principios de igualdad de oportunidades y no discriminaci\u00f3n.<\/li>\n<li>Cumplir con el perfil requerido para el cargo al cual aplica.<\/li>\n<li>Poseer computador\/LAPTOP e INTERNET<\/li>\n<li>Poseer disponibilidad en los horarios establecidos para cada cargo<\/li>\n<\/ul>\n[\/vc_column_text][gt3_spacing height=&#8221;32px&#8221;][vc_column_text]<span style=\"font-size: 18pt;\"><strong>1.1- REMUNERACI\u00d3N<\/strong><\/span><\/p>\n<ul>\n<li>La remuneraci\u00f3n estar\u00e1 en funci\u00f3n del cargo al que postule.<\/li>\n<\/ul>\n[\/vc_column_text][vc_column_text]\n<table id=\"tablepress-24\" class=\"tablepress tablepress-id-24\">\n<thead>\n<tr class=\"row-1\">\n\t<th class=\"column-1\">DETALLE<\/th><th class=\"column-2\">RMU<\/th>\n<\/tr>\n<\/thead>\n<tbody class=\"row-striping row-hover\">\n<tr class=\"row-2\">\n\t<td class=\"column-1\">DOCENTES OCASIONALES TIEMPO COMPLETO<\/td><td class=\"column-2\">$1676,00<\/td>\n<\/tr>\n<tr class=\"row-3\">\n\t<td class=\"column-1\">DOCENTES OCASIONALES MEDIO TIEMPO<\/td><td class=\"column-2\">$838,00<\/td>\n<\/tr>\n<tr class=\"row-4\">\n\t<td class=\"column-1\">DOCENTES OCASIONALES TIEMPO PARCIAL (18h)<\/td><td class=\"column-2\">$754,20<\/td>\n<\/tr>\n<\/tbody>\n<\/table>\n<!-- #tablepress-24 from cache -->[\/vc_column_text][gt3_spacing height=&#8221;40px&#8221;][\/vc_tta_section][\/vc_tta_tabs][vc_separator color=&#8221;custom&#8221; style=&#8221;dotted&#8221; border_width=&#8221;3&#8243; accent_color=&#8221;#f7b332&#8243;][gt3_spacing height=&#8221;50&#8243;][vc_column_text]<span style=\"font-size: 18pt;\"><strong>2.- APLICACI\u00d3N<\/strong><\/span><\/p>\n<p>Los aspirantes deber\u00e1n llenar el formulario de aplicaci\u00f3n a trav\u00e9s de la plataforma inform\u00e1tica <a href=\"https:\/\/postulate.unemi.edu.ec\/loginpostulate\" target=\"_blank\" rel=\"noopener\"><strong>https:\/\/postulate.unemi.edu.ec\/<\/strong><\/a>, el 20 de abril de 2022 hasta las 23:59.[\/vc_column_text][gt3_spacing height=&#8221;50&#8243;][vc_separator color=&#8221;custom&#8221; style=&#8221;dotted&#8221; border_width=&#8221;3&#8243; accent_color=&#8221;#f7b332&#8243;][gt3_spacing height=&#8221;50&#8243;][vc_custom_heading text=&#8221;ETAPA DE SELECCI\u00d3N&#8221; font_container=&#8221;tag:h2|text_align:center&#8221; google_fonts=&#8221;font_family:Montserrat%3Aregular%2C700|font_style:700%20bold%20regular%3A700%3Anormal&#8221; css_animation=&#8221;none&#8221;][vc_separator el_width=&#8221;80&#8243;][gt3_spacing height=&#8221;32px&#8221;][vc_column_text]<span style=\"font-size: 18pt;\"><strong>3.- SELECCI\u00d3N Y CONTRATACI\u00d3N<\/strong><\/span><\/p>\n<p>Los aspirantes seleccionados <strong>que obtengan el resultado id\u00f3neo en la Etapa de Entrevistas<\/strong> y sean <strong>declarados ganadores del Proceso de Selecci\u00f3n<\/strong>, ser\u00e1n contratados\u00a0en funci\u00f3n de los requerimientos acad\u00e9micos espec\u00edficos de la UNEMI.[\/vc_column_text][gt3_spacing height=&#8221;32px&#8221;][\/vc_column][vc_column width=&#8221;1\/3&#8243;][gt3_spacing height=&#8221;50&#8243;][gt3_button button_title=&#8221;Post\u00falate UNEMI&#8221; button_alignment=&#8221;block&#8221; btn_border_width=&#8221;2px&#8221; btn_icon_type=&#8221;font&#8221; btn_icon_fontawesome=&#8221;fas fa-user-plus&#8221; icon_font_size=&#8221;24&#8243; btn_font_size=&#8221;20&#8243; link=&#8221;url:http%3A%2F%2Fpostulate.unemi.edu.ec|target:_blank&#8221;][gt3_button button_title=&#8221;Cronograma de Preselecci\u00f3n&#8221; button_alignment=&#8221;block&#8221; btn_border_width=&#8221;2px&#8221; btn_icon_type=&#8221;font&#8221; btn_icon_fontawesome=&#8221;fas fa-calendar-day&#8221; icon_font_size=&#8221;24&#8243; btn_font_size=&#8221;20&#8243; link=&#8221;url:http%3A%2F%2Fwww.unemi.edu.ec%2Fwp-content%2Fuploads%2F2022%2F04%2Fcronograma0628572001649986184.pdf|target:_blank&#8221;][\/vc_column][\/vc_row][vc_row disable_element=&#8221;yes&#8221;][vc_column width=&#8221;2\/3&#8243;][gt3_spacing height=&#8221;32px&#8221;][gt3_spacing height=&#8221;32px&#8221;][vc_column_text]La Universidad Estatal de Milagro invita al p\u00fablico en general a participar en el proceso de preselecci\u00f3n de profesores de la UNEMI, con la finalidad de constituir un banco de elegibles para el Per\u00edodo Acad\u00e9mico 2022, de conformidad con lo establecido en el Reglamento de Carrera y Escalaf\u00f3n del Profesor e Investigador del Sistema de Educaci\u00f3n Superior, la Ley Org\u00e1nica de Educaci\u00f3n Superior y la Normativa Interna de la UNEMI.[\/vc_column_text][gt3_spacing height=&#8221;32px&#8221;][vc_custom_heading text=&#8221;ETAPA DE PRESELECCI\u00d3N&#8221; font_container=&#8221;tag:h2|text_align:center&#8221; google_fonts=&#8221;font_family:Montserrat%3Aregular%2C700|font_style:700%20bold%20regular%3A700%3Anormal&#8221; css_animation=&#8221;none&#8221;][vc_separator el_width=&#8221;80&#8243;][gt3_spacing height=&#8221;32px&#8221;][vc_tta_tabs active_section=&#8221;1&#8243;][vc_tta_section i_icon_fontawesome=&#8221;fas fa-user-friends&#8221; add_icon=&#8221;true&#8221; title=&#8221;DOCENTE OCASIONAL&#8221; tab_id=&#8221;1650464830622-5ee7ba53-fda7&#8243;][vc_column_text]\n<h2>DOCENTE OCASIONAL<\/h2>\n<p>PERIODO MAYO &#8211; SEPTIEMBRE 2022[\/vc_column_text][gt3_spacing height=&#8221;20&#8243;][vc_column_text]\n<table id=\"tablepress-22-no-2\" class=\"tablepress tablepress-id-22\">\n<thead>\n<tr class=\"row-1\">\n\t<th class=\"column-1\"><strong>FACULTAD<\/strong><\/th><th class=\"column-2\"><strong>TIEMPO COMPLETO<\/strong><\/th><th class=\"column-3\"><strong>MEDIO TIEMPO<\/strong><\/th><th class=\"column-4\"><strong>TIEMPO PARCIAL (18h)<\/strong><\/th>\n<\/tr>\n<\/thead>\n<tbody class=\"row-striping row-hover\">\n<tr class=\"row-2\">\n\t<td class=\"column-1\">FACULTAD DE CIENCIAS E INGENIER\u00cdAS<\/td><td class=\"column-2\">1<\/td><td class=\"column-3\">0<\/td><td class=\"column-4\">0<\/td>\n<\/tr>\n<tr class=\"row-3\">\n\t<td class=\"column-1\">FACULTAD DE CIENCIAS SOCIALES, EDUCACI\u00d3N COMERCIAL Y DERECHO<\/td><td class=\"column-2\">2<\/td><td class=\"column-3\">5<\/td><td class=\"column-4\">0<\/td>\n<\/tr>\n<tr class=\"row-4\">\n\t<td class=\"column-1\"><strong>TOTAL<\/strong><\/td><td class=\"column-2\"><strong>3<\/strong><\/td><td class=\"column-3\"><strong>5<\/strong><\/td><td class=\"column-4\"><strong>0<\/strong><\/td>\n<\/tr>\n<\/tbody>\n<\/table>\n<!-- #tablepress-22-no-2 from cache -->[\/vc_column_text][gt3_spacing height=&#8221;10&#8243;][vc_column_text]\n<h2>DOCENTE OCASIONAL<\/h2>\n<p>PERIODO MAYO &#8211; DICIEMBRE 2022[\/vc_column_text][gt3_spacing height=&#8221;20&#8243;][vc_column_text]\n<table id=\"tablepress-23-no-2\" class=\"tablepress tablepress-id-23\">\n<thead>\n<tr class=\"row-1\">\n\t<th class=\"column-1\"><strong>FACULTAD<\/strong><\/th><th class=\"column-2\"><strong>TIEMPO COMPLETO<\/strong><\/th><th class=\"column-3\"><strong>MEDIO TIEMPO<\/strong><\/th><th class=\"column-4\"><strong>TIEMPO PARCIAL (18h)<\/strong><\/th>\n<\/tr>\n<\/thead>\n<tbody class=\"row-striping row-hover\">\n<tr class=\"row-2\">\n\t<td class=\"column-1\">FACULTAD DE CIENCIAS SOCIALES, EDUCACI\u00d3N COMERCIAL Y DERECHO<\/td><td class=\"column-2\">1<\/td><td class=\"column-3\">0<\/td><td class=\"column-4\">1<\/td>\n<\/tr>\n<tr class=\"row-3\">\n\t<td class=\"column-1\"><strong>TOTAL<\/strong><\/td><td class=\"column-2\"><strong>1<\/strong><\/td><td class=\"column-3\"><strong>0<\/strong><\/td><td class=\"column-4\"><strong>1<\/strong><\/td>\n<\/tr>\n<\/tbody>\n<\/table>\n<!-- #tablepress-23-no-2 from cache -->[\/vc_column_text][vc_separator color=&#8221;custom&#8221; style=&#8221;dotted&#8221; border_width=&#8221;3&#8243; accent_color=&#8221;#f7b332&#8243;][gt3_spacing height=&#8221;50&#8243;][vc_column_text]<span style=\"font-size: 18pt;\"><strong>1.- REQUISITOS PARA DOCENTES OCASIONALES TIEMPO COMPLETO; MEDIO TIEMPO Y PARCIAL:\u00a0 <\/strong><\/span><\/p>\n<ul>\n<li>a. Tener al menos grado acad\u00e9mico de maestr\u00eda o su equivalente, debidamente reconocido e inscrito por el \u00d3rgano Rector de la Pol\u00edtica P\u00fablica de Educaci\u00f3n Superior en un campo amplio del conocimiento vinculado a sus actividades de docencia o investigaci\u00f3n;<\/li>\n<li>b. Los dem\u00e1s que determine la universidad o escuela polit\u00e9cnica en su normativa interna respetando los principios de igualdad de oportunidades y no discriminaci\u00f3n.<\/li>\n<li>Cumplir con el perfil requerido para el cargo al cual aplica.<\/li>\n<li>Poseer computador\/LAPTOP e INTERNET<\/li>\n<li>Poseer disponibilidad en los horarios establecidos para cada cargo<\/li>\n<\/ul>\n[\/vc_column_text][gt3_spacing height=&#8221;32px&#8221;][vc_column_text]<span style=\"font-size: 18pt;\"><strong>1.1- REMUNERACI\u00d3N<\/strong><\/span><\/p>\n<ul>\n<li>La remuneraci\u00f3n estar\u00e1 en funci\u00f3n del cargo al que postule.<\/li>\n<\/ul>\n[\/vc_column_text][vc_column_text]\n<table id=\"tablepress-24-no-2\" class=\"tablepress tablepress-id-24\">\n<thead>\n<tr class=\"row-1\">\n\t<th class=\"column-1\">DETALLE<\/th><th class=\"column-2\">RMU<\/th>\n<\/tr>\n<\/thead>\n<tbody class=\"row-striping row-hover\">\n<tr class=\"row-2\">\n\t<td class=\"column-1\">DOCENTES OCASIONALES TIEMPO COMPLETO<\/td><td class=\"column-2\">$1676,00<\/td>\n<\/tr>\n<tr class=\"row-3\">\n\t<td class=\"column-1\">DOCENTES OCASIONALES MEDIO TIEMPO<\/td><td class=\"column-2\">$838,00<\/td>\n<\/tr>\n<tr class=\"row-4\">\n\t<td class=\"column-1\">DOCENTES OCASIONALES TIEMPO PARCIAL (18h)<\/td><td class=\"column-2\">$754,20<\/td>\n<\/tr>\n<\/tbody>\n<\/table>\n<!-- #tablepress-24-no-2 from cache -->[\/vc_column_text][gt3_spacing height=&#8221;50&#8243;][vc_row_inner][vc_column_inner][vc_column_text]\n<h2><span style=\"font-size: 18pt;\"><strong>1.2- ACTIVIDADES DOCENTE OCASIONAL<\/strong><\/span><\/h2>\n[\/vc_column_text][gt3_spacing height=&#8221;20&#8243;][vc_cta h2=&#8221;&#8221;]\n<p style=\"text-align: left;\"><span style=\"font-size: 18pt;\"><strong>PERSONAL TIEMPO COMPLETO<br \/>\n<\/strong><span style=\"font-size: 14pt;\">(40 HORAS SEMANALES)<\/span><\/span><\/p>\n<ul>\n<li>24 horas semanales Clases<\/li>\n<li>16 horas semanales (Preparaci\u00f3n y actualizaci\u00f3n de clases, seminarios, talleres, entre otros. Preparaci\u00f3n, elaboraci\u00f3n, aplicaci\u00f3n y calificaci\u00f3n de ex\u00e1menes, trabajos y pr\u00e1cticas.)<\/li>\n<\/ul>\n[\/vc_cta][\/vc_column_inner][vc_column_inner width=&#8221;1\/2&#8243;][vc_cta h2=&#8221;&#8221;]\n<p style=\"text-align: left;\"><span style=\"font-size: 18pt;\"><strong>PERSONAL MEDIO TIEMPO<br \/>\n<\/strong><span style=\"font-size: 14pt;\">(20 HORAS SEMANALES)<\/span><\/span><\/p>\n<ul>\n<li style=\"text-align: left;\">12 horas semanales Clases<\/li>\n<li style=\"text-align: justify;\">8 horas semanales (Preparaci\u00f3n y actualizaci\u00f3n de clases, seminarios, talleres, entre otros. Orientaci\u00f3n y acompa\u00f1amiento a trav\u00e9s de tutor\u00edas presenciales virtuales, individuales o grupales. Preparaci\u00f3n, elaboraci\u00f3n, aplicaci\u00f3n y calificaci\u00f3n de ex\u00e1menes, trabajos y pr\u00e1cticas.)<\/li>\n<\/ul>\n[\/vc_cta][\/vc_column_inner][vc_column_inner width=&#8221;1\/2&#8243;][vc_cta h2=&#8221;&#8221;]<span style=\"font-size: 18pt;\"><strong>PERSONAL TIEMPO PARCIAL<br \/>\n<\/strong><\/span><span style=\"font-size: 18pt;\"><span style=\"font-size: 14pt;\">(18 HORAS SEMANALES)<\/span><\/span><\/p>\n<ul>\n<li>9 horas semanales Clases<\/li>\n<li>9 horas semanales (Preparaci\u00f3n y actualizaci\u00f3n de clases, seminarios, talleres, entre otros. Orientaci\u00f3n y acompa\u00f1amiento a trav\u00e9s de tutor\u00edas presenciales virtuales, individuales o grupales. Preparaci\u00f3n, elaboraci\u00f3n, aplicaci\u00f3n y calificaci\u00f3n de ex\u00e1menes, trabajos y pr\u00e1cticas.)<\/li>\n<\/ul>\n[\/vc_cta][\/vc_column_inner][\/vc_row_inner][\/vc_tta_section][\/vc_tta_tabs][vc_separator color=&#8221;custom&#8221; style=&#8221;dotted&#8221; border_width=&#8221;3&#8243; accent_color=&#8221;#f7b332&#8243;][gt3_spacing height=&#8221;40px&#8221;][vc_column_text]<span style=\"font-size: 18pt;\"><strong>3.- DEL PROCESO DE PRESELECCI\u00d3N DE DOCENTES OCASIONALES TIEMPO COMPLETO, MEDIO TIEMPO Y TIEMPO PARCIAL<\/strong><\/span><\/p>\n<p>El proceso de preselecci\u00f3n docente tiene dos etapas:<\/p>\n<ol>\n<li><span style=\"font-size: 14pt;\"><strong>Fase de m\u00e9ritos: <\/strong><\/span>Revisi\u00f3n y calificaci\u00f3n de los requisitos acad\u00e9micos registrados en la plataforma.<\/li>\n<li><strong><span style=\"font-size: 14pt;\">Fase de oposici\u00f3n: <\/span><\/strong>Capacitaci\u00f3n: Dentro del proceso de preselecci\u00f3n los participantes que superen la fase de m\u00e9ritos, recibir\u00e1n un Curso Pr\u00e1ctico de Entrenamiento <strong>\u201c<em>Docente en Educaci\u00f3n Superior en L\u00ednea\u201d<\/em><\/strong> (<strong>requisito de contrataci\u00f3n<\/strong>), el cual deben aprobar con m\u00ednimo 70 puntos, que tendr\u00e1 una duraci\u00f3n de 120 horas y ser\u00e1 impartido por profesionales de la Instituci\u00f3n, en este curso los participantes desarrollar\u00e1n competencias t\u00e9cnicas y conductuales necesarias para ocupar el cargo al cual postula.<\/li>\n<\/ol>\n<p><strong>Nota<\/strong>: En el caso que requiera obtener el certificado, el mismo tendr\u00e1 un costo, para lo cual deber\u00e1 contactarse con el departamento de Educaci\u00f3n Continua UNEMI.<\/p>\n<p>Para m\u00e1s informaci\u00f3n del cronograma del proceso, dar\u00a0<a href=\"https:\/\/www.unemi.edu.ec\/wp-content\/uploads\/2022\/04\/cronograma0628572001649986184.pdf\"><strong>click aqu\u00ed<\/strong><\/a>.[\/vc_column_text][gt3_spacing height=&#8221;32px&#8221;][vc_column_text]<span style=\"font-size: 18pt;\"><strong>4.- APLICACI\u00d3N<\/strong><\/span><\/p>\n<p>Los aspirantes deber\u00e1n aplicar a trav\u00e9s de la plataforma inform\u00e1tica <strong><a href=\"https:\/\/posgrados.unemi.edu.ec\/loginsga\" target=\"_blank\" rel=\"noopener noreferrer\">postulate.unemi.edu.ec<\/a><\/strong> y llenar el formulario de aplicaci\u00f3n, el 20 de abril de 2022 hasta las 23:59.[\/vc_column_text][gt3_spacing height=&#8221;32px&#8221;][vc_column_text]<span style=\"font-size: 18pt;\"><strong>5.- RESULTADOS DE PRESELECCI\u00d3N<\/strong><\/span><\/p>\n<p>Los aspirantes que obtengan como m\u00ednimo 70 puntos del total de la calificaci\u00f3n en el curso de entrenamiento <strong>\u201cDocente en Educaci\u00f3n Superior en L\u00ednea\u201d <\/strong>y que aprueben el <strong>Proceso de Evaluaci\u00f3n Psicol\u00f3gica<\/strong>, pasar\u00e1n a la siguiente fase<strong> (Etapa de Selecci\u00f3n).<\/strong>[\/vc_column_text][gt3_spacing height=&#8221;50&#8243;][vc_separator color=&#8221;custom&#8221; style=&#8221;dotted&#8221; border_width=&#8221;3&#8243; accent_color=&#8221;#f7b332&#8243;][gt3_spacing height=&#8221;50&#8243;][vc_custom_heading text=&#8221;ETAPA DE SELECCI\u00d3N&#8221; font_container=&#8221;tag:h2|text_align:center&#8221; google_fonts=&#8221;font_family:Montserrat%3Aregular%2C700|font_style:700%20bold%20regular%3A700%3Anormal&#8221; css_animation=&#8221;none&#8221;][vc_separator el_width=&#8221;80&#8243;][gt3_spacing height=&#8221;32px&#8221;][vc_column_text]<span style=\"font-size: 18pt;\"><strong>6.- SELECCI\u00d3N Y CONTRATACI\u00d3N<\/strong><\/span><\/p>\n<p>Los aspirantes seleccionados <strong>que obtengan el resultado id\u00f3neo en la Etapa de Entrevistas<\/strong> y sean <strong>declarados ganadores del Proceso de Selecci\u00f3n<\/strong>, ser\u00e1n contratados\u00a0en funci\u00f3n de los requerimientos acad\u00e9micos espec\u00edficos de la UNEMI.[\/vc_column_text][gt3_spacing height=&#8221;32px&#8221;][vc_column_text]<span style=\"font-size: 18pt;\"><strong>7.- PROGRAMA DE INDUCCI\u00d3N INSTITUCIONAL<\/strong><\/span><\/p>\n<p>Los contratados, realizar\u00e1n el Programa de Inducci\u00f3n Institucional en las fechas establecidas para el efecto.[\/vc_column_text][gt3_spacing height=&#8221;32px&#8221;][\/vc_column][vc_column width=&#8221;1\/3&#8243;][gt3_spacing height=&#8221;32px&#8221;][gt3_button button_title=&#8221;Post\u00falate UNEMI&#8221; button_alignment=&#8221;block&#8221; btn_border_width=&#8221;2px&#8221; btn_icon_type=&#8221;font&#8221; btn_icon_fontawesome=&#8221;fas fa-user-plus&#8221; icon_font_size=&#8221;24&#8243; btn_font_size=&#8221;20&#8243; link=&#8221;url:http%3A%2F%2Fpostulate.unemi.edu.ec|target:_blank&#8221;][gt3_button button_title=&#8221;Cronograma de Preselecci\u00f3n&#8221; button_alignment=&#8221;block&#8221; btn_border_width=&#8221;2px&#8221; btn_icon_type=&#8221;font&#8221; btn_icon_fontawesome=&#8221;fas fa-calendar-day&#8221; icon_font_size=&#8221;24&#8243; btn_font_size=&#8221;20&#8243; link=&#8221;url:http%3A%2F%2Fwww.unemi.edu.ec%2Fwp-content%2Fuploads%2F2022%2F04%2Fcronograma0628572001649986184.pdf|target:_blank&#8221;][\/vc_column][\/vc_row]\n","protected":false},"excerpt":{"rendered":"<p>[vc_row full_width=&#8221;stretch_row&#8221; css=&#8221;.vc_custom_1618632154446{margin-top: -40px !important;background-image: url(https:\/\/www.unemi.edu.ec\/wp-content\/uploads\/2020\/12\/Herader-Web-unemi-junio-2020.png?id=24324) !important;background-position: center !important;background-repeat: no-repeat !important;background-size: cover !important;}&#8221;][vc_column][gt3_spacing height=&#8221;30&#8243;][vc_column_text] CONVOCATORIA PARA EL PROCESO DE PRESELECCI\u00d3N PROFESORES OCASIONALES: TIEMPO COMPLETO, MEDIO TIEMPO Y TIEMPO PARCIAL DE [&hellip;]<\/p>\n","protected":false},"author":35,"featured_media":0,"parent":0,"menu_order":0,"comment_status":"closed","ping_status":"closed","template":"","meta":{"_joinchat":[],"footnotes":""},"class_list":["post-30389","page","type-page","status-publish","hentry"],"_links":{"self":[{"href":"https:\/\/www.unemi.edu.ec\/index.php\/wp-json\/wp\/v2\/pages\/30389","targetHints":{"allow":["GET"]}}],"collection":[{"href":"https:\/\/www.unemi.edu.ec\/index.php\/wp-json\/wp\/v2\/pages"}],"about":[{"href":"https:\/\/www.unemi.edu.ec\/index.php\/wp-json\/wp\/v2\/types\/page"}],"author":[{"embeddable":true,"href":"https:\/\/www.unemi.edu.ec\/index.php\/wp-json\/wp\/v2\/users\/35"}],"replies":[{"embeddable":true,"href":"https:\/\/www.unemi.edu.ec\/index.php\/wp-json\/wp\/v2\/comments?post=30389"}],"version-history":[{"count":3,"href":"https:\/\/www.unemi.edu.ec\/index.php\/wp-json\/wp\/v2\/pages\/30389\/revisions"}],"predecessor-version":[{"id":48154,"href":"https:\/\/www.unemi.edu.ec\/index.php\/wp-json\/wp\/v2\/pages\/30389\/revisions\/48154"}],"wp:attachment":[{"href":"https:\/\/www.unemi.edu.ec\/index.php\/wp-json\/wp\/v2\/media?parent=30389"}],"curies":[{"name":"wp","href":"https:\/\/api.w.org\/{rel}","templated":true}]}}