{"id":28928,"date":"2022-01-11T14:38:38","date_gmt":"2022-01-11T19:38:38","guid":{"rendered":"https:\/\/https:\/\/www.unemi.edu.ec\/\/wordpress\/?page_id=28928"},"modified":"2023-01-09T15:02:38","modified_gmt":"2023-01-09T20:02:38","slug":"cedulas-presupuestarias-2022","status":"publish","type":"page","link":"https:\/\/www.unemi.edu.ec\/index.php\/documentos-institucionales-2022\/informacion-financiera-2022\/cedulas-presupuestarias-2022\/","title":{"rendered":"C\u00e9dulas Presupuestarias 2022"},"content":{"rendered":"<p><a href=\"https:\/\/www.unemi.edu.ec\/wp-content\/uploads\/2022\/02\/cedula_de_gastos_enero_22.pdf\">C\u00e9dula presupuestaria enero 2022<\/a><br \/>\n<a href=\"https:\/\/www.unemi.edu.ec\/wp-content\/uploads\/2022\/03\/Cedula_presupuestaria_febrero_2022.pdf\">C\u00e9dula presupuestaria febrero 2022<\/a><br \/>\n<a href=\"https:\/\/www.unemi.edu.ec\/wp-content\/uploads\/2022\/04\/Cedula_presupuestaria_marzo_2022.pdf\">C\u00e9dula presupuestaria marzo 2022<\/a><br \/>\n<a href=\"https:\/\/www.unemi.edu.ec\/wp-content\/uploads\/2022\/05\/cedula_de_gastos_abril_2022.pdf\">C\u00e9dula presupuestaria abril 2022<\/a><br \/>\n<a href=\"https:\/\/www.unemi.edu.ec\/wp-content\/uploads\/2022\/06\/cedula_de_gastos_mayo_2022.pdf\">C\u00e9dula presupuestaria mayo 2022<\/a><br \/>\n<a href=\"https:\/\/www.unemi.edu.ec\/wp-content\/uploads\/2022\/07\/cedula_de_gastos_junio_2022.pdf\">C\u00e9dula presupuestaria junio 2022<\/a><br \/>\n<a href=\"https:\/\/www.unemi.edu.ec\/wp-content\/uploads\/2022\/08\/Cedula-de-gastos.pdf\">C\u00e9dula presupuestaria julio 2022<\/a><br \/>\n<a href=\"https:\/\/www.unemi.edu.ec\/wp-content\/uploads\/2022\/09\/CEDULA-DE-GASTOS.pdf\">C\u00e9dula presupuestaria agosto 2022<\/a><br \/>\n<a href=\"https:\/\/www.unemi.edu.ec\/wp-content\/uploads\/2022\/10\/cedula_de_gastos_septiembre_2022.pdf\">C\u00e9dula presupuestaria septiembre 2022<\/a><br \/>\n<a href=\"https:\/\/www.unemi.edu.ec\/wp-content\/uploads\/2022\/11\/FT.GP_.ITEM-A-OCTUBRE-2022.pdf\">C\u00e9dula presupuestaria octubre 2022<\/a><br \/>\n<a href=\"https:\/\/www.unemi.edu.ec\/wp-content\/uploads\/2022\/12\/FUENTE-DE-FINANCIAMIENTO.pdf\">C\u00e9dula presupuestaria noviembre 2022<\/a><br \/>\n<a href=\"https:\/\/www.unemi.edu.ec\/wp-content\/uploads\/2023\/01\/cedula_de_gastos_diciembre_2022.pdf\">C\u00e9dula presupuestaria diciembre 2022<\/a><\/p>\n","protected":false},"excerpt":{"rendered":"<p>C\u00e9dula presupuestaria enero 2022 C\u00e9dula presupuestaria febrero 2022 C\u00e9dula presupuestaria marzo 2022 C\u00e9dula presupuestaria abril 2022 C\u00e9dula presupuestaria mayo 2022 C\u00e9dula presupuestaria junio 2022 C\u00e9dula presupuestaria julio 2022 C\u00e9dula presupuestaria [&hellip;]<\/p>\n","protected":false},"author":35,"featured_media":0,"parent":28913,"menu_order":0,"comment_status":"closed","ping_status":"closed","template":"","meta":{"_joinchat":[],"footnotes":""},"class_list":["post-28928","page","type-page","status-publish","hentry"],"_links":{"self":[{"href":"https:\/\/www.unemi.edu.ec\/index.php\/wp-json\/wp\/v2\/pages\/28928","targetHints":{"allow":["GET"]}}],"collection":[{"href":"https:\/\/www.unemi.edu.ec\/index.php\/wp-json\/wp\/v2\/pages"}],"about":[{"href":"https:\/\/www.unemi.edu.ec\/index.php\/wp-json\/wp\/v2\/types\/page"}],"author":[{"embeddable":true,"href":"https:\/\/www.unemi.edu.ec\/index.php\/wp-json\/wp\/v2\/users\/35"}],"replies":[{"embeddable":true,"href":"https:\/\/www.unemi.edu.ec\/index.php\/wp-json\/wp\/v2\/comments?post=28928"}],"version-history":[{"count":9,"href":"https:\/\/www.unemi.edu.ec\/index.php\/wp-json\/wp\/v2\/pages\/28928\/revisions"}],"predecessor-version":[{"id":33699,"href":"https:\/\/www.unemi.edu.ec\/index.php\/wp-json\/wp\/v2\/pages\/28928\/revisions\/33699"}],"up":[{"embeddable":true,"href":"https:\/\/www.unemi.edu.ec\/index.php\/wp-json\/wp\/v2\/pages\/28913"}],"wp:attachment":[{"href":"https:\/\/www.unemi.edu.ec\/index.php\/wp-json\/wp\/v2\/media?parent=28928"}],"curies":[{"name":"wp","href":"https:\/\/api.w.org\/{rel}","templated":true}]}}