{"id":28913,"date":"2022-01-11T12:35:27","date_gmt":"2022-01-11T17:35:27","guid":{"rendered":"https:\/\/https:\/\/www.unemi.edu.ec\/\/wordpress\/?page_id=28913"},"modified":"2025-10-02T16:37:39","modified_gmt":"2025-10-02T21:37:39","slug":"informacion-financiera-2022","status":"publish","type":"page","link":"https:\/\/www.unemi.edu.ec\/index.php\/documentos-institucionales-2022\/informacion-financiera-2022\/","title":{"rendered":"Informaci\u00f3n Financiera 2022"},"content":{"rendered":"<h2><strong>Presupuesto Anual de la Instituci\u00f3n<\/strong><\/h2>\n<h3><strong>Procesos de Contrataci\u00f3n<\/strong><\/h3>\n<ul>\n<li><a href=\"https:\/\/www.unemi.edu.ec\/index.php\/documentos-institucionales-2022\/informacion-financiera-2022\/procesos-de-compras-2022\/\" target=\"_blank\" rel=\"noopener noreferrer\">Procesos de compras<\/a><\/li>\n<li><a href=\"https:\/\/www.unemi.edu.ec\/index.php\/documentos-institucionales-2022\/informacion-financiera-2022\/infimas-cuantias-2022\/\" target=\"_blank\" rel=\"noopener noreferrer\">\u00cdnfimas Cuant\u00edas<\/a><\/li>\n<\/ul>\n<h3><strong>\u00a0Ejecuci\u00f3n del Presupuesto<\/strong><\/h3>\n<ul>\n<li><a href=\"https:\/\/www.unemi.edu.ec\/index.php\/documentos-institucionales-2022\/informacion-financiera-2022\/reporte-de-gastos-2022\/\">Reporte de Gastos 2022<\/a><\/li>\n<li><a href=\"https:\/\/www.unemi.edu.ec\/index.php\/documentos-institucionales-2022\/informacion-financiera-2022\/cedulas-presupuestarias-2022\/\">C\u00e9dulas Presupuestarias 2022<\/a><\/li>\n<li><a href=\"https:\/\/www.unemi.edu.ec\/index.php\/documentos-institucionales-2022\/informacion-financiera-2022\/listado-de-destinatarios-de-recursos-2022\/\">Listado de destinatarios de recursos 2022<\/a><\/li>\n<li><a href=\"https:\/\/www.unemi.edu.ec\/wp-content\/uploads\/2022\/02\/presupuesto-liquidado-21.pdf\">Presupuesto 2021 liquidado<\/a><\/li>\n<li><a href=\"https:\/\/www.unemi.edu.ec\/index.php\/documentos-institucionales-2022\/informacion-financiera-2022\/viaticos-2022\/\">Vi\u00e1ticos<\/a><\/li>\n<\/ul>\n<h3><strong>Obligaciones Tributarias<\/strong><\/h3>\n<ul>\n<li><a href=\"https:\/\/www.unemi.edu.ec\/wp-content\/uploads\/2023\/03\/Certificado_Cumplimiento_Tributario-2022.pdf\">Certificado de Cumplimiento Tributario<\/a><\/li>\n<\/ul>\n<h3><strong>Estados financieros auditados<\/strong><\/h3>\n<ul>\n<li><a href=\"https:\/\/www.unemi.edu.ec\/wp-content\/uploads\/2025\/10\/Informe-y-Estados-Financieros-Auditados-ano-2022.zip\">Informe y estados financieros auditados 2022<\/a><\/li>\n<\/ul>\n","protected":false},"excerpt":{"rendered":"<p>Presupuesto Anual de la Instituci\u00f3n Procesos de Contrataci\u00f3n Procesos de compras \u00cdnfimas Cuant\u00edas \u00a0Ejecuci\u00f3n del Presupuesto Reporte de Gastos 2022 C\u00e9dulas Presupuestarias 2022 Listado de destinatarios de recursos 2022 Presupuesto [&hellip;]<\/p>\n","protected":false},"author":35,"featured_media":0,"parent":28904,"menu_order":0,"comment_status":"closed","ping_status":"closed","template":"","meta":{"_joinchat":[],"footnotes":""},"class_list":["post-28913","page","type-page","status-publish","hentry"],"_links":{"self":[{"href":"https:\/\/www.unemi.edu.ec\/index.php\/wp-json\/wp\/v2\/pages\/28913","targetHints":{"allow":["GET"]}}],"collection":[{"href":"https:\/\/www.unemi.edu.ec\/index.php\/wp-json\/wp\/v2\/pages"}],"about":[{"href":"https:\/\/www.unemi.edu.ec\/index.php\/wp-json\/wp\/v2\/types\/page"}],"author":[{"embeddable":true,"href":"https:\/\/www.unemi.edu.ec\/index.php\/wp-json\/wp\/v2\/users\/35"}],"replies":[{"embeddable":true,"href":"https:\/\/www.unemi.edu.ec\/index.php\/wp-json\/wp\/v2\/comments?post=28913"}],"version-history":[{"count":10,"href":"https:\/\/www.unemi.edu.ec\/index.php\/wp-json\/wp\/v2\/pages\/28913\/revisions"}],"predecessor-version":[{"id":50392,"href":"https:\/\/www.unemi.edu.ec\/index.php\/wp-json\/wp\/v2\/pages\/28913\/revisions\/50392"}],"up":[{"embeddable":true,"href":"https:\/\/www.unemi.edu.ec\/index.php\/wp-json\/wp\/v2\/pages\/28904"}],"wp:attachment":[{"href":"https:\/\/www.unemi.edu.ec\/index.php\/wp-json\/wp\/v2\/media?parent=28913"}],"curies":[{"name":"wp","href":"https:\/\/api.w.org\/{rel}","templated":true}]}}