{"id":24452,"date":"2021-01-11T17:55:07","date_gmt":"2021-01-11T22:55:07","guid":{"rendered":"https:\/\/https:\/\/www.unemi.edu.ec\/\/wordpress\/?page_id=24452"},"modified":"2024-06-28T16:05:33","modified_gmt":"2024-06-28T21:05:33","slug":"documentos-institucionales-2021","status":"publish","type":"page","link":"https:\/\/www.unemi.edu.ec\/index.php\/documentos-institucionales-2021\/","title":{"rendered":"Documentos Institucionales 2021"},"content":{"rendered":"<p><span style=\"font-size: 12pt;\"><a href=\"https:\/\/www.unemi.edu.ec\/index.php\/base-legal-que-la-rige\/\">Base Legal que la rige<\/a><br \/>\n<\/span><span style=\"font-size: 12pt;\"><a href=\"https:\/\/www.unemi.edu.ec\/index.php\/documentos-institucionales-2021\/resoluciones-ocas-2021\/\" target=\"_blank\" rel=\"noopener noreferrer\">Resoluciones \u00d3rgano Colegiado Acad\u00e9mico Superior &#8211; OCAS<\/a><br \/>\n<\/span><span style=\"font-size: 12pt;\"><a href=\"https:\/\/www.unemi.edu.ec\/index.php\/informacion-administrativa\/\">Informaci\u00f3n Administrativa<\/a><br \/>\n<\/span><span style=\"font-size: 12pt;\"><a href=\"https:\/\/www.unemi.edu.ec\/index.php\/documentos-institucionales-2021\/informacion-financiera-2021\/\">Informaci\u00f3n Financiera<\/a><br \/>\n<\/span><span style=\"font-size: 12pt;\"><a href=\"https:\/\/www.unemi.edu.ec\/index.php\/informacion-laboral\/\">Informaci\u00f3n Laboral<\/a><br \/>\n<\/span><span style=\"font-size: 12pt;\"><a href=\"https:\/\/www.unemi.edu.ec\/index.php\/documentos-institucionales-2021\/planificacion-institucional-2021\/\">Planificaci\u00f3n Institucional<\/a><br \/>\n<\/span><span style=\"font-size: 12pt;\"><a href=\"https:\/\/www.unemi.edu.ec\/index.php\/formatos-de-solicitudes\/\">Formatos de solicitudes<\/a><br \/>\n<\/span><span style=\"font-size: 12pt;\"><a href=\"https:\/\/www.unemi.edu.ec\/index.php\/servicios-que-ofrece\/\">Servicios que ofrece<\/a><br \/>\n<\/span><span style=\"font-size: 12pt;\"><a href=\"https:\/\/www.unemi.edu.ec\/index.php\/examenes-especiales-y-cumplimiento-de-recomendaciones-de-auditoria-interna-y-gubernamental\/\">Ex\u00e1menes Especiales y Cumplimiento de Recomendaciones de Auditoria Interna y Gubernamental<\/a><br \/>\n<\/span><span style=\"font-size: 12pt;\"><a href=\"https:\/\/www.unemi.edu.ec\/wp-content\/uploads\/2021\/06\/Informe-de-Gestion-Institucional-2020-1.pdf\" target=\"_blank\" rel=\"noopener noreferrer\">Mecanismos de rendici\u00f3n de Cuentas a la Ciudadan\u00eda<\/a><br \/>\n<\/span><span style=\"font-size: 12pt;\"><a href=\"\/wp-content\/uploads\/2018\/09\/solicitud-acceso-a-la-informacion-unemi.pdf\" target=\"_blank\" rel=\"noopener noreferrer\">Solicitud de acceso a la informaci\u00f3n p\u00fablica<\/a><br \/>\n<\/span><span style=\"font-size: 12pt;\"><a href=\"https:\/\/www.unemi.edu.ec\/wp-content\/uploads\/2019\/08\/Designacion_Comite_Transparencia.pdf\" target=\"_blank\" rel=\"noopener noreferrer\">Designaci\u00f3n Comit\u00e9 de Transparencia Institucional<\/a><br \/>\n<\/span><span style=\"font-size: 12pt;\"><a href=\"https:\/\/www.unemi.edu.ec\/index.php\/difusion-y-comunicacion-de-la-gestion-institucional\/\">Difusi\u00f3n y Comunicaci\u00f3n de la Gesti\u00f3n Institucional<\/a><\/span><\/p>\n<p><a href=\"https:\/\/www.unemi.edu.ec\/wp-content\/uploads\/2022\/03\/Estudiantes-2021-1.pdf\">Estudiantes 2021<\/a><\/p>\n","protected":false},"excerpt":{"rendered":"<p>Base Legal que la rige Resoluciones \u00d3rgano Colegiado Acad\u00e9mico Superior &#8211; OCAS Informaci\u00f3n Administrativa Informaci\u00f3n Financiera Informaci\u00f3n Laboral Planificaci\u00f3n Institucional Formatos de solicitudes Servicios que ofrece Ex\u00e1menes Especiales y Cumplimiento [&hellip;]<\/p>\n","protected":false},"author":35,"featured_media":0,"parent":0,"menu_order":0,"comment_status":"closed","ping_status":"closed","template":"","meta":{"_joinchat":[],"footnotes":""},"class_list":["post-24452","page","type-page","status-publish","hentry"],"_links":{"self":[{"href":"https:\/\/www.unemi.edu.ec\/index.php\/wp-json\/wp\/v2\/pages\/24452","targetHints":{"allow":["GET"]}}],"collection":[{"href":"https:\/\/www.unemi.edu.ec\/index.php\/wp-json\/wp\/v2\/pages"}],"about":[{"href":"https:\/\/www.unemi.edu.ec\/index.php\/wp-json\/wp\/v2\/types\/page"}],"author":[{"embeddable":true,"href":"https:\/\/www.unemi.edu.ec\/index.php\/wp-json\/wp\/v2\/users\/35"}],"replies":[{"embeddable":true,"href":"https:\/\/www.unemi.edu.ec\/index.php\/wp-json\/wp\/v2\/comments?post=24452"}],"version-history":[{"count":4,"href":"https:\/\/www.unemi.edu.ec\/index.php\/wp-json\/wp\/v2\/pages\/24452\/revisions"}],"predecessor-version":[{"id":42081,"href":"https:\/\/www.unemi.edu.ec\/index.php\/wp-json\/wp\/v2\/pages\/24452\/revisions\/42081"}],"wp:attachment":[{"href":"https:\/\/www.unemi.edu.ec\/index.php\/wp-json\/wp\/v2\/media?parent=24452"}],"curies":[{"name":"wp","href":"https:\/\/api.w.org\/{rel}","templated":true}]}}