{"id":23579,"date":"2020-09-16T06:42:00","date_gmt":"2020-09-16T11:42:00","guid":{"rendered":"https:\/\/https:\/\/www.unemi.edu.ec\/\/wordpress\/?page_id=23579"},"modified":"2020-11-06T16:01:24","modified_gmt":"2020-11-06T21:01:24","slug":"convocatoria-a-concurso-personal-academico-titular","status":"publish","type":"page","link":"https:\/\/www.unemi.edu.ec\/index.php\/convocatoria-a-concurso-personal-academico-titular\/","title":{"rendered":"Convocatoria a concurso para personal acad\u00e9mico titular"},"content":{"rendered":"[vc_row full_width=&#8221;stretch_row&#8221; css=&#8221;.vc_custom_1600183863405{background-image: url(https:\/\/www.unemi.edu.ec\/wp-content\/uploads\/2020\/06\/Herader-Web-unemi-junio-2020.jpg?id=22831) !important;}&#8221;][vc_column][gt3_spacing height=&#8221;20px&#8221;][gt3_custom_text text_color=&#8221;#0f1626&#8243; font_size=&#8221;16&#8243;]\n<h1 style=\"text-align: left;\"><span style=\"color: #00501f;\"><strong><span style=\"font-size: 36pt;\">Convocatoria a concurso de m\u00e9ritos y oposici\u00f3n para personal acad\u00e9mico titular auxiliar 1 y agregado 1<\/span><\/strong><\/span><\/h1>\n[\/gt3_custom_text][gt3_spacing height=&#8221;40px&#8221;][\/vc_column][\/vc_row][vc_row][vc_column width=&#8221;2\/3&#8243;][gt3_spacing height=&#8221;32px&#8221;][vc_separator color=&#8221;custom&#8221; border_width=&#8221;3&#8243; accent_color=&#8221;#00501f&#8221;][vc_column_text css=&#8221;.vc_custom_1603217020931{background-color: #d1d1d1 !important;}&#8221;]\n<p style=\"text-align: center;\"><em><span style=\"color: #00501f; font-size: 14pt;\">La <strong>etapa de Oposici\u00f3n<\/strong>\u00a0ha concluido, los postulantes pueden visualizar los resultados en el siguiente enlace: <a href=\"https:\/\/postulate.unemi.edu.ec\/\" target=\"_blank\" rel=\"noopener\"><strong>https:\/\/postulate.unemi.edu.ec\/<\/strong><\/a><\/span><\/em><\/p>\n[\/vc_column_text][vc_separator color=&#8221;custom&#8221; border_width=&#8221;3&#8243; accent_color=&#8221;#00501f&#8221;][gt3_spacing height=&#8221;20px&#8221;][vc_separator color=&#8221;custom&#8221; border_width=&#8221;3&#8243; accent_color=&#8221;#00501f&#8221;][vc_column_text css=&#8221;.vc_custom_1603217166658{background-color: #d1d1d1 !important;}&#8221;]\n<p style=\"text-align: center;\"><em><span style=\"font-size: 14pt;\">Conforme al cronograma establecido en el concurso, las <strong>impugnaciones<\/strong> de la etapa de oposici\u00f3n empiezan el <strong>20 de octubre del 2020<\/strong>\u00a0en la plataforma de postulaci\u00f3n.<br \/>\nPara el efecto el postulante (de ser el caso) debe registrar su impugnaci\u00f3n en el sistema, luego deber\u00e1 imprimir la documentaci\u00f3n registrada en la plataforma, firmar la solicitud y entregar de forma personal en Rectorado (Bloque R). La recepci\u00f3n de impugnaciones en la etapa de oposici\u00f3n, tal como lo estable el cronograma finaliza el<strong> 22 de octubre a las 17:00<\/strong>.<\/span><\/em><\/p>\n[\/vc_column_text][vc_separator color=&#8221;custom&#8221; border_width=&#8221;3&#8243; accent_color=&#8221;#00501f&#8221;][gt3_spacing height=&#8221;32px&#8221;][vc_column_text]De conformidad con la Resoluci\u00f3n <strong>OCAS-SE-20-2020-No2<\/strong> expedida por el \u00d3rgano Colegiado Acad\u00e9mico Superior de la Universidad Estatal de Milagro y con el objetivo de fortalecer el profesorado de la instituci\u00f3n y as\u00ed mejorar las capacidades de difusi\u00f3n, generaci\u00f3n, ense\u00f1anza, aprendizaje y transferencia de conocimientos de las Facultades Acad\u00e9micas, la Universidad estatal de Milagro convoca a concurso p\u00fablico de m\u00e9ritos y oposici\u00f3n para<strong>\u00a0personal acad\u00e9mico titular auxiliar 1 y agregado 1<\/strong>.<\/p>\n<p>Tiempo de dedicaci\u00f3n:<\/p>\n<ul>\n<li><strong>DEDICACI\u00d3N EXCLUSIVA &#8211; Tiempo Completo (40 horas) -73 plazas vacantes<\/strong><\/li>\n<\/ul>\n<p><strong>FACULTADES: <\/strong><\/p>\n<ol>\n<li>SALUD Y SERVICIOS SOCIALES<\/li>\n<li>EDUCACI\u00d3N<\/li>\n<li>CIENCIAS SOCIALES, EDUCACI\u00d3N COMERCIAL Y DERECHO<\/li>\n<li>CIENCIAS E INGENIER\u00cdA<\/li>\n<\/ol>\n[\/vc_column_text][\/vc_column][vc_column width=&#8221;1\/3&#8243;][gt3_spacing height=&#8221;32px&#8221;][gt3_button button_title=&#8221;Declaratoria de Ganadores&#8221; button_alignment=&#8221;block&#8221; btn_border_width=&#8221;2px&#8221; btn_icon_type=&#8221;image&#8221; btn_image=&#8221;13556&#8243; btn_font_size=&#8221;18&#8243; use_theme_button=&#8221;&#8221; btn_bg_color=&#8221;#00501f&#8221; btn_text_color=&#8221;#ffffff&#8221; btn_bg_color_hover=&#8221;#ffffff&#8221; btn_text_color_hover=&#8221;#00501f&#8221; btn_icon_color=&#8221;#ffffff&#8221; btn_icon_color_hover=&#8221;#ffffff&#8221; btn_border_color=&#8221;#00501f&#8221; btn_border_color_hover=&#8221;#00501f&#8221; link=&#8221;||target:%20_blank|&#8221;][gt3_button button_title=&#8221;Resultados de Impugnaci\u00f3n etapa de Oposici\u00f3n&#8221; button_alignment=&#8221;block&#8221; btn_border_width=&#8221;2px&#8221; btn_icon_type=&#8221;image&#8221; btn_image=&#8221;13556&#8243; btn_font_size=&#8221;18&#8243; use_theme_button=&#8221;&#8221; btn_bg_color=&#8221;#00501f&#8221; btn_text_color=&#8221;#ffffff&#8221; btn_bg_color_hover=&#8221;#ffffff&#8221; btn_text_color_hover=&#8221;#00501f&#8221; btn_icon_color=&#8221;#ffffff&#8221; btn_icon_color_hover=&#8221;#ffffff&#8221; btn_border_color=&#8221;#00501f&#8221; btn_border_color_hover=&#8221;#00501f&#8221; link=&#8221;url:http%3A%2F%2Fwww.unemi.edu.ec%2F%2Findex.php%2Fresultados-de-impugnacion-oposicion%2F|||&#8221;][gt3_button button_title=&#8221;Actas de calificaci\u00f3n de Oposici\u00f3n&#8221; button_alignment=&#8221;block&#8221; btn_border_width=&#8221;2px&#8221; btn_icon_type=&#8221;image&#8221; btn_image=&#8221;13556&#8243; btn_font_size=&#8221;18&#8243; use_theme_button=&#8221;&#8221; btn_bg_color=&#8221;#00501f&#8221; btn_text_color=&#8221;#ffffff&#8221; btn_bg_color_hover=&#8221;#ffffff&#8221; btn_text_color_hover=&#8221;#00501f&#8221; btn_icon_color=&#8221;#ffffff&#8221; btn_icon_color_hover=&#8221;#ffffff&#8221; btn_border_color=&#8221;#00501f&#8221; btn_border_color_hover=&#8221;#00501f&#8221; link=&#8221;url:http%3A%2F%2Fwww.unemi.edu.ec%2Fwp-content%2Fuploads%2F2020%2F10%2FFINAL-OPOSICION-RC_.pdf||target:%20_blank|&#8221;][gt3_button button_title=&#8221;Cronograma de aplicaci\u00f3n &#8211; Pruebas Te\u00f3ricas y Pr\u00e1cticas&#8221; button_alignment=&#8221;block&#8221; btn_border_width=&#8221;2px&#8221; btn_icon_type=&#8221;image&#8221; btn_image=&#8221;13556&#8243; btn_font_size=&#8221;18&#8243; use_theme_button=&#8221;&#8221; btn_bg_color=&#8221;#00501f&#8221; btn_text_color=&#8221;#ffffff&#8221; btn_bg_color_hover=&#8221;#ffffff&#8221; btn_text_color_hover=&#8221;#00501f&#8221; btn_icon_color=&#8221;#ffffff&#8221; btn_icon_color_hover=&#8221;#ffffff&#8221; btn_border_color=&#8221;#00501f&#8221; btn_border_color_hover=&#8221;#00501f&#8221; link=&#8221;url:http%3A%2F%2Fwww.unemi.edu.ec%2F%2Findex.php%2Fcronograma-pruebas%2F||target:%20_blank|&#8221;][gt3_button button_title=&#8221;Resultados de Impugnaci\u00f3n&#8221; button_alignment=&#8221;block&#8221; btn_border_width=&#8221;2px&#8221; btn_icon_type=&#8221;image&#8221; btn_image=&#8221;13556&#8243; btn_font_size=&#8221;18&#8243; use_theme_button=&#8221;&#8221; btn_bg_color=&#8221;#00501f&#8221; btn_text_color=&#8221;#ffffff&#8221; btn_bg_color_hover=&#8221;#ffffff&#8221; btn_text_color_hover=&#8221;#00501f&#8221; btn_icon_color=&#8221;#ffffff&#8221; btn_icon_color_hover=&#8221;#ffffff&#8221; btn_border_color=&#8221;#00501f&#8221; btn_border_color_hover=&#8221;#00501f&#8221; link=&#8221;url:http%3A%2F%2Fwww.unemi.edu.ec%2F%2Findex.php%2Fresultados-de-impugnacion%2F||target:%20_blank|&#8221;][gt3_button button_title=&#8221;Actas de calificaci\u00f3n de M\u00e9ritos&#8221; button_alignment=&#8221;block&#8221; btn_border_width=&#8221;2px&#8221; btn_icon_type=&#8221;image&#8221; btn_image=&#8221;13556&#8243; btn_font_size=&#8221;18&#8243; use_theme_button=&#8221;&#8221; btn_bg_color=&#8221;#00501f&#8221; btn_text_color=&#8221;#ffffff&#8221; btn_bg_color_hover=&#8221;#ffffff&#8221; btn_text_color_hover=&#8221;#00501f&#8221; btn_icon_color=&#8221;#ffffff&#8221; btn_icon_color_hover=&#8221;#ffffff&#8221; btn_border_color=&#8221;#00501f&#8221; btn_border_color_hover=&#8221;#00501f&#8221; link=&#8221;url:http%3A%2F%2Fwww.unemi.edu.ec%2Fwp-content%2Fuploads%2F2020%2F10%2Factas_generales_unido.pdf||target:%20_blank|&#8221;][gt3_button button_title=&#8221;Resultados etapa de M\u00e9ritos&#8221; button_alignment=&#8221;block&#8221; btn_border_width=&#8221;2px&#8221; btn_icon_type=&#8221;image&#8221; btn_image=&#8221;13556&#8243; btn_font_size=&#8221;18&#8243; use_theme_button=&#8221;&#8221; btn_bg_color=&#8221;#00501f&#8221; btn_text_color=&#8221;#ffffff&#8221; btn_bg_color_hover=&#8221;#ffffff&#8221; btn_text_color_hover=&#8221;#00501f&#8221; btn_icon_color=&#8221;#ffffff&#8221; btn_icon_color_hover=&#8221;#ffffff&#8221; btn_border_color=&#8221;#00501f&#8221; btn_border_color_hover=&#8221;#00501f&#8221; link=&#8221;url:http%3A%2F%2Fwww.unemi.edu.ec%2Fwp-content%2Fuploads%2F2020%2F10%2FResumen-Meritos-FINAL-signed.pdf||target:%20_blank|&#8221;][gt3_button button_title=&#8221;Partidas vacantes&#8221; button_alignment=&#8221;block&#8221; btn_border_width=&#8221;2px&#8221; btn_icon_type=&#8221;image&#8221; btn_image=&#8221;13556&#8243; btn_font_size=&#8221;20&#8243; use_theme_button=&#8221;&#8221; btn_bg_color=&#8221;#00501f&#8221; btn_text_color=&#8221;#ffffff&#8221; btn_bg_color_hover=&#8221;#ffffff&#8221; btn_text_color_hover=&#8221;#00501f&#8221; btn_icon_color=&#8221;#ffffff&#8221; btn_icon_color_hover=&#8221;#ffffff&#8221; btn_border_color=&#8221;#00501f&#8221; btn_border_color_hover=&#8221;#00501f&#8221; link=&#8221;url:http%3A%2F%2Fwww.unemi.edu.ec%2Fwp-content%2Fuploads%2F2020%2F09%2FPARTIDAS-VACANTES-1.pdf||target:%20_blank|&#8221;][gt3_button button_title=&#8221;Requisitos&#8221; button_alignment=&#8221;block&#8221; btn_border_width=&#8221;2px&#8221; btn_icon_type=&#8221;image&#8221; btn_image=&#8221;13556&#8243; btn_font_size=&#8221;20&#8243; use_theme_button=&#8221;&#8221; btn_bg_color=&#8221;#00501f&#8221; btn_text_color=&#8221;#ffffff&#8221; btn_bg_color_hover=&#8221;#ffffff&#8221; btn_text_color_hover=&#8221;#00501f&#8221; btn_icon_color=&#8221;#ffffff&#8221; btn_icon_color_hover=&#8221;#ffffff&#8221; btn_border_color=&#8221;#00501f&#8221; btn_border_color_hover=&#8221;#00501f&#8221; link=&#8221;url:http%3A%2F%2Fwww.unemi.edu.ec%2Fwp-content%2Fuploads%2F2020%2F09%2FREQUISITOS-2.pdf||target:%20_blank|&#8221;][gt3_button button_title=&#8221;Cronograma&#8221; button_alignment=&#8221;block&#8221; btn_border_width=&#8221;2px&#8221; btn_icon_type=&#8221;image&#8221; btn_image=&#8221;13556&#8243; btn_font_size=&#8221;20&#8243; use_theme_button=&#8221;&#8221; btn_bg_color=&#8221;#00501f&#8221; btn_text_color=&#8221;#ffffff&#8221; btn_bg_color_hover=&#8221;#ffffff&#8221; btn_text_color_hover=&#8221;#00501f&#8221; btn_icon_color=&#8221;#ffffff&#8221; btn_icon_color_hover=&#8221;#ffffff&#8221; btn_border_color=&#8221;#00501f&#8221; btn_border_color_hover=&#8221;#00501f&#8221; link=&#8221;url:http%3A%2F%2Fwww.unemi.edu.ec%2Fwp-content%2Fuploads%2F2020%2F10%2FREPROGRAMACION-DE-CRONOGRAMA.pdf||target:%20_blank|&#8221;][gt3_button button_title=&#8221;Normativa&#8221; button_alignment=&#8221;block&#8221; btn_border_width=&#8221;2px&#8221; btn_icon_type=&#8221;image&#8221; btn_image=&#8221;13556&#8243; btn_font_size=&#8221;20&#8243; use_theme_button=&#8221;&#8221; btn_bg_color=&#8221;#00501f&#8221; btn_text_color=&#8221;#ffffff&#8221; btn_bg_color_hover=&#8221;#ffffff&#8221; btn_text_color_hover=&#8221;#00501f&#8221; btn_icon_color=&#8221;#ffffff&#8221; btn_icon_color_hover=&#8221;#ffffff&#8221; btn_border_color=&#8221;#00501f&#8221; btn_border_color_hover=&#8221;#00501f&#8221; link=&#8221;url:http%3A%2F%2Fwww.unemi.edu.ec%2Fwp-content%2Fuploads%2F2020%2F04%2FREGLAMENTO-DE-CARRERA-Y-ESCALAF%25C3%2593N-DEL-PROFESOR-E-INVESTIGADOR-DE-LA-UNIVERSIDAD-ESTATAL-DE-MILAGRO-codificado.pdf||target:%20_blank|&#8221;][\/vc_column][\/vc_row]\n","protected":false},"excerpt":{"rendered":"<p>[vc_row full_width=&#8221;stretch_row&#8221; css=&#8221;.vc_custom_1600183863405{background-image: url(https:\/\/www.unemi.edu.ec\/wp-content\/uploads\/2020\/06\/Herader-Web-unemi-junio-2020.jpg?id=22831) !important;}&#8221;][vc_column][gt3_spacing height=&#8221;20px&#8221;][gt3_custom_text text_color=&#8221;#0f1626&#8243; font_size=&#8221;16&#8243;] Convocatoria a concurso de m\u00e9ritos y oposici\u00f3n para personal acad\u00e9mico titular auxiliar 1 y agregado 1 [\/gt3_custom_text][gt3_spacing height=&#8221;40px&#8221;][\/vc_column][\/vc_row][vc_row][vc_column width=&#8221;2\/3&#8243;][gt3_spacing height=&#8221;32px&#8221;][vc_separator color=&#8221;custom&#8221; border_width=&#8221;3&#8243; [&hellip;]<\/p>\n","protected":false},"author":35,"featured_media":0,"parent":0,"menu_order":0,"comment_status":"closed","ping_status":"closed","template":"","meta":{"_joinchat":[],"footnotes":""},"class_list":["post-23579","page","type-page","status-publish","hentry"],"_links":{"self":[{"href":"https:\/\/www.unemi.edu.ec\/index.php\/wp-json\/wp\/v2\/pages\/23579","targetHints":{"allow":["GET"]}}],"collection":[{"href":"https:\/\/www.unemi.edu.ec\/index.php\/wp-json\/wp\/v2\/pages"}],"about":[{"href":"https:\/\/www.unemi.edu.ec\/index.php\/wp-json\/wp\/v2\/types\/page"}],"author":[{"embeddable":true,"href":"https:\/\/www.unemi.edu.ec\/index.php\/wp-json\/wp\/v2\/users\/35"}],"replies":[{"embeddable":true,"href":"https:\/\/www.unemi.edu.ec\/index.php\/wp-json\/wp\/v2\/comments?post=23579"}],"version-history":[{"count":0,"href":"https:\/\/www.unemi.edu.ec\/index.php\/wp-json\/wp\/v2\/pages\/23579\/revisions"}],"wp:attachment":[{"href":"https:\/\/www.unemi.edu.ec\/index.php\/wp-json\/wp\/v2\/media?parent=23579"}],"curies":[{"name":"wp","href":"https:\/\/api.w.org\/{rel}","templated":true}]}}