{"id":21212,"date":"2020-02-03T22:09:07","date_gmt":"2020-02-03T22:09:07","guid":{"rendered":"https:\/\/https:\/\/www.unemi.edu.ec\/\/wordpress\/?page_id=21212"},"modified":"2021-01-04T14:08:18","modified_gmt":"2021-01-04T19:08:18","slug":"cedulas-presupuestarias-2020","status":"publish","type":"page","link":"https:\/\/www.unemi.edu.ec\/index.php\/cedulas-presupuestarias-2020\/","title":{"rendered":"C\u00e9dulas Presupuestarias 2020"},"content":{"rendered":"<p><a href=\"https:\/\/www.unemi.edu.ec\/wp-content\/uploads\/2020\/02\/cedula_de_gastos_enero_2020.pdf\" target=\"_blank\" rel=\"noopener noreferrer\">C\u00e9dula presupuestaria enero 2020<\/a><br \/>\n<a href=\"https:\/\/www.unemi.edu.ec\/wp-content\/uploads\/2020\/02\/cedula_de_gastos_febrero_2020.pdf\" target=\"_blank\" rel=\"noopener noreferrer\">C\u00e9dula presupuestaria febrero 2020<\/a><br \/>\n<a href=\"https:\/\/www.unemi.edu.ec\/wp-content\/uploads\/2020\/04\/cedula_de_gastos_marzo_2020.pdf\" target=\"_blank\" rel=\"noopener noreferrer\">C\u00e9dula presupuestaria marzo 2020<\/a><br \/>\n<a href=\"https:\/\/www.unemi.edu.ec\/wp-content\/uploads\/2020\/05\/cedula_de_gastos_abril_2020.pdf\" target=\"_blank\" rel=\"noopener noreferrer\">C\u00e9dula presupuestaria abril 2020<\/a><br \/>\n<a href=\"https:\/\/www.unemi.edu.ec\/wp-content\/uploads\/2020\/06\/cedula_de_gastos_mayo_2020.pdf\" target=\"_blank\" rel=\"noopener noreferrer\">C\u00e9dula presupuestaria mayo 2020<\/a><br \/>\n<a href=\"https:\/\/www.unemi.edu.ec\/wp-content\/uploads\/2020\/08\/cedula_de_gastos_junio_2020.pdf\" target=\"_blank\" rel=\"noopener noreferrer\">C\u00e9dula presupuestaria junio 2020<\/a><br \/>\n<a href=\"https:\/\/www.unemi.edu.ec\/wp-content\/uploads\/2020\/08\/cedula_de_gastos_julio_2020.pdf\" target=\"_blank\" rel=\"noopener noreferrer\">C\u00e9dula presupuestaria julio 2020<\/a><br \/>\n<a href=\"https:\/\/www.unemi.edu.ec\/wp-content\/uploads\/2020\/09\/cedula_de_gastos_agosto_2020.pdf\" target=\"_blank\" rel=\"noopener noreferrer\">C\u00e9dula presupuestaria agosto 2020<\/a><br \/>\n<a href=\"https:\/\/www.unemi.edu.ec\/wp-content\/uploads\/2020\/10\/cedula_de_gastos_septiembre_2020.pdf\" target=\"_blank\" rel=\"noopener noreferrer\">C\u00e9dula presupuestaria septiembre 2020<\/a><br \/>\n<a href=\"https:\/\/www.unemi.edu.ec\/wp-content\/uploads\/2020\/11\/cedula_gastos_octubre.pdf\">C\u00e9dula presupuestaria octubre 2020<\/a><br \/>\n<a href=\"https:\/\/www.unemi.edu.ec\/wp-content\/uploads\/2020\/12\/cedula_de_gastos_noviembre_2020.pdf\">C\u00e9dula presupuestaria noviembre 2020<\/a><br \/>\n<a href=\"https:\/\/www.unemi.edu.ec\/wp-content\/uploads\/2021\/01\/CEDULA-DE-GASTOS-CON-ANTICIPOS-2020.pdf\">C\u00e9dula presupuestaria diciembre 2020<\/a><\/p>\n","protected":false},"excerpt":{"rendered":"<p>C\u00e9dula presupuestaria enero 2020 C\u00e9dula presupuestaria febrero 2020 C\u00e9dula presupuestaria marzo 2020 C\u00e9dula presupuestaria abril 2020 C\u00e9dula presupuestaria mayo 2020 C\u00e9dula presupuestaria junio 2020 C\u00e9dula presupuestaria julio 2020 C\u00e9dula presupuestaria [&hellip;]<\/p>\n","protected":false},"author":35,"featured_media":0,"parent":0,"menu_order":0,"comment_status":"closed","ping_status":"closed","template":"","meta":{"_joinchat":[],"footnotes":""},"class_list":["post-21212","page","type-page","status-publish","hentry"],"_links":{"self":[{"href":"https:\/\/www.unemi.edu.ec\/index.php\/wp-json\/wp\/v2\/pages\/21212","targetHints":{"allow":["GET"]}}],"collection":[{"href":"https:\/\/www.unemi.edu.ec\/index.php\/wp-json\/wp\/v2\/pages"}],"about":[{"href":"https:\/\/www.unemi.edu.ec\/index.php\/wp-json\/wp\/v2\/types\/page"}],"author":[{"embeddable":true,"href":"https:\/\/www.unemi.edu.ec\/index.php\/wp-json\/wp\/v2\/users\/35"}],"replies":[{"embeddable":true,"href":"https:\/\/www.unemi.edu.ec\/index.php\/wp-json\/wp\/v2\/comments?post=21212"}],"version-history":[{"count":0,"href":"https:\/\/www.unemi.edu.ec\/index.php\/wp-json\/wp\/v2\/pages\/21212\/revisions"}],"wp:attachment":[{"href":"https:\/\/www.unemi.edu.ec\/index.php\/wp-json\/wp\/v2\/media?parent=21212"}],"curies":[{"name":"wp","href":"https:\/\/api.w.org\/{rel}","templated":true}]}}