{"id":21207,"date":"2020-02-03T22:04:31","date_gmt":"2020-02-03T22:04:31","guid":{"rendered":"https:\/\/https:\/\/www.unemi.edu.ec\/\/wordpress\/?page_id=21207"},"modified":"2021-03-08T18:05:10","modified_gmt":"2021-03-08T23:05:10","slug":"infimas-cuantias-2020","status":"publish","type":"page","link":"https:\/\/www.unemi.edu.ec\/index.php\/infimas-cuantias-2020\/","title":{"rendered":"\u00cdnfimas Cuant\u00edas 2020"},"content":{"rendered":"[vc_row][vc_column][vc_column_text]<a href=\"https:\/\/www.unemi.edu.ec\/wp-content\/uploads\/2021\/03\/Infima-Cuantia-enero-2020.pdf\">\u00cdnfimas cuant\u00edas enero del 2020<\/a><br \/>\n<a href=\"https:\/\/www.unemi.edu.ec\/wp-content\/uploads\/2020\/03\/INFIMA-FEBRERO-2020.pdf\" target=\"_blank\" rel=\"noopener noreferrer\">\u00cdnfimas cuant\u00edas febrero del 2020<\/a><br \/>\n<a href=\"https:\/\/www.unemi.edu.ec\/wp-content\/uploads\/2020\/04\/INFIMA-MARZO-2020.pdf\" target=\"_blank\" rel=\"noopener noreferrer\">\u00cdnfimas cuant\u00edas marzo del 2020<\/a><br \/>\n<a href=\"https:\/\/www.unemi.edu.ec\/wp-content\/uploads\/2020\/06\/INFIMAS-ABRIL.pdf\" target=\"_blank\" rel=\"noopener noreferrer\">\u00cdnfimas cuant\u00edas abril del 2020<\/a><br \/>\n<a href=\"https:\/\/www.unemi.edu.ec\/wp-content\/uploads\/2020\/06\/INFIMAS-MAYO-2020.pdf\" target=\"_blank\" rel=\"noopener noreferrer\">\u00cdnfimas cuant\u00edas mayo del 2020<\/a><br \/>\n<a href=\"https:\/\/www.unemi.edu.ec\/wp-content\/uploads\/2021\/03\/Infima-Cuantia-junio-2020.pdf\">\u00cdnfimas cuant\u00edas junio del 2020<\/a><br \/>\n<a href=\"https:\/\/www.unemi.edu.ec\/wp-content\/uploads\/2021\/03\/Infima-Cuantia-JULIO.pdf\">\u00cdnfimas cuant\u00edas julio del 2020<\/a><br \/>\n<a href=\"https:\/\/www.unemi.edu.ec\/wp-content\/uploads\/2021\/03\/Infima-Cuantia-AGOSTO-2020.pdf\">\u00cdnfimas cuant\u00edas agosto del 2020<\/a><br \/>\n<a href=\"https:\/\/www.unemi.edu.ec\/wp-content\/uploads\/2021\/03\/INFIMAS-SEPTIEMBRE-2020.pdf\">\u00cdnfimas cuant\u00edas septiembre del 2020<\/a><br \/>\n<a href=\"https:\/\/www.unemi.edu.ec\/wp-content\/uploads\/2021\/03\/INFIMAS-OCTUBRE-2020.pdf\">\u00cdnfimas cuant\u00edas octubre del 2020<\/a><br \/>\n<a href=\"https:\/\/www.unemi.edu.ec\/wp-content\/uploads\/2021\/03\/INFIMAS-NOVIEMBRE-2020.pdf\">\u00cdnfimas cuant\u00edas noviembre 2020<\/a><br \/>\n<a href=\"https:\/\/www.unemi.edu.ec\/wp-content\/uploads\/2021\/03\/INFIMAS-DICIEMBRE-2020.pdf\">\u00cdnfimas cuant\u00edas diciembre 2020<\/a>[\/vc_column_text][\/vc_column][\/vc_row]\n","protected":false},"excerpt":{"rendered":"<p>[vc_row][vc_column][vc_column_text]\u00cdnfimas cuant\u00edas enero del 2020 \u00cdnfimas cuant\u00edas febrero del 2020 \u00cdnfimas cuant\u00edas marzo del 2020 \u00cdnfimas cuant\u00edas abril del 2020 \u00cdnfimas cuant\u00edas mayo del 2020 \u00cdnfimas cuant\u00edas junio del 2020 [&hellip;]<\/p>\n","protected":false},"author":35,"featured_media":0,"parent":0,"menu_order":0,"comment_status":"closed","ping_status":"closed","template":"","meta":{"_joinchat":[],"footnotes":""},"class_list":["post-21207","page","type-page","status-publish","hentry"],"_links":{"self":[{"href":"https:\/\/www.unemi.edu.ec\/index.php\/wp-json\/wp\/v2\/pages\/21207","targetHints":{"allow":["GET"]}}],"collection":[{"href":"https:\/\/www.unemi.edu.ec\/index.php\/wp-json\/wp\/v2\/pages"}],"about":[{"href":"https:\/\/www.unemi.edu.ec\/index.php\/wp-json\/wp\/v2\/types\/page"}],"author":[{"embeddable":true,"href":"https:\/\/www.unemi.edu.ec\/index.php\/wp-json\/wp\/v2\/users\/35"}],"replies":[{"embeddable":true,"href":"https:\/\/www.unemi.edu.ec\/index.php\/wp-json\/wp\/v2\/comments?post=21207"}],"version-history":[{"count":0,"href":"https:\/\/www.unemi.edu.ec\/index.php\/wp-json\/wp\/v2\/pages\/21207\/revisions"}],"wp:attachment":[{"href":"https:\/\/www.unemi.edu.ec\/index.php\/wp-json\/wp\/v2\/media?parent=21207"}],"curies":[{"name":"wp","href":"https:\/\/api.w.org\/{rel}","templated":true}]}}