{"id":20604,"date":"2019-11-27T17:59:54","date_gmt":"2019-11-27T17:59:54","guid":{"rendered":"https:\/\/https:\/\/www.unemi.edu.ec\/\/wordpress\/?page_id=20604"},"modified":"2019-12-04T17:52:21","modified_gmt":"2019-12-04T17:52:21","slug":"mapa-de-sitio","status":"publish","type":"page","link":"https:\/\/www.unemi.edu.ec\/index.php\/mapa-de-sitio\/","title":{"rendered":"Mapa de sitio"},"content":{"rendered":"<ul id=\"utilityNav\"><\/ul><ul id=\"primaryNav\" class=\"col1\"><li id=\"home\"><a href=\"https:\/\/www.unemi.edu.ec\">UNEMI<\/a><\/li><li id=\"menu-item-1455\" class=\"menu-item-1455\"><a href=\"https:\/\/www.unemi.edu.ec\/\">Identidad<\/a>\n<ul class=\"sub-menu\">\n\t<li id=\"menu-item-1537\" class=\"menu-item-1537\"><a href=\"https:\/\/www.unemi.edu.ec\/index.php\/historia\/\">Historia<\/a><\/li>\n\t<li id=\"menu-item-1550\" class=\"menu-item-1550\"><a href=\"#\">Quienes Somos<\/a>\n\t<ul class=\"sub-menu\">\n\t\t<li id=\"menu-item-1548\" class=\"menu-item-1548\"><a href=\"https:\/\/www.unemi.edu.ec\/index.php\/mensaje-del-rector\/\">Mensaje del rector<\/a><\/li>\n\t\t<li id=\"menu-item-1549\" class=\"menu-item-1549\"><a href=\"https:\/\/www.unemi.edu.ec\/index.php\/mision-y-vision\/\">Misi\u00f3n y Visi\u00f3n<\/a><\/li>\n\t\t<li id=\"menu-item-1547\" class=\"menu-item-1547\"><a href=\"https:\/\/www.unemi.edu.ec\/index.php\/valores-y-principios\/\">Valores y Principios<\/a><\/li>\n\t\t<li id=\"menu-item-1546\" class=\"menu-item-1546\"><a href=\"https:\/\/www.unemi.edu.ec\/index.php\/simbolos-y-emblemas\/\">S\u00edmbolos y emblemas<\/a><\/li>\n\t<\/ul>\n<\/li>\n\t<li id=\"menu-item-12772\" class=\"menu-item-12772\"><a href=\"#\">Autoridades<\/a>\n\t<ul class=\"sub-menu\">\n\t\t<li id=\"menu-item-12762\" class=\"menu-item-12762\"><a href=\"https:\/\/www.unemi.edu.ec\/index.php\/representantes-ocs\/\">Representantes OCS<\/a><\/li>\n\t\t<li id=\"menu-item-12765\" class=\"menu-item-12765\"><a href=\"https:\/\/www.unemi.edu.ec\/index.php\/autoridades-principales\/\">Autoridades Principales<\/a><\/li>\n\t\t<li id=\"menu-item-12768\" class=\"menu-item-12768\"><a href=\"https:\/\/www.unemi.edu.ec\/index.php\/autoridades-academicas\/\">Autoridades Acad\u00e9micas<\/a><\/li>\n\t\t<li id=\"menu-item-50803\" class=\"menu-item-50803\"><a href=\"#\">Comisiones y comit\u00e9s<\/a>\n\t\t<ul class=\"sub-menu\">\n\t\t\t<li id=\"menu-item-50802\" class=\"menu-item-50802\"><a href=\"https:\/\/www.unemi.edu.ec\/index.php\/gestiondecalidad\/\">Comisi\u00f3n de Gesti\u00f3n de la Calidad<\/a><\/li>\n\t\t\t<li id=\"menu-item-50801\" class=\"menu-item-50801\"><a href=\"https:\/\/www.unemi.edu.ec\/index.php\/regimen-disciplinario\/\">Comit\u00e9 de R\u00e9gimen Disciplinario<\/a><\/li>\n\t\t<\/ul>\n<\/li>\n\t<\/ul>\n<\/li>\n\t<li id=\"menu-item-12630\" class=\"menu-item-12630\"><a href=\"https:\/\/www.unemi.edu.ec\/wp-content\/uploads\/2018\/09\/REGISTRO_OFICIAL_CREACION_DE_LA_UNEMI.pdf\">Registro Oficial Creaci\u00f3n de la UNEMI<\/a><\/li>\n\t<li id=\"menu-item-12632\" class=\"menu-item-12632\"><a href=\"https:\/\/www.unemi.edu.ec\/wp-content\/uploads\/2018\/09\/Modelo_Educativo_UNEMI.pdf\">Modelo Educativo &#8211; UNEMI<\/a><\/li>\n\t<li id=\"menu-item-11937\" class=\"menu-item-11937\"><a href=\"https:\/\/www.unemi.edu.ec\/index.php\/relaciones-interinstitucionales\/\">Relaciones Interinstitucionales<\/a><\/li>\n\t<li id=\"menu-item-9650\" class=\"menu-item-9650\"><a href=\"#\">Planificaci\u00f3n<\/a>\n\t<ul class=\"sub-menu\">\n\t\t<li id=\"menu-item-9651\" class=\"menu-item-9651\"><a href=\"https:\/\/www.unemi.edu.ec\/index.php\/direccion-de-planificacion-institucional\/\">Direcci\u00f3n de Planificaci\u00f3n Institucional<\/a><\/li>\n\t<\/ul>\n<\/li>\n\t<li id=\"menu-item-50764\" class=\"menu-item-50764\"><a href=\"https:\/\/www.unemi.edu.ec\/dac\">Aseguramiento de la Calidad<\/a>\n\t<ul class=\"sub-menu\">\n\t\t<li id=\"menu-item-50767\" class=\"menu-item-50767\"><a href=\"https:\/\/www.unemi.edu.ec\/index.php\/dac\/desarrollo-y-optimizacion\/\">Desarrollo y Optimizaci\u00f3n Institucional<\/a><\/li>\n\t\t<li id=\"menu-item-50765\" class=\"menu-item-50765\"><a href=\"https:\/\/www.unemi.edu.ec\/index.php\/dac\/evaluacion-y-acreditacion\/\">Evaluaci\u00f3n y Acreditaci\u00f3n Institucional<\/a><\/li>\n\t\t<li id=\"menu-item-50766\" class=\"menu-item-50766\"><a href=\"https:\/\/www.unemi.edu.ec\/index.php\/normativas\/\">Legislaci\u00f3n Institucional<\/a><\/li>\n\t<\/ul>\n<\/li>\n\t<li id=\"menu-item-42443\" class=\"menu-item-42443\"><a href=\"https:\/\/www.unemi.edu.ec\/index.php\/avales-academicos-y-cientificos\/\">Avales Acad\u00e9micos y Cient\u00edficos<\/a><\/li>\n\t<li id=\"menu-item-43549\" class=\"menu-item-43549\"><a href=\"https:\/\/www.unemi.edu.ec\/index.php\/sedes-extensiones-y-centros-de-apoyo\/\">Sedes, extensiones y centros de apoyo<\/a><\/li>\n\t<li id=\"menu-item-44028\" class=\"menu-item-44028\"><a href=\"https:\/\/www.unemi.edu.ec\/index.php\/cartas-de-servicio\/\">Cartas de Servicio<\/a><\/li>\n<\/ul>\n<\/li>\n<li id=\"menu-item-7067\" class=\"menu-item-7067\"><a href=\"\/index.php\/admision\/\">Admisi\u00f3n<\/a><\/li>\n<li id=\"menu-item-47573\" class=\"menu-item-47573\"><a href=\"https:\/\/www.unemi.edu.ec\/index.php\/vicerrectorado-academico\/\">Grado<\/a>\n<ul class=\"sub-menu\">\n\t<li id=\"menu-item-47574\" class=\"menu-item-47574\"><a href=\"https:\/\/www.unemi.edu.ec\/index.php\/vicerrectorado-academico\/\">Vicerrectorado Acad\u00e9mico de Formaci\u00f3n de Grado<\/a><\/li>\n\t<li id=\"menu-item-2551\" class=\"menu-item-2551\"><a href=\"#\">Carreras<\/a>\n\t<ul class=\"sub-menu\">\n\t\t<li id=\"menu-item-2398\" class=\"menu-item-2398\"><a href=\"https:\/\/www.unemi.edu.ec\/index.php\/carreras-presencial\/\">Modalidad Presencial<\/a><\/li>\n\t\t<li id=\"menu-item-23134\" class=\"menu-item-23134\"><a href=\"https:\/\/www.unemi.edu.ec\/index.php\/carreras-semipresencial\/\">Modalidad Semipresencial<\/a><\/li>\n\t\t<li id=\"menu-item-23032\" class=\"menu-item-23032\"><a href=\"https:\/\/www.unemi.edu.ec\/index.php\/carreras-en-linea\/\">Modalidad en L\u00ednea<\/a><\/li>\n\t<\/ul>\n<\/li>\n<\/ul>\n<\/li>\n<li id=\"menu-item-32010\" class=\"menu-item-32010\"><a target=\"_blank\" href=\"https:\/\/www.unemi.edu.ec\/index.php\/maestrias\/\" title=\"UNEMI Posgrados\">Posgrado<\/a><\/li>\n<li id=\"menu-item-7238\" class=\"menu-item-7238\"><a href=\"https:\/\/investigacion.unemi.edu.ec\/\" target=\"_blank\" rel=\"noopener\">Investigaci\u00f3n<\/a>\n<ul class=\"sub-menu\">\n\t<li id=\"menu-item-23230\" class=\"menu-item-23230\"><a href=\"https:\/\/www.unemi.edu.ec\/index.php\/lineas-de-investigacion\/\">L\u00edneas de Investigaci\u00f3n<\/a><\/li>\n\t<li id=\"menu-item-39332\" class=\"menu-item-39332\"><a href=\"https:\/\/www.unemi.edu.ec\/index.php\/proyectos-de-investigacion\/\">Proyectos de Investigaci\u00f3n<\/a><\/li>\n\t<li id=\"menu-item-6589\" class=\"menu-item-6589\"><a href=\"https:\/\/www.unemi.edu.ec\/index.php\/grupos-de-investigacion\/\">Grupos de Investigaci\u00f3n<\/a><\/li>\n\t<li id=\"menu-item-36036\" class=\"menu-item-36036\"><a href=\"https:\/\/docs.google.com\/spreadsheets\/d\/1omSvZNLFtIAoJ1irprQz-9yBw1JFW0z8\/edit#gid=485868179\" target=\"_blank\" rel=\"noopener\">Financiamiento Externo<\/a><\/li>\n\t<li id=\"menu-item-36047\" class=\"menu-item-36047\"><a href=\"https:\/\/www.unemi.edu.ec\/wp-content\/uploads\/2026\/02\/CATALOGO-DE-OPORTUNIDADES-2026.pdf\">Cat\u00e1logo de congresos<\/a><\/li>\n\t<li id=\"menu-item-29269\" class=\"menu-item-29269\"><a href=\"https:\/\/www.unemi.edu.ec\/index.php\/revistas-cientificas\/\">Revistas Cient\u00edficas<\/a><\/li>\n\t<li id=\"menu-item-7077\" class=\"menu-item-7077\"><a href=\"https:\/\/www.unemi.edu.ec\/publicaciones\/\">Publicaciones<\/a><\/li>\n<\/ul>\n<\/li>\n<li id=\"menu-item-51953\" class=\"menu-item-51953\"><a href=\"https:\/\/www.unemi.edu.ec\/index.php\/vicerrectorado-vinculacion\/\">Vinculaci\u00f3n<\/a>\n<ul class=\"sub-menu\">\n\t<li id=\"menu-item-51954\" class=\"menu-item-51954\"><a href=\"https:\/\/www.unemi.edu.ec\/index.php\/vicerrectorado-vinculacion\/\">Vicerrectorado de Vinculaci\u00f3n<\/a>\n\t<ul class=\"sub-menu\">\n\t\t<li id=\"menu-item-47195\" class=\"menu-item-47195\"><a href=\"https:\/\/vinculacion.unemi.edu.ec\/sites?sistema=juridico\" target=\"_blank\" rel=\"noopener\">Consultorio Jur\u00eddico Gratuito<\/a><\/li>\n\t\t<li id=\"menu-item-46082\" class=\"menu-item-46082\"><a href=\"https:\/\/vinculacion.unemi.edu.ec\/unemideporte\" target=\"_blank\" rel=\"noopener\">Centro de Formaci\u00f3n y Promoci\u00f3n para el Deporte Universitario<\/a><\/li>\n\t\t<li id=\"menu-item-46079\" class=\"menu-item-46079\"><a href=\"https:\/\/vinculacion.unemi.edu.ec\/sites?sistema=gestion_difusioncultura\" target=\"_blank\" rel=\"noopener\">Difusi\u00f3n Cultural y Art\u00edstica<\/a><\/li>\n\t\t<li id=\"menu-item-47188\" class=\"menu-item-47188\"><a href=\"#\">Espacios de Simulaci\u00f3n<\/a>\n\t\t<ul class=\"sub-menu\">\n\t\t\t<li id=\"menu-item-46077\" class=\"menu-item-46077\"><a href=\"https:\/\/vinculacion.unemi.edu.ec\/sites?sistema=saludDH\" target=\"_blank\" rel=\"noopener\">Unidad de Salud y Desarrollo Humano<\/a><\/li>\n\t\t\t<li id=\"menu-item-47192\" class=\"menu-item-47192\"><a href=\"https:\/\/sim.unemi.edu.ec\/\" target=\"_blank\" rel=\"noopener\">Sistema Integrado de Medios &#8211; SIM<\/a><\/li>\n\t\t<\/ul>\n<\/li>\n\t<\/ul>\n<\/li>\n\t<li id=\"menu-item-51955\" class=\"menu-item-51955\"><a href=\"#\">Facultad de Vinculaci\u00f3n<\/a>\n\t<ul class=\"sub-menu\">\n\t\t<li id=\"menu-item-46080\" class=\"menu-item-46080\"><a href=\"https:\/\/vinculacion.unemi.edu.ec\/sites?sistema=practicas_preprofesionales\" target=\"_blank\" rel=\"noopener\">Pr\u00e1cticas Preprofesionales<\/a><\/li>\n\t\t<li id=\"menu-item-46081\" class=\"menu-item-46081\"><a href=\"https:\/\/vinculacion.unemi.edu.ec\/sites?sistema=servicio_comunitario\" target=\"_blank\" rel=\"noopener\">Servicios Comunitarios<\/a><\/li>\n\t\t<li id=\"menu-item-46078\" class=\"menu-item-46078\"><a href=\"https:\/\/vinculacion.unemi.edu.ec\/sites?sistema=graduados_unemi\" target=\"_blank\" rel=\"noopener\">Graduados UNEMI<\/a><\/li>\n\t\t<li id=\"menu-item-47183\" class=\"menu-item-47183\"><a href=\"https:\/\/vinculacion.unemi.edu.ec\/sites?sistema=Escuela_Emprendimiento\" target=\"_blank\" rel=\"noopener\">Escuela de Formaci\u00f3n y Emprendimiento<\/a>\n\t\t<ul class=\"sub-menu\">\n\t\t\t<li id=\"menu-item-46083\" class=\"menu-item-46083\"><a href=\"https:\/\/vinculacion.unemi.edu.ec\/sites?sistema=Escuela_Emprendimiento\" target=\"_blank\" rel=\"noopener\">Emprendimiento<\/a><\/li>\n\t\t\t<li id=\"menu-item-47196\" class=\"menu-item-47196\"><a href=\"https:\/\/vinculacion.unemi.edu.ec\/sites?sistema=Escuela_Emprendimiento\" target=\"_blank\" rel=\"noopener\">Educaci\u00f3n Ciudadana<\/a><\/li>\n\t\t\t<li id=\"menu-item-47186\" class=\"menu-item-47186\"><a href=\"https:\/\/vinculacion.unemi.edu.ec\/sites?sistema=educacion_continua\" target=\"_blank\" rel=\"noopener\">Educaci\u00f3n Continua<\/a><\/li>\n\t\t<\/ul>\n<\/li>\n\t<\/ul>\n<\/li>\n<\/ul>\n<\/li>\n<li id=\"menu-item-30940\" class=\"menu-item-30940\"><a href=\"https:\/\/www.unemi.edu.ec\/index.php\/saladeprensa\/\">Sala de Prensa<\/a><\/li>\n<\/ul>\n<div id=\"gtx-trans\" style=\"position: absolute; left: 336px; top: 0.194447px;\">\n<div class=\"gtx-trans-icon\"><\/div>\n<\/div>\n","protected":false},"excerpt":{"rendered":"UNEMIIdentidad Historia Quienes Somos Mensaje del rector Misi\u00f3n y Visi\u00f3n Valores y Principios S\u00edmbolos y emblemas Autoridades Representantes OCS Autoridades Principales Autoridades Acad\u00e9micas Comisiones y comit\u00e9s Comisi\u00f3n de Gesti\u00f3n de [...]","protected":false},"author":23,"featured_media":0,"parent":0,"menu_order":0,"comment_status":"closed","ping_status":"closed","template":"","meta":{"_joinchat":[],"footnotes":""},"class_list":["post-20604","page","type-page","status-publish","hentry"],"_links":{"self":[{"href":"https:\/\/www.unemi.edu.ec\/index.php\/wp-json\/wp\/v2\/pages\/20604","targetHints":{"allow":["GET"]}}],"collection":[{"href":"https:\/\/www.unemi.edu.ec\/index.php\/wp-json\/wp\/v2\/pages"}],"about":[{"href":"https:\/\/www.unemi.edu.ec\/index.php\/wp-json\/wp\/v2\/types\/page"}],"author":[{"embeddable":true,"href":"https:\/\/www.unemi.edu.ec\/index.php\/wp-json\/wp\/v2\/users\/23"}],"replies":[{"embeddable":true,"href":"https:\/\/www.unemi.edu.ec\/index.php\/wp-json\/wp\/v2\/comments?post=20604"}],"version-history":[{"count":0,"href":"https:\/\/www.unemi.edu.ec\/index.php\/wp-json\/wp\/v2\/pages\/20604\/revisions"}],"wp:attachment":[{"href":"https:\/\/www.unemi.edu.ec\/index.php\/wp-json\/wp\/v2\/media?parent=20604"}],"curies":[{"name":"wp","href":"https:\/\/api.w.org\/{rel}","templated":true}]}}