{"id":2059,"date":"2018-02-08T17:32:45","date_gmt":"2018-02-08T17:32:45","guid":{"rendered":"https:\/\/https:\/\/www.unemi.edu.ec\/\/wordpress\/?page_id=2059"},"modified":"2018-03-07T14:16:33","modified_gmt":"2018-03-07T14:16:33","slug":"area-odontologica","status":"publish","type":"page","link":"https:\/\/www.unemi.edu.ec\/index.php\/area-odontologica\/","title":{"rendered":"\u00c1rea Odontol\u00f3gica"},"content":{"rendered":"<p><span>Es la encargada de planificar y ejecutar programas de promoci\u00f3n, prevenci\u00f3n atenci\u00f3n odontol\u00f3gica y de bioseguridad.<\/span><\/p>\n","protected":false},"excerpt":{"rendered":"<p>Es la encargada de planificar y ejecutar programas de promoci\u00f3n, prevenci\u00f3n atenci\u00f3n odontol\u00f3gica y de bioseguridad.<\/p>\n","protected":false},"author":35,"featured_media":0,"parent":0,"menu_order":0,"comment_status":"closed","ping_status":"closed","template":"","meta":{"_joinchat":[],"footnotes":""},"class_list":["post-2059","page","type-page","status-publish","hentry"],"_links":{"self":[{"href":"https:\/\/www.unemi.edu.ec\/index.php\/wp-json\/wp\/v2\/pages\/2059","targetHints":{"allow":["GET"]}}],"collection":[{"href":"https:\/\/www.unemi.edu.ec\/index.php\/wp-json\/wp\/v2\/pages"}],"about":[{"href":"https:\/\/www.unemi.edu.ec\/index.php\/wp-json\/wp\/v2\/types\/page"}],"author":[{"embeddable":true,"href":"https:\/\/www.unemi.edu.ec\/index.php\/wp-json\/wp\/v2\/users\/35"}],"replies":[{"embeddable":true,"href":"https:\/\/www.unemi.edu.ec\/index.php\/wp-json\/wp\/v2\/comments?post=2059"}],"version-history":[{"count":0,"href":"https:\/\/www.unemi.edu.ec\/index.php\/wp-json\/wp\/v2\/pages\/2059\/revisions"}],"wp:attachment":[{"href":"https:\/\/www.unemi.edu.ec\/index.php\/wp-json\/wp\/v2\/media?parent=2059"}],"curies":[{"name":"wp","href":"https:\/\/api.w.org\/{rel}","templated":true}]}}