{"id":1630,"date":"2018-01-30T19:56:21","date_gmt":"2018-01-30T19:56:21","guid":{"rendered":"https:\/\/https:\/\/www.unemi.edu.ec\/\/wordpress\/?page_id=1630"},"modified":"2018-01-30T20:02:54","modified_gmt":"2018-01-30T20:02:54","slug":"tecnologias-de-la-informacion-y-la-comunicacion","status":"publish","type":"page","link":"https:\/\/www.unemi.edu.ec\/index.php\/tecnologias-de-la-informacion-y-la-comunicacion\/","title":{"rendered":"Tecnolog\u00edas de la Informaci\u00f3n y la Comunicaci\u00f3n"},"content":{"rendered":"<p><strong>Misi\u00f3n<\/strong><\/p>\n<p>Planificar,\u00a0 Organizar,\u00a0 dirigir\u00a0 y\u00a0 controlar\u00a0 el sistema\u00a0 de\u00a0 tecnolog.as\u00a0 de\u00a0 informaci\u00f3n\u00a0 y comunicaciones para garantizar la integridad de\u00a0 la\u00a0 informaci\u00f3n\u00a0 como\u00a0 la\u00a0 del\u00a0 desarrollo, manteniendo\u00a0 la\u00a0 disponibilidad\u00a0 de\u00a0 los servicios y equipamiento tecnol\u00f3gico.<\/p>\n<p><strong>Atribuciones y Responsabilidad del Proceso<\/strong><\/p>\n<ol>\n<li>a) Revisar y participar en la elaboraci\u00f3n del plan operativo de su direcci\u00f3n.<br \/>\nb) Definir\u00a0 mecanismos\u00a0 que\u00a0 faciliten\u00a0 la administraci\u00f3n de todos los proyectos inform\u00e1ticos\u00a0 que\u00a0 ejecuten\u00a0 las diferentes \u20acreas de la instituci\u00f3n.<br \/>\nc) Regular\u00a0 los\u00a0 procesos\u00a0 de\u00a0 desarrollo\u00a0 y adquisici\u00f3n de software aplicativo con lineamientos,\u00a0 metodolog\u00edas\u00a0 y procedimientos.<br \/>\nd) Definir,\u00a0 justificar,\u00a0 implantar\u00a0 y actualizar\u00a0 la\u00a0 infraestructura tecnol\u00f3gica de la organizaci\u00f3n.<br \/>\ne) Elaborar el plan de mantenimiento de la\u00a0 infraestructura\u00a0 inform\u00e1tica\u00a0 de\u00a0 la Instituci\u00f3n.<br \/>\nf) Definir\u00a0 y\u00a0 regular\u00a0 los\u00a0 procedimientos que\u00a0 garanticen\u00a0 el\u00a0 mantenimiento\u00a0 y uso\u00a0 adecuado\u00a0 de\u00a0 la\u00a0 infraestructura tecnol\u00f3gica\u00a0 de\u00a0 las\u00a0 unidades organizacionales\u00a0 (plan mantenimiento).<br \/>\ng) Establecer\u00a0 mecanismos\u00a0 que\u00a0 protejan y\u00a0 salvaguarden\u00a0 contra\u00a0 p\u00e9rdidas\u00a0 y fugas\u00a0 tanto\u00a0 los\u00a0 medios\u00a0 f\u00edsicos\u00a0 y\u00a0 la informaci\u00f3n\u00a0 que\u00a0 se\u00a0 procesa\u00a0 en\u00a0 los sistemas inform\u00e1ticos.<br \/>\nh) Definir,\u00a0 aprobar\u00a0 e\u00a0 implementar\u00a0 un plan\u00a0 de\u00a0 contingencias\u00a0 que\u00a0 describa las\u00a0 acciones\u00a0 a\u00a0 tomar\u00a0 en\u00a0 caso\u00a0 de emergencia\u00a0 o\u00a0 suspensi\u00f3n\u00a0 en\u00a0 el procesamiento\u00a0 de\u00a0 la\u00a0 informaci\u00f3n\u00a0 por problemas en los equipos, programas o personal relacionado.<br \/>\ni) Definir,\u00a0 aprobar\u00a0 y\u00a0 difundir procedimientos\u00a0 de\u00a0 operaci\u00f3n\u00a0 que faciliten una adecuada administraci\u00f3n del\u00a0 soporte\u00a0 tecnol\u00f3gico\u00a0 y\u00a0 garanticen la seguridad, integridad, confiabilidad y\u00a0 disponibilidad\u00a0 de\u00a0 los\u00a0 recursos\u00a0 y datos.<br \/>\nj) Definir el alcance, la metodolog\u00eda y el proceso\u00a0 a\u00a0 seguir\u00a0 para\u00a0 monitorear\u00a0 la contribuci\u00f3n\u00a0 y\u00a0 el\u00a0 impacto\u00a0 de tecnolog.as\u00a0 de\u00a0 informaci\u00f3n\u00a0 en\u00a0 la instituci\u00f3n.<br \/>\nk) Elaborar\u00a0 las\u00a0 normas\u00a0 conjunto\u00a0 con\u00a0 la unidad\u00a0 especializada\u00a0 si\u00a0 existiere\u00a0 la configuraci\u00f3n\u00a0 y\u00a0 utilizaci\u00f3n\u00a0 de\u00a0 los servicios de internet, intranet, correo electr\u00f3nico y sitio WEB de la entidad, a\u00a0 base\u00a0 de\u00a0 las\u00a0 disposiciones\u00a0 legales\u00a0 y normativas\u00a0 y\u00a0 los\u00a0 requerimientos\u00a0 de los usuarios externos e internos.<br \/>\nl) Detectar\u00a0 las\u00a0 necesidades\u00a0 de capacitaci\u00f3n del equipo de desarrollo, infraestructura, de base de\u00a0 datos y de soporte al usuario; como tambi\u00e9n del\u00a0 personal\u00a0 que\u00a0 utiliza\u00a0 los\u00a0 servicios de\u00a0 informaci\u00f3n;\u00a0 las\u00a0 cuales\u00a0 constar\u00e1n en\u00a0 un\u00a0 plan\u00a0 de\u00a0 capacitaci\u00f3n inform\u00e1tico.<br \/>\nm) Las dem\u00e1s funciones que le designen las Leyes, Estatutos, los Reglamentos y las autoridades de la UNEMI.<\/li>\n<\/ol>\n<p><strong>Portafolio de productos<\/strong><\/p>\n<ol>\n<li>Plan\u00a0 Operativo\u00a0 Anual\u00a0 de\u00a0 la\u00a0 Unidad Inform\u00e1tica e informe de seguimiento.<br \/>\n2. Plan de desarrollo inform\u00e1tico;<br \/>\n3. Informe\u00a0 de\u00a0 ejecuci\u00f3n\u00a0 de\u00a0 plan inform\u00e1tico;<br \/>\n4. Plan\u00a0 de\u00a0 mantenimiento\u00a0 de\u00a0 software y hardware;<br \/>\n5. Informe\u00a0 de\u00a0 ejecuci\u00f3n\u00a0 de mantenimiento\u00a0 de\u00a0 software\u00a0 y hardware;<br \/>\n6. Capacitaciones\u00a0 a\u00a0 los\u00a0 usuarios\u00a0 de\u00a0 los sistemas inform\u00e1ticos.<br \/>\n7. Comunicaciones Tecnol\u00f3gicas.<br \/>\n8. Auditor\u00edas inform\u00e1ticas;<br \/>\n9. Informe de auditor\u00edas inform\u00e1ticas; y,<br \/>\n10. P\u00e1gina web institucional.<\/li>\n<\/ol>\n","protected":false},"excerpt":{"rendered":"<p>Misi\u00f3n Planificar,\u00a0 Organizar,\u00a0 dirigir\u00a0 y\u00a0 controlar\u00a0 el sistema\u00a0 de\u00a0 tecnolog.as\u00a0 de\u00a0 informaci\u00f3n\u00a0 y comunicaciones para garantizar la integridad de\u00a0 la\u00a0 informaci\u00f3n\u00a0 como\u00a0 la\u00a0 del\u00a0 desarrollo, manteniendo\u00a0 la\u00a0 disponibilidad\u00a0 de\u00a0 los [&hellip;]<\/p>\n","protected":false},"author":35,"featured_media":0,"parent":0,"menu_order":0,"comment_status":"closed","ping_status":"closed","template":"","meta":{"_joinchat":[],"footnotes":""},"class_list":["post-1630","page","type-page","status-publish","hentry"],"_links":{"self":[{"href":"https:\/\/www.unemi.edu.ec\/index.php\/wp-json\/wp\/v2\/pages\/1630","targetHints":{"allow":["GET"]}}],"collection":[{"href":"https:\/\/www.unemi.edu.ec\/index.php\/wp-json\/wp\/v2\/pages"}],"about":[{"href":"https:\/\/www.unemi.edu.ec\/index.php\/wp-json\/wp\/v2\/types\/page"}],"author":[{"embeddable":true,"href":"https:\/\/www.unemi.edu.ec\/index.php\/wp-json\/wp\/v2\/users\/35"}],"replies":[{"embeddable":true,"href":"https:\/\/www.unemi.edu.ec\/index.php\/wp-json\/wp\/v2\/comments?post=1630"}],"version-history":[{"count":1,"href":"https:\/\/www.unemi.edu.ec\/index.php\/wp-json\/wp\/v2\/pages\/1630\/revisions"}],"predecessor-version":[{"id":40604,"href":"https:\/\/www.unemi.edu.ec\/index.php\/wp-json\/wp\/v2\/pages\/1630\/revisions\/40604"}],"wp:attachment":[{"href":"https:\/\/www.unemi.edu.ec\/index.php\/wp-json\/wp\/v2\/media?parent=1630"}],"curies":[{"name":"wp","href":"https:\/\/api.w.org\/{rel}","templated":true}]}}