{"id":15800,"date":"2019-02-07T13:46:59","date_gmt":"2019-02-07T13:46:59","guid":{"rendered":"https:\/\/https:\/\/www.unemi.edu.ec\/\/wordpress\/?page_id=15800"},"modified":"2019-02-07T14:05:36","modified_gmt":"2019-02-07T14:05:36","slug":"informacion-financiera-2018","status":"publish","type":"page","link":"https:\/\/www.unemi.edu.ec\/index.php\/informacion-financiera-2018\/","title":{"rendered":"Informaci\u00f3n Financiera 2018"},"content":{"rendered":"<h3><strong>Presupuesto Anual de la Instituci\u00f3n<\/strong><br \/>\n<strong>\u00a0Procesos de Contrataci\u00f3n<\/strong><\/h3>\n<h5><a href=\"https:\/\/www.unemi.edu.ec\/index.php\/procesos-de-compras-2018\/\">Procesos de compras<\/a><br \/>\n<a href=\"https:\/\/www.unemi.edu.ec\/index.php\/infimas-cuantias-2018-2\/\">\u00cdnfimas Cuant\u00edas<\/a><\/h5>\n<h3><strong>\u00a0Ejecuci\u00f3n del Presupuesto<\/strong><\/h3>\n<h5><a href=\"https:\/\/www.unemi.edu.ec\/index.php\/reporte-de-gastos-2018-2\/\">Reporte de Gastos 2018<\/a><br \/>\n<a href=\"https:\/\/www.unemi.edu.ec\/index.php\/cedulas-presupuestarias-2018-2\/\">C\u00e9dulas Presupuestarias 2018<\/a><br \/>\n<a href=\"https:\/\/www.unemi.edu.ec\/index.php\/listado-de-destinatarios-de-recursos-2018\/\">Listado de destinatarios de recursos 2018<\/a><br \/>\n<a href=\"https:\/\/www.unemi.edu.ec\/wp-content\/uploads\/2019\/02\/presupuesto_liquidado_2017.pdf\">Presupuesto 2017 liquidado<\/a><\/h5>\n","protected":false},"excerpt":{"rendered":"<p>Presupuesto Anual de la Instituci\u00f3n \u00a0Procesos de Contrataci\u00f3n Procesos de compras \u00cdnfimas Cuant\u00edas \u00a0Ejecuci\u00f3n del Presupuesto Reporte de Gastos 2018 C\u00e9dulas Presupuestarias 2018 Listado de destinatarios de recursos 2018 Presupuesto [&hellip;]<\/p>\n","protected":false},"author":35,"featured_media":0,"parent":0,"menu_order":0,"comment_status":"closed","ping_status":"closed","template":"","meta":{"_joinchat":[],"footnotes":""},"class_list":["post-15800","page","type-page","status-publish","hentry"],"_links":{"self":[{"href":"https:\/\/www.unemi.edu.ec\/index.php\/wp-json\/wp\/v2\/pages\/15800","targetHints":{"allow":["GET"]}}],"collection":[{"href":"https:\/\/www.unemi.edu.ec\/index.php\/wp-json\/wp\/v2\/pages"}],"about":[{"href":"https:\/\/www.unemi.edu.ec\/index.php\/wp-json\/wp\/v2\/types\/page"}],"author":[{"embeddable":true,"href":"https:\/\/www.unemi.edu.ec\/index.php\/wp-json\/wp\/v2\/users\/35"}],"replies":[{"embeddable":true,"href":"https:\/\/www.unemi.edu.ec\/index.php\/wp-json\/wp\/v2\/comments?post=15800"}],"version-history":[{"count":0,"href":"https:\/\/www.unemi.edu.ec\/index.php\/wp-json\/wp\/v2\/pages\/15800\/revisions"}],"wp:attachment":[{"href":"https:\/\/www.unemi.edu.ec\/index.php\/wp-json\/wp\/v2\/media?parent=15800"}],"curies":[{"name":"wp","href":"https:\/\/api.w.org\/{rel}","templated":true}]}}