{"id":15793,"date":"2019-02-07T13:28:38","date_gmt":"2019-02-07T13:28:38","guid":{"rendered":"https:\/\/https:\/\/www.unemi.edu.ec\/\/wordpress\/?page_id=15793"},"modified":"2020-01-10T19:48:44","modified_gmt":"2020-01-10T19:48:44","slug":"cedulas-presupuestarias-2019","status":"publish","type":"page","link":"https:\/\/www.unemi.edu.ec\/index.php\/cedulas-presupuestarias-2019\/","title":{"rendered":"C\u00e9dulas Presupuestarias 2019"},"content":{"rendered":"<p><a href=\"https:\/\/www.unemi.edu.ec\/wp-content\/uploads\/2019\/02\/cedula_presupuestaria_enero.pdf\" target=\"_blank\" rel=\"noopener\">C\u00e9dula presupuestaria enero 2019<\/a><br \/>\n<a href=\"https:\/\/www.unemi.edu.ec\/wp-content\/uploads\/2019\/03\/cedula_presupuestaria_febrero.pdf\" target=\"_blank\" rel=\"noopener\">C\u00e9dula presupuestaria febrero 2019<\/a><br \/>\nC\u00e9dula presupuestaria marzo 2019<br \/>\n<a href=\"https:\/\/www.unemi.edu.ec\/wp-content\/uploads\/2019\/05\/CEDULA-ABRIL.pdf\" target=\"_blank\" rel=\"noopener\">C\u00e9dula presupuestaria abril 2019<\/a><br \/>\n<a href=\"https:\/\/www.unemi.edu.ec\/wp-content\/uploads\/2019\/06\/CEDULA-PRESUPUESTARIA-MAYO-2019.pdf\" target=\"_blank\" rel=\"noopener\">C\u00e9dula presupuestaria mayo 2019<\/a><br \/>\n<a href=\"https:\/\/www.unemi.edu.ec\/wp-content\/uploads\/2019\/07\/Cedula_de_gastos_junio.pdf\" target=\"_blank\" rel=\"noopener\">C\u00e9dula presupuestaria junio 2019<\/a><br \/>\n<a href=\"https:\/\/www.unemi.edu.ec\/wp-content\/uploads\/2019\/08\/cedula_de_gastos_julio.pdf\" target=\"_blank\" rel=\"noopener\">C\u00e9dula presupuestaria julio 2019<\/a><br \/>\n<a href=\"https:\/\/www.unemi.edu.ec\/wp-content\/uploads\/2019\/09\/cedula_de_gastos_agosto.pdf\" target=\"_blank\" rel=\"noopener\">C\u00e9dula presupuestaria agosto 2019<\/a><br \/>\n<a href=\"https:\/\/www.unemi.edu.ec\/wp-content\/uploads\/2019\/10\/cedula_de_gastos_septiembre_2019.pdf\" target=\"_blank\" rel=\"noopener\">C\u00e9dula presupuestaria septiembre 2019<\/a><br \/>\n<a href=\"https:\/\/www.unemi.edu.ec\/wp-content\/uploads\/2019\/11\/C\u00e9dula-de-Gastos-octubre-2019.pdf\" target=\"_blank\" rel=\"noopener\">C\u00e9dula presupuestaria octubre 2019<\/a><br \/>\n<a href=\"https:\/\/www.unemi.edu.ec\/wp-content\/uploads\/2019\/12\/cedula_de_gastos_noviembre_2019.pdf\" target=\"_blank\" rel=\"noopener\">C\u00e9dula presupuestaria noviembre 2019<\/a><br \/>\n<a href=\"https:\/\/www.unemi.edu.ec\/wp-content\/uploads\/2020\/01\/Cedula_de_gastos.pdf\" target=\"_blank\" rel=\"noopener\">C\u00e9dula presupuestaria diciembre 2019<\/a><\/p>\n","protected":false},"excerpt":{"rendered":"<p>C\u00e9dula presupuestaria enero 2019 C\u00e9dula presupuestaria febrero 2019 C\u00e9dula presupuestaria marzo 2019 C\u00e9dula presupuestaria abril 2019 C\u00e9dula presupuestaria mayo 2019 C\u00e9dula presupuestaria junio 2019 C\u00e9dula presupuestaria julio 2019 C\u00e9dula presupuestaria [&hellip;]<\/p>\n","protected":false},"author":35,"featured_media":0,"parent":0,"menu_order":0,"comment_status":"closed","ping_status":"closed","template":"","meta":{"_joinchat":[],"footnotes":""},"class_list":["post-15793","page","type-page","status-publish","hentry"],"_links":{"self":[{"href":"https:\/\/www.unemi.edu.ec\/index.php\/wp-json\/wp\/v2\/pages\/15793","targetHints":{"allow":["GET"]}}],"collection":[{"href":"https:\/\/www.unemi.edu.ec\/index.php\/wp-json\/wp\/v2\/pages"}],"about":[{"href":"https:\/\/www.unemi.edu.ec\/index.php\/wp-json\/wp\/v2\/types\/page"}],"author":[{"embeddable":true,"href":"https:\/\/www.unemi.edu.ec\/index.php\/wp-json\/wp\/v2\/users\/35"}],"replies":[{"embeddable":true,"href":"https:\/\/www.unemi.edu.ec\/index.php\/wp-json\/wp\/v2\/comments?post=15793"}],"version-history":[{"count":0,"href":"https:\/\/www.unemi.edu.ec\/index.php\/wp-json\/wp\/v2\/pages\/15793\/revisions"}],"wp:attachment":[{"href":"https:\/\/www.unemi.edu.ec\/index.php\/wp-json\/wp\/v2\/media?parent=15793"}],"curies":[{"name":"wp","href":"https:\/\/api.w.org\/{rel}","templated":true}]}}