{"id":1540,"date":"2018-01-29T17:03:49","date_gmt":"2018-01-29T17:03:49","guid":{"rendered":"https:\/\/https:\/\/www.unemi.edu.ec\/\/wordpress\/?page_id=1540"},"modified":"2025-07-31T11:35:10","modified_gmt":"2025-07-31T16:35:10","slug":"mensaje-del-rector","status":"publish","type":"page","link":"https:\/\/www.unemi.edu.ec\/index.php\/mensaje-del-rector\/","title":{"rendered":"Mensaje del rector"},"content":{"rendered":"[vc_row][vc_column width=&#8221;1\/2&#8243;][gt3_image_box thumbnail=&#8221;48826&#8243; image_position=&#8221;top&#8221; title_tag=&#8221;h2&#8243; title_color=&#8221;#192041&#8243; text_color=&#8221;#3c434b&#8221; link_color=&#8221;#a22531&#8243; link_hover_color=&#8221;#192041&#8243; new_tab=&#8221;&#8221;][\/vc_column][vc_column width=&#8221;1\/2&#8243;][gt3_custom_text text_color=&#8221;#3c434b&#8221; font_size=&#8221;16&#8243;]\n<p style=\"text-align: justify;\">La Universidad Estatal de Milagro, en concordancia con el compromiso de servicio a la sociedad de Milagro, la regi\u00f3n y el pa\u00eds muestra sus potencialidades institucionales, estructuradas a partir de las funciones b\u00e1sicas de la Universidad, consideradas como su esencia.<\/p>\n<p>&nbsp;<\/p>\n<p style=\"text-align: justify;\">La Docencia, entendida como la acci\u00f3n fundamental en el ejercicio de la vida acad\u00e9mica, est\u00e1 sustentada en un equipo humano con formaci\u00f3n y vocaci\u00f3n para asumir el reto de formar seres humanos con conciencia cr\u00edtica y sentido social.<\/p>\n<p>&nbsp;<\/p>\n<p style=\"text-align: justify;\">La Investigaci\u00f3n, generadora de conocimiento y soluciones a las problem\u00e1ticas del pa\u00eds, se evidencia a trav\u00e9s del desarrollo de proyectos cient\u00edficos, publicaciones indexadas, ponencias nacionales e internacionales y revistas cient\u00edficas para su divulgaci\u00f3n.<\/p>\n<p>&nbsp;<\/p>\n<p style=\"text-align: justify;\">La Vinculaci\u00f3n con la colectividad, entendida como la transferencia de tecnolog\u00eda y la aplicaci\u00f3n del conocimiento en la soluci\u00f3n efectiva a los problemas de la sociedad.<\/p>\n<p>&nbsp;<\/p>\n<p style=\"text-align: justify;\">La gesti\u00f3n administrativa, concebida como la funci\u00f3n de apoyo, desarrolla las condiciones necesarias para llevar a cabo las actividades principales, mediante la ejecuci\u00f3n eficiente y eficaz de los recursos institucionales.<\/p>\n<p>&nbsp;<\/p>\n<p style=\"text-align: justify;\">Funciones que se impulsan a trav\u00e9s de una propuesta estrat\u00e9gica institucional coherente con las necesidades del entorno, con las potencialidades de la organizaci\u00f3n, alineada con la planificaci\u00f3n nacional y los est\u00e1ndares de calidad establecidos por el organismo de evaluaci\u00f3n y acreditaci\u00f3n.<\/p>\n<p>&nbsp;<\/p>\n<p style=\"text-align: justify;\">Evoluci\u00f3n Acad\u00e9mica que nos permite sentirnos orgullosos del cambio que logramos juntos.<\/p>\n<p>&nbsp;<\/p>\n<p style=\"text-align: center;\">Ph. D. Fabricio Guevara Viej\u00f3<br \/>\n<strong>RECTOR<\/strong><\/p>\n<p>&nbsp;<\/p>\n<p>&nbsp;<\/p>\n<p>&nbsp;<\/p>\n[\/gt3_custom_text][\/vc_column][\/vc_row]\n","protected":false},"excerpt":{"rendered":"<p>[vc_row][vc_column width=&#8221;1\/2&#8243;][gt3_image_box thumbnail=&#8221;48826&#8243; image_position=&#8221;top&#8221; title_tag=&#8221;h2&#8243; title_color=&#8221;#192041&#8243; text_color=&#8221;#3c434b&#8221; link_color=&#8221;#a22531&#8243; link_hover_color=&#8221;#192041&#8243; new_tab=&#8221;&#8221;][\/vc_column][vc_column width=&#8221;1\/2&#8243;][gt3_custom_text text_color=&#8221;#3c434b&#8221; font_size=&#8221;16&#8243;] La Universidad Estatal de Milagro, en concordancia con el compromiso de servicio a la sociedad de Milagro, [&hellip;]<\/p>\n","protected":false},"author":23,"featured_media":0,"parent":0,"menu_order":0,"comment_status":"closed","ping_status":"closed","template":"","meta":{"_joinchat":[],"footnotes":""},"class_list":["post-1540","page","type-page","status-publish","hentry"],"_links":{"self":[{"href":"https:\/\/www.unemi.edu.ec\/index.php\/wp-json\/wp\/v2\/pages\/1540","targetHints":{"allow":["GET"]}}],"collection":[{"href":"https:\/\/www.unemi.edu.ec\/index.php\/wp-json\/wp\/v2\/pages"}],"about":[{"href":"https:\/\/www.unemi.edu.ec\/index.php\/wp-json\/wp\/v2\/types\/page"}],"author":[{"embeddable":true,"href":"https:\/\/www.unemi.edu.ec\/index.php\/wp-json\/wp\/v2\/users\/23"}],"replies":[{"embeddable":true,"href":"https:\/\/www.unemi.edu.ec\/index.php\/wp-json\/wp\/v2\/comments?post=1540"}],"version-history":[{"count":6,"href":"https:\/\/www.unemi.edu.ec\/index.php\/wp-json\/wp\/v2\/pages\/1540\/revisions"}],"predecessor-version":[{"id":48828,"href":"https:\/\/www.unemi.edu.ec\/index.php\/wp-json\/wp\/v2\/pages\/1540\/revisions\/48828"}],"wp:attachment":[{"href":"https:\/\/www.unemi.edu.ec\/index.php\/wp-json\/wp\/v2\/media?parent=1540"}],"curies":[{"name":"wp","href":"https:\/\/api.w.org\/{rel}","templated":true}]}}