{"id":12757,"date":"2018-09-07T22:53:51","date_gmt":"2018-09-07T22:53:51","guid":{"rendered":"https:\/\/https:\/\/www.unemi.edu.ec\/\/wordpress\/?page_id=12757"},"modified":"2025-10-18T12:27:28","modified_gmt":"2025-10-18T17:27:28","slug":"representantes-ocs","status":"publish","type":"page","link":"https:\/\/www.unemi.edu.ec\/index.php\/representantes-ocs\/","title":{"rendered":"Representantes OCS"},"content":{"rendered":"[vc_row disable_element=&#8221;yes&#8221;][vc_column][vc_column_text]Ph. D. Fabricio Guevara Viej\u00f3\u00a0\u00a0\u00a0<span>\u00a0<\/span><br \/>\n<strong>RECTOR<\/strong><\/p>\n<p>Ph. D. Jesennia C\u00e1rdenas Cobo<br \/>\n<strong>VICERRECTORA ACAD\u00c9MICA DE FORMACI\u00d3N DE GRADO<\/strong><\/p>\n<p>Ph. D. Edwuin Carrasquero Rodr\u00edguez<br \/>\n<strong>VICERRECTOR DE INVESTIGACI\u00d3N Y POSGRADO<\/strong><\/p>\n<p>Ph. D. Mayra D&#8217;Armas Regnault<br \/>\n<strong>VICERRECTORA DE VINCULACI\u00d3N<\/strong><\/p>\n<p>Ph. D. Jos\u00e9 D\u00edaz Montenegro<br \/>\n<strong>REPRESENTANTE DE LOS PROFESORES (PRINCIPAL)<\/strong><\/p>\n<p>Dr. Guillermo Le\u00f3n Samaniego<br \/>\n<strong>REPRESENTANTE DE LOS PROFESORES (PRINCIPAL)<\/strong><\/p>\n<p>Mgs. Vicenta Ripalda Asencio<br \/>\n<strong>REPRESENTANTE DE LOS PROFESORES (PRINCIPAL)<\/strong><\/p>\n<p>Mgs. Delia Noriega Verdugo<br \/>\n<strong>REPRESENTANTE DE LOS PROFESORES (PRINCIPAL)<\/strong><\/p>\n<p>Mgs. Deysi Medina Hinojosa<br \/>\n<strong>REPRESENTANTE DE LAS AUTORIDADES ACAD\u00c9MICAS\u00a0<\/strong><\/p>\n<p>Ph. D. Mariuxi Vinueza Morales<br \/>\n<strong>REPRESENTANTE DE LAS AUTORIDADES ACAD\u00c9MICAS<\/strong><\/p>\n<p>Mgs. Guisella Gonzabay Medina<br \/>\n<strong>REPRESENTANTE DE LOS SERVIDORES Y TRABAJADORES (PRINCIPAL)<\/strong><\/p>\n<p>Sr. H\u00e9ctor Coca Ortega<br \/>\n<strong>REPRESENTANTE DE LOS ESTUDIANTES (PRINCIPAL)<\/strong><\/p>\n<p>Srta. Lorely Mu\u00f1oz Elaje<br \/>\n<strong>REPRESENTANTE DE LOS ESTUDIANTES (PRINCIPAL)<\/strong><\/p>\n<p>Mgs. Stefan\u00eda Velasco Neira<br \/>\n<strong>SECRETARIA GENERAL<\/strong>[\/vc_column_text][gt3_spacing height=&#8221;60px&#8221;][\/vc_column][\/vc_row][vc_section][vc_row][vc_column][gt3_team use_filter=&#8221;&#8221; posts_per_line=&#8221;4&#8243; grid_gap=&#8221;35px&#8221; build_query=&#8221;size:12|order_by:ID|order:ASC|by_id:8421,1852,259,310&#8243; title=&#8221;Autoridades&#8221;][gt3_team use_filter=&#8221;&#8221; posts_per_line=&#8221;4&#8243; grid_gap=&#8221;35px&#8221; build_query=&#8221;size:12|order_by:modified|by_id:1857,33116,1887,43233&#8243; title=&#8221;Representantes de los profesores&#8221;][vc_row_inner][vc_column_inner width=&#8221;1\/2&#8243;][gt3_team use_filter=&#8221;&#8221; posts_per_line=&#8221;2&#8243; grid_gap=&#8221;35px&#8221; build_query=&#8221;size:12|order_by:modified|by_id:1939,1885&#8243; title=&#8221;Representantes de las autoridades&#8221;][\/vc_column_inner][vc_column_inner width=&#8221;1\/2&#8243;][gt3_team use_filter=&#8221;&#8221; posts_per_line=&#8221;2&#8243; grid_gap=&#8221;35px&#8221; build_query=&#8221;size:12|order_by:modified|by_id:50768,50772&#8243; title=&#8221;Representantes de los estudiantes&#8221;][\/vc_column_inner][\/vc_row_inner][vc_row_inner][vc_column_inner width=&#8221;1\/2&#8243;][gt3_team use_filter=&#8221;&#8221; posts_per_line=&#8221;2&#8243; grid_gap=&#8221;35px&#8221; build_query=&#8221;size:12|order_by:ID|by_id:50806,50777&#8243; title=&#8221;Repr. de los servidores y trabajadores&#8221;][\/vc_column_inner][vc_column_inner width=&#8221;1\/2&#8243;][gt3_team use_filter=&#8221;&#8221; posts_per_line=&#8221;2&#8243; grid_gap=&#8221;35px&#8221; build_query=&#8221;size:12|order_by:modified|by_id:34351&#8243; title=&#8221;Secretaria general&#8221;][\/vc_column_inner][\/vc_row_inner][\/vc_column][\/vc_row][\/vc_section]\n","protected":false},"excerpt":{"rendered":"<p>[vc_row disable_element=&#8221;yes&#8221;][vc_column][vc_column_text]Ph. D. Fabricio Guevara Viej\u00f3\u00a0\u00a0\u00a0\u00a0 RECTOR Ph. D. Jesennia C\u00e1rdenas Cobo VICERRECTORA ACAD\u00c9MICA DE FORMACI\u00d3N DE GRADO Ph. D. Edwuin Carrasquero Rodr\u00edguez VICERRECTOR DE INVESTIGACI\u00d3N Y POSGRADO Ph. D. [&hellip;]<\/p>\n","protected":false},"author":23,"featured_media":49584,"parent":0,"menu_order":0,"comment_status":"closed","ping_status":"closed","template":"","meta":{"_joinchat":[],"footnotes":""},"class_list":["post-12757","page","type-page","status-publish","has-post-thumbnail","hentry"],"_links":{"self":[{"href":"https:\/\/www.unemi.edu.ec\/index.php\/wp-json\/wp\/v2\/pages\/12757","targetHints":{"allow":["GET"]}}],"collection":[{"href":"https:\/\/www.unemi.edu.ec\/index.php\/wp-json\/wp\/v2\/pages"}],"about":[{"href":"https:\/\/www.unemi.edu.ec\/index.php\/wp-json\/wp\/v2\/types\/page"}],"author":[{"embeddable":true,"href":"https:\/\/www.unemi.edu.ec\/index.php\/wp-json\/wp\/v2\/users\/23"}],"replies":[{"embeddable":true,"href":"https:\/\/www.unemi.edu.ec\/index.php\/wp-json\/wp\/v2\/comments?post=12757"}],"version-history":[{"count":10,"href":"https:\/\/www.unemi.edu.ec\/index.php\/wp-json\/wp\/v2\/pages\/12757\/revisions"}],"predecessor-version":[{"id":50807,"href":"https:\/\/www.unemi.edu.ec\/index.php\/wp-json\/wp\/v2\/pages\/12757\/revisions\/50807"}],"wp:featuredmedia":[{"embeddable":true,"href":"https:\/\/www.unemi.edu.ec\/index.php\/wp-json\/wp\/v2\/media\/49584"}],"wp:attachment":[{"href":"https:\/\/www.unemi.edu.ec\/index.php\/wp-json\/wp\/v2\/media?parent=12757"}],"curies":[{"name":"wp","href":"https:\/\/api.w.org\/{rel}","templated":true}]}}