{"id":12683,"date":"2018-09-07T21:51:38","date_gmt":"2018-09-07T21:51:38","guid":{"rendered":"https:\/\/https:\/\/www.unemi.edu.ec\/\/wordpress\/?page_id=12683"},"modified":"2018-09-07T21:51:38","modified_gmt":"2018-09-07T21:51:38","slug":"cedulas-presupuestarias-2016","status":"publish","type":"page","link":"https:\/\/www.unemi.edu.ec\/index.php\/cedulas-presupuestarias-2016\/","title":{"rendered":"C\u00e9dulas Presupuestarias 2016"},"content":{"rendered":"<p><a href=\"\/wp-content\/uploads\/2018\/09\/cedula_presupuestaria_enero_2016.pdf\" target=\"_blank\" rel=\"noopener\">C\u00e9dula presupuestaria enero 2016<\/a><br \/>\n<a href=\"\/wp-content\/uploads\/2018\/09\/cedula_presupuestaria_febrero_2016.pdf\" target=\"_blank\" rel=\"noopener\">C\u00e9dula presupuestaria febrero 2016<\/a><br \/>\n<a href=\"\/wp-content\/uploads\/2018\/09\/cedula_presupuestaria_marzo_2016.pdf\" target=\"_blank\" rel=\"noopener\">C\u00e9dula presupuestaria marzo 2016<\/a><br \/>\n<a href=\"\/wp-content\/uploads\/2018\/09\/cedula_presupuestaria_abril_2016.pdf\" target=\"_blank\" rel=\"noopener\">C\u00e9dula presupuestaria abril 2016<\/a><br \/>\n<a href=\"\/wp-content\/uploads\/2018\/09\/cedula_presupuestaria_mayo_2016.pdf\" target=\"_blank\" rel=\"noopener\">C\u00e9dula presupuestaria mayo 2016<\/a><br \/>\n<a href=\"\/wp-content\/uploads\/2018\/09\/cedula_presupuestaria_junio_2016.pdf\" target=\"_blank\" rel=\"noopener\">C\u00e9dula presupuestaria junio 2016<\/a><br \/>\n<a href=\"\/wp-content\/uploads\/2018\/09\/cedula_presupuestaria_julio_2016.pdf\" target=\"_blank\" rel=\"noopener\">C\u00e9dula presupuestaria julio 2016<\/a><br \/>\n<a href=\"\/wp-content\/uploads\/2018\/09\/cedula_presupuestaria_agosto_2016.pdf\" target=\"_blank\" rel=\"noopener\">C\u00e9dula presupuestaria agosto 2016<\/a><br \/>\n<a href=\"\/wp-content\/uploads\/2018\/09\/cedula_presupuestaria_septiembre_2016.pdf\" target=\"_blank\" rel=\"noopener\">C\u00e9dula presupuestaria septiembre 2016<\/a><br \/>\n<a href=\"\/wp-content\/uploads\/2018\/09\/cedula_presupuestaria_octube_2016.pdf\" target=\"_blank\" rel=\"noopener\">C\u00e9dula presupuestaria octubre 2016<\/a><br \/>\n<a href=\"\/wp-content\/uploads\/2018\/09\/cedula_presupuestaria_noviembre_2016.pdf\" target=\"_blank\" rel=\"noopener\">C\u00e9dula presupuestaria noviembre 2016<\/a><br \/>\n<a href=\"\/wp-content\/uploads\/2018\/09\/cedula_presupuestaria_diciembre_2016.pdf\" target=\"_blank\" rel=\"noopener\">C\u00e9dula presupuestaria diciembre 2016<\/a><\/p>\n","protected":false},"excerpt":{"rendered":"<p>C\u00e9dula presupuestaria enero 2016 C\u00e9dula presupuestaria febrero 2016 C\u00e9dula presupuestaria marzo 2016 C\u00e9dula presupuestaria abril 2016 C\u00e9dula presupuestaria mayo 2016 C\u00e9dula presupuestaria junio 2016 C\u00e9dula presupuestaria julio 2016 C\u00e9dula presupuestaria [&hellip;]<\/p>\n","protected":false},"author":23,"featured_media":0,"parent":0,"menu_order":0,"comment_status":"closed","ping_status":"closed","template":"","meta":{"_joinchat":[],"footnotes":""},"class_list":["post-12683","page","type-page","status-publish","hentry"],"_links":{"self":[{"href":"https:\/\/www.unemi.edu.ec\/index.php\/wp-json\/wp\/v2\/pages\/12683","targetHints":{"allow":["GET"]}}],"collection":[{"href":"https:\/\/www.unemi.edu.ec\/index.php\/wp-json\/wp\/v2\/pages"}],"about":[{"href":"https:\/\/www.unemi.edu.ec\/index.php\/wp-json\/wp\/v2\/types\/page"}],"author":[{"embeddable":true,"href":"https:\/\/www.unemi.edu.ec\/index.php\/wp-json\/wp\/v2\/users\/23"}],"replies":[{"embeddable":true,"href":"https:\/\/www.unemi.edu.ec\/index.php\/wp-json\/wp\/v2\/comments?post=12683"}],"version-history":[{"count":0,"href":"https:\/\/www.unemi.edu.ec\/index.php\/wp-json\/wp\/v2\/pages\/12683\/revisions"}],"wp:attachment":[{"href":"https:\/\/www.unemi.edu.ec\/index.php\/wp-json\/wp\/v2\/media?parent=12683"}],"curies":[{"name":"wp","href":"https:\/\/api.w.org\/{rel}","templated":true}]}}