{"id":12426,"date":"2018-09-06T22:37:05","date_gmt":"2018-09-06T22:37:05","guid":{"rendered":"https:\/\/https:\/\/www.unemi.edu.ec\/\/wordpress\/?page_id=12426"},"modified":"2018-09-06T22:43:04","modified_gmt":"2018-09-06T22:43:04","slug":"recomendaciones-contraloria-2015","status":"publish","type":"page","link":"https:\/\/www.unemi.edu.ec\/index.php\/recomendaciones-contraloria-2015\/","title":{"rendered":"Cumplimiento de Recomendaciones Contralor\u00eda 2015"},"content":{"rendered":"<p><a href=\"\/wp-content\/uploads\/2018\/09\/Recomendacion-3-5.pdf\" target=\"_blank\" rel=\"noopener\">Recomendaci\u00f3n 1, 3, 5<\/a><br \/>\n<a href=\"\/wp-content\/uploads\/2018\/09\/Recomendacion2.pdf\" target=\"_blank\" rel=\"noopener\">Recomendaci\u00f3n 2<\/a><br \/>\n<a href=\"\/wp-content\/uploads\/2018\/09\/Recomendacion-4-6-7-8-1.pdf\" target=\"_blank\" rel=\"noopener\">Recomendaci\u00f3n 4, 6, 7, 8<\/a><br \/>\n<a href=\"\/wp-content\/uploads\/2018\/09\/Recomendacion9-10-11.pdf\" target=\"_blank\" rel=\"noopener\">Recomendaci\u00f3n 9, 10, 11<\/a><br \/>\n<a href=\"\/wp-content\/uploads\/2018\/09\/Recomendacion12.pdf\" target=\"_blank\" rel=\"noopener\">Recomendaci\u00f3n 12<\/a><br \/>\n<a href=\"\/wp-content\/uploads\/2018\/09\/Recomendacion-13-14.pdf\" target=\"_blank\" rel=\"noopener\">Recomendaci\u00f3n 13, 14<\/a><\/p>\n","protected":false},"excerpt":{"rendered":"<p>Recomendaci\u00f3n 1, 3, 5 Recomendaci\u00f3n 2 Recomendaci\u00f3n 4, 6, 7, 8 Recomendaci\u00f3n 9, 10, 11 Recomendaci\u00f3n 12 Recomendaci\u00f3n 13, 14<\/p>\n","protected":false},"author":23,"featured_media":0,"parent":0,"menu_order":0,"comment_status":"closed","ping_status":"closed","template":"","meta":{"_joinchat":[],"footnotes":""},"class_list":["post-12426","page","type-page","status-publish","hentry"],"_links":{"self":[{"href":"https:\/\/www.unemi.edu.ec\/index.php\/wp-json\/wp\/v2\/pages\/12426","targetHints":{"allow":["GET"]}}],"collection":[{"href":"https:\/\/www.unemi.edu.ec\/index.php\/wp-json\/wp\/v2\/pages"}],"about":[{"href":"https:\/\/www.unemi.edu.ec\/index.php\/wp-json\/wp\/v2\/types\/page"}],"author":[{"embeddable":true,"href":"https:\/\/www.unemi.edu.ec\/index.php\/wp-json\/wp\/v2\/users\/23"}],"replies":[{"embeddable":true,"href":"https:\/\/www.unemi.edu.ec\/index.php\/wp-json\/wp\/v2\/comments?post=12426"}],"version-history":[{"count":0,"href":"https:\/\/www.unemi.edu.ec\/index.php\/wp-json\/wp\/v2\/pages\/12426\/revisions"}],"wp:attachment":[{"href":"https:\/\/www.unemi.edu.ec\/index.php\/wp-json\/wp\/v2\/media?parent=12426"}],"curies":[{"name":"wp","href":"https:\/\/api.w.org\/{rel}","templated":true}]}}