{"id":12326,"date":"2018-09-06T21:28:32","date_gmt":"2018-09-06T21:28:32","guid":{"rendered":"https:\/\/https:\/\/www.unemi.edu.ec\/\/wordpress\/?page_id=12326"},"modified":"2018-09-07T22:30:54","modified_gmt":"2018-09-07T22:30:54","slug":"documentos-institucionales-2015","status":"publish","type":"page","link":"https:\/\/www.unemi.edu.ec\/index.php\/documentos-institucionales-2015\/","title":{"rendered":"Documentos Institucionales 2015"},"content":{"rendered":"<p><a href=\"https:\/\/www.unemi.edu.ec\/index.php\/base-legal-que-la-rige\/\">Base Legal que la rige<\/a><br \/>\n<a href=\"https:\/\/www.unemi.edu.ec\/index.php\/resoluciones-ocas-2015\/\">Resoluciones \u00d3rgano Colegiado Acad\u00e9mico Superior &#8211; OCAS<\/a><br \/>\n<a href=\"https:\/\/www.unemi.edu.ec\/index.php\/informacion-administrativa-2015\/\">Informaci\u00f3n Administrativa<\/a><br \/>\n<a href=\"https:\/\/www.unemi.edu.ec\/index.php\/informacion-financiera-2015\/\">Informaci\u00f3n Financiera<\/a><br \/>\n<a href=\"https:\/\/www.unemi.edu.ec\/index.php\/informacion-laboral\/\">Informaci\u00f3n Laboral<\/a><br \/>\n<a href=\"https:\/\/www.unemi.edu.ec\/index.php\/planificacion-institucional-2015\/\">Planificaci\u00f3n Institucional<\/a><br \/>\n<a href=\"https:\/\/www.unemi.edu.ec\/index.php\/difusion-y-comunicacion-de-la-gestion-institucional-2015\/\">Difusi\u00f3n y Comunicaci\u00f3n de la Gesti\u00f3n Institucional<\/a><br \/>\n<a href=\"https:\/\/www.unemi.edu.ec\/index.php\/formatos-de-solicitudes\/\">Formatos de solicitudes<\/a><br \/>\n<a href=\"https:\/\/www.unemi.edu.ec\/index.php\/servicios-que-ofrece\/\">Servicios que ofrece<\/a><br \/>\n<a href=\"https:\/\/www.unemi.edu.ec\/index.php\/recomendaciones-contraloria-2015\/\">Informes y Recomendaciones Contralor\u00eda<\/a><br \/>\n<a href=\"\/wp-content\/uploads\/2018\/09\/informe-de-gestion-2014.pdf\" target=\"_blank\" rel=\"noopener\">Mecanismos de rendici\u00f3n de Cuentas a la Ciudadan\u00eda<\/a><br \/>\n<a href=\"\/wp-content\/uploads\/2018\/09\/solicitud-acceso-a-la-informacion-unemi.pdf\" target=\"_blank\" rel=\"noopener\">Solicitud de acceso a la informaci\u00f3n p\u00fablica<\/a><br \/>\n<a href=\"https:\/\/www.unemi.edu.ec\/index.php\/cumplimiento-de-obligaciones-2015\/\" rel=\"noopener\">Cumplimiento de Obligaciones (LOCPCCS Art. 10 Numeral 7)<\/a><\/p>\n","protected":false},"excerpt":{"rendered":"<p>Base Legal que la rige Resoluciones \u00d3rgano Colegiado Acad\u00e9mico Superior &#8211; OCAS Informaci\u00f3n Administrativa Informaci\u00f3n Financiera Informaci\u00f3n Laboral Planificaci\u00f3n Institucional Difusi\u00f3n y Comunicaci\u00f3n de la Gesti\u00f3n Institucional Formatos de solicitudes [&hellip;]<\/p>\n","protected":false},"author":23,"featured_media":0,"parent":0,"menu_order":0,"comment_status":"closed","ping_status":"closed","template":"","meta":{"_joinchat":[],"footnotes":""},"class_list":["post-12326","page","type-page","status-publish","hentry"],"_links":{"self":[{"href":"https:\/\/www.unemi.edu.ec\/index.php\/wp-json\/wp\/v2\/pages\/12326","targetHints":{"allow":["GET"]}}],"collection":[{"href":"https:\/\/www.unemi.edu.ec\/index.php\/wp-json\/wp\/v2\/pages"}],"about":[{"href":"https:\/\/www.unemi.edu.ec\/index.php\/wp-json\/wp\/v2\/types\/page"}],"author":[{"embeddable":true,"href":"https:\/\/www.unemi.edu.ec\/index.php\/wp-json\/wp\/v2\/users\/23"}],"replies":[{"embeddable":true,"href":"https:\/\/www.unemi.edu.ec\/index.php\/wp-json\/wp\/v2\/comments?post=12326"}],"version-history":[{"count":0,"href":"https:\/\/www.unemi.edu.ec\/index.php\/wp-json\/wp\/v2\/pages\/12326\/revisions"}],"wp:attachment":[{"href":"https:\/\/www.unemi.edu.ec\/index.php\/wp-json\/wp\/v2\/media?parent=12326"}],"curies":[{"name":"wp","href":"https:\/\/api.w.org\/{rel}","templated":true}]}}