{"id":12142,"date":"2018-09-06T19:07:06","date_gmt":"2018-09-06T19:07:06","guid":{"rendered":"https:\/\/https:\/\/www.unemi.edu.ec\/\/wordpress\/?page_id=12142"},"modified":"2018-09-06T19:20:17","modified_gmt":"2018-09-06T19:20:17","slug":"infima-cuantia-2015","status":"publish","type":"page","link":"https:\/\/www.unemi.edu.ec\/index.php\/infima-cuantia-2015\/","title":{"rendered":"\u00cdnfima Cuant\u00eda 2015"},"content":{"rendered":"<p><a href=\"\/wp-content\/uploads\/2018\/09\/Listado_Infimas_Ene_2015.pdf\" target=\"_blank\" rel=\"noopener\">\u00cdnfimas Cuant\u00edas Enero 2015<\/a><br \/>\n<a href=\"\/wp-content\/uploads\/2018\/09\/Listado_Infimas_Feb_2015.pdf\" target=\"_blank\" rel=\"noopener\">\u00cdnfimas Cuant\u00edas Febrero 2015<\/a><br \/>\n<a href=\"\/wp-content\/uploads\/2018\/09\/Listado_Infimas_Mzo_2015.pdf\" target=\"_blank\" rel=\"noopener\">\u00cdnfimas Cuant\u00edas Marzo 2015<\/a><br \/>\n<a href=\"\/wp-content\/uploads\/2018\/09\/Listado_Infimas_Abr_2015.pdf\" target=\"_blank\" rel=\"noopener\">\u00cdnfimas Cuant\u00edas Abril 2015<\/a><br \/>\n<a href=\"\/wp-content\/uploads\/2018\/09\/Listado_Infimas_Mayo_2015.pdf\" target=\"_blank\" rel=\"noopener\">\u00cdnfimas Cuant\u00edas Mayo 2015<\/a><br \/>\n<a href=\"\/wp-content\/uploads\/2018\/09\/Infimas-julio.pdf\" target=\"_blank\" rel=\"noopener\">\u00cdnfimas Cuant\u00edas Julio 2015<\/a><br \/>\n<a href=\"\/wp-content\/uploads\/2018\/09\/Infima_Cuantia_AGOSTO.pdf\" target=\"_blank\" rel=\"noopener\">\u00cdnfimas Cuant\u00edas Agosto 2015<\/a><br \/>\n<a href=\"\/wp-content\/uploads\/2018\/09\/Infima-cuantia-Octubre.pdf\" target=\"_blank\" rel=\"noopener\">\u00cdnfimas Cuant\u00edas Octubre 2015<\/a><br \/>\n<a href=\"\/wp-content\/uploads\/2018\/09\/Infimas-cuantias-Noviembre.pdf\" target=\"_blank\" rel=\"noopener\">\u00cdnfimas Cuant\u00edas Noviembre 2015<\/a><\/p>\n","protected":false},"excerpt":{"rendered":"<p>\u00cdnfimas Cuant\u00edas Enero 2015 \u00cdnfimas Cuant\u00edas Febrero 2015 \u00cdnfimas Cuant\u00edas Marzo 2015 \u00cdnfimas Cuant\u00edas Abril 2015 \u00cdnfimas Cuant\u00edas Mayo 2015 \u00cdnfimas Cuant\u00edas Julio 2015 \u00cdnfimas Cuant\u00edas Agosto 2015 \u00cdnfimas Cuant\u00edas [&hellip;]<\/p>\n","protected":false},"author":23,"featured_media":0,"parent":0,"menu_order":0,"comment_status":"closed","ping_status":"closed","template":"","meta":{"_joinchat":[],"footnotes":""},"class_list":["post-12142","page","type-page","status-publish","hentry"],"_links":{"self":[{"href":"https:\/\/www.unemi.edu.ec\/index.php\/wp-json\/wp\/v2\/pages\/12142","targetHints":{"allow":["GET"]}}],"collection":[{"href":"https:\/\/www.unemi.edu.ec\/index.php\/wp-json\/wp\/v2\/pages"}],"about":[{"href":"https:\/\/www.unemi.edu.ec\/index.php\/wp-json\/wp\/v2\/types\/page"}],"author":[{"embeddable":true,"href":"https:\/\/www.unemi.edu.ec\/index.php\/wp-json\/wp\/v2\/users\/23"}],"replies":[{"embeddable":true,"href":"https:\/\/www.unemi.edu.ec\/index.php\/wp-json\/wp\/v2\/comments?post=12142"}],"version-history":[{"count":0,"href":"https:\/\/www.unemi.edu.ec\/index.php\/wp-json\/wp\/v2\/pages\/12142\/revisions"}],"wp:attachment":[{"href":"https:\/\/www.unemi.edu.ec\/index.php\/wp-json\/wp\/v2\/media?parent=12142"}],"curies":[{"name":"wp","href":"https:\/\/api.w.org\/{rel}","templated":true}]}}