{"id":10890,"date":"2018-09-05T20:45:39","date_gmt":"2018-09-05T20:45:39","guid":{"rendered":"https:\/\/https:\/\/www.unemi.edu.ec\/\/wordpress\/?page_id=10890"},"modified":"2018-09-05T23:02:19","modified_gmt":"2018-09-05T23:02:19","slug":"infimas-cuantias-2017","status":"publish","type":"page","link":"https:\/\/www.unemi.edu.ec\/index.php\/infimas-cuantias-2017\/","title":{"rendered":"\u00cdnfimas Cuant\u00edas 2017"},"content":{"rendered":"<p><a href=\"\/wp-content\/uploads\/2018\/09\/Infimas_cuantias_enero_del_2017.pdf\" target=\"_blank\" rel=\"noopener\">\u00cdnfimas cuant\u00edas enero del 2017<\/a><br \/>\n<a href=\"\/wp-content\/uploads\/2018\/09\/Infimas_cuantias_febrero_del_2017.pdf\" target=\"_blank\" rel=\"noopener\">\u00cdnfimas cuant\u00edas febrero del 2017<\/a><br \/>\n<a href=\"\/wp-content\/uploads\/2018\/09\/Infimas_cuantias_marzo_del_2017.pdf\" target=\"_blank\" rel=\"noopener\">\u00cdnfimas cuant\u00edas marzo del 2017<\/a><br \/>\n<a href=\"\/wp-content\/uploads\/2018\/09\/Infimas_cuantias_abril_del_2017.pdf\" target=\"_blank\" rel=\"noopener\">\u00cdnfimas cuant\u00edas abril del 2017<\/a><br \/>\n<a href=\"\/wp-content\/uploads\/2018\/09\/Infimas_cuantias_mayo_del_2017.pdf\" target=\"_blank\" rel=\"noopener\">\u00cdnfimas cuant\u00edas mayo del 2017<\/a><br \/>\n<a href=\"\/wp-content\/uploads\/2018\/09\/Infimas_cuantias_junio_del_2017.pdf\" target=\"_blank\" rel=\"noopener\">\u00cdnfimas cuant\u00edas junio del 2017<\/a><br \/>\n<a href=\"\/wp-content\/uploads\/2018\/09\/Infimas_cuantias_julio_del_2017.pdf\" target=\"_blank\" rel=\"noopener\">\u00cdnfimas cuant\u00edas julio del 2017<\/a><br \/>\n<a href=\"\/wp-content\/uploads\/2018\/09\/Infimas_cuantias_agosto_del_2017.pdf\" target=\"_blank\" rel=\"noopener\">\u00cdnfimas cuant\u00edas agosto del 2017<\/a><br \/>\n<a href=\"\/wp-content\/uploads\/2018\/09\/Infimas_cuantias_septiembre_del_2017.pdf\" target=\"_blank\" rel=\"noopener\">\u00cdnfimas cuant\u00edas septiembre del 2017<\/a><br \/>\n<a href=\"\/wp-content\/uploads\/2018\/09\/Infimas_cuantias_octubre_del_2017.pdf\" target=\"_blank\" rel=\"noopener\">\u00cdnfimas cuant\u00edas octubre del 2017<\/a><br \/>\n<a href=\"\/wp-content\/uploads\/2018\/09\/Infimas_cuantias_noviembre_del_2017.pdf\" target=\"_blank\" rel=\"noopener\">\u00cdnfimas cuant\u00edas noviembre del 2017<\/a><br \/>\n<a href=\"\/wp-content\/uploads\/2018\/09\/Infimas_cuantias_diciembre_del_2017.pdf\" target=\"_blank\" rel=\"noopener\">\u00cdnfimas cuant\u00edas diciembre del 2017<\/a><\/p>\n","protected":false},"excerpt":{"rendered":"<p>\u00cdnfimas cuant\u00edas enero del 2017 \u00cdnfimas cuant\u00edas febrero del 2017 \u00cdnfimas cuant\u00edas marzo del 2017 \u00cdnfimas cuant\u00edas abril del 2017 \u00cdnfimas cuant\u00edas mayo del 2017 \u00cdnfimas cuant\u00edas junio del 2017 [&hellip;]<\/p>\n","protected":false},"author":23,"featured_media":0,"parent":0,"menu_order":0,"comment_status":"closed","ping_status":"closed","template":"","meta":{"_joinchat":[],"footnotes":""},"class_list":["post-10890","page","type-page","status-publish","hentry"],"_links":{"self":[{"href":"https:\/\/www.unemi.edu.ec\/index.php\/wp-json\/wp\/v2\/pages\/10890","targetHints":{"allow":["GET"]}}],"collection":[{"href":"https:\/\/www.unemi.edu.ec\/index.php\/wp-json\/wp\/v2\/pages"}],"about":[{"href":"https:\/\/www.unemi.edu.ec\/index.php\/wp-json\/wp\/v2\/types\/page"}],"author":[{"embeddable":true,"href":"https:\/\/www.unemi.edu.ec\/index.php\/wp-json\/wp\/v2\/users\/23"}],"replies":[{"embeddable":true,"href":"https:\/\/www.unemi.edu.ec\/index.php\/wp-json\/wp\/v2\/comments?post=10890"}],"version-history":[{"count":0,"href":"https:\/\/www.unemi.edu.ec\/index.php\/wp-json\/wp\/v2\/pages\/10890\/revisions"}],"wp:attachment":[{"href":"https:\/\/www.unemi.edu.ec\/index.php\/wp-json\/wp\/v2\/media?parent=10890"}],"curies":[{"name":"wp","href":"https:\/\/api.w.org\/{rel}","templated":true}]}}