{"id":10736,"date":"2018-09-05T20:08:55","date_gmt":"2018-09-05T20:08:55","guid":{"rendered":"https:\/\/https:\/\/www.unemi.edu.ec\/\/wordpress\/?page_id=10736"},"modified":"2024-06-28T16:05:31","modified_gmt":"2024-06-28T21:05:31","slug":"difusion-y-comunicacion-de-la-gestion-institucional","status":"publish","type":"page","link":"https:\/\/www.unemi.edu.ec\/index.php\/difusion-y-comunicacion-de-la-gestion-institucional\/","title":{"rendered":"Difusi\u00f3n y Comunicaci\u00f3n de la Gesti\u00f3n Institucional"},"content":{"rendered":"<p><span style=\"font-size: 14pt;\"><strong>Difusi\u00f3n en medios de comunicaci\u00f3n Radial, Escrito y SMS<\/strong><\/span><\/p>\n<p><a href=\"https:\/\/www.unemi.edu.ec\/index.php\/difusion-y-comunicacion-de-la-gestion-institucional\/contratos-comunicacion-2022\/\"><span>Contratos de medios de comunicaci\u00f3n<\/span> 2022<\/a><br \/>\n<a href=\"https:\/\/www.unemi.edu.ec\/index.php\/difusion-y-comunicacion-de-la-gestion-institucional\/contratos-comunicacion-2021\/\"><span>Contratos de medios de comunicaci\u00f3n 2021<\/span><\/a><br \/>\nContratos Medios 2019<br \/>\nContratos Medios 2018<br \/>\n<a href=\"\/wp-content\/uploads\/2018\/09\/contratos_medios2017.pdf\" target=\"_blank\" rel=\"noopener noreferrer\">Contratos Medios 2017<\/a><br \/>\n<a href=\"https:\/\/www.unemi.edu.ec\/index.php\/difusion-y-comunicacion-de-la-gestion-institucional\/difusion-y-comunicacion-de-la-gestion-institucional-2016\/\">Contratos Medios 2016<\/a><br \/>\n<a href=\"https:\/\/www.unemi.edu.ec\/index.php\/difusion-y-comunicacion-de-la-gestion-institucional\/difusion-y-comunicacion-de-la-gestion-institucional-2015\/\">Contratos Medios 2015<\/a><br \/>\nContratos Medios 2014<br \/>\n<a href=\"https:\/\/www.unemi.edu.ec\/index.php\/difusion-y-comunicacion-de-la-gestion-institucional\/contratos-comunicacion-2020\/\"><span>Actas de entrega recepci\u00f3n de medios de comunicaci\u00f3n 2020<\/span><\/a><\/p>\n","protected":false},"excerpt":{"rendered":"<p>Difusi\u00f3n en medios de comunicaci\u00f3n Radial, Escrito y SMS Contratos de medios de comunicaci\u00f3n 2022 Contratos de medios de comunicaci\u00f3n 2021 Contratos Medios 2019 Contratos Medios 2018 Contratos Medios 2017 [&hellip;]<\/p>\n","protected":false},"author":23,"featured_media":0,"parent":0,"menu_order":0,"comment_status":"closed","ping_status":"closed","template":"","meta":{"_joinchat":[],"footnotes":""},"class_list":["post-10736","page","type-page","status-publish","hentry"],"_links":{"self":[{"href":"https:\/\/www.unemi.edu.ec\/index.php\/wp-json\/wp\/v2\/pages\/10736","targetHints":{"allow":["GET"]}}],"collection":[{"href":"https:\/\/www.unemi.edu.ec\/index.php\/wp-json\/wp\/v2\/pages"}],"about":[{"href":"https:\/\/www.unemi.edu.ec\/index.php\/wp-json\/wp\/v2\/types\/page"}],"author":[{"embeddable":true,"href":"https:\/\/www.unemi.edu.ec\/index.php\/wp-json\/wp\/v2\/users\/23"}],"replies":[{"embeddable":true,"href":"https:\/\/www.unemi.edu.ec\/index.php\/wp-json\/wp\/v2\/comments?post=10736"}],"version-history":[{"count":9,"href":"https:\/\/www.unemi.edu.ec\/index.php\/wp-json\/wp\/v2\/pages\/10736\/revisions"}],"predecessor-version":[{"id":42078,"href":"https:\/\/www.unemi.edu.ec\/index.php\/wp-json\/wp\/v2\/pages\/10736\/revisions\/42078"}],"wp:attachment":[{"href":"https:\/\/www.unemi.edu.ec\/index.php\/wp-json\/wp\/v2\/media?parent=10736"}],"curies":[{"name":"wp","href":"https:\/\/api.w.org\/{rel}","templated":true}]}}