{"id":10559,"date":"2018-09-05T17:41:17","date_gmt":"2018-09-05T17:41:17","guid":{"rendered":"https:\/\/https:\/\/www.unemi.edu.ec\/\/wordpress\/?page_id=10559"},"modified":"2019-01-09T15:57:22","modified_gmt":"2019-01-09T15:57:22","slug":"cedulas-presupuestarias-2018-2","status":"publish","type":"page","link":"https:\/\/www.unemi.edu.ec\/index.php\/cedulas-presupuestarias-2018-2\/","title":{"rendered":"C\u00e9dulas Presupuestarias 2018"},"content":{"rendered":"<p><a href=\"\/wp-content\/uploads\/2018\/09\/cedula_presupuestaria_enero2018.pdf\" target=\"_blank\" rel=\"noopener\">C\u00e9dula presupuestaria enero 2018<\/a><br \/>\n<a href=\"\/wp-content\/uploads\/2018\/09\/cedula_presupuestaria_febrero2018.pdf\" target=\"_blank\" rel=\"noopener\">C\u00e9dula presupuestaria febrero 2018<\/a><br \/>\n<a href=\"\/wp-content\/uploads\/2018\/09\/cedula_presupuestaria_marzo2018.pdf\" target=\"_blank\" rel=\"noopener\">C\u00e9dula presupuestaria marzo 2018<\/a><br \/>\n<a href=\"\/wp-content\/uploads\/2018\/09\/cedula_presupuestaria_abril2018.pdf\" target=\"_blank\" rel=\"noopener\">C\u00e9dula presupuestaria abril 2018<\/a><br \/>\n<a href=\"\/wp-content\/uploads\/2018\/09\/cedula_presupuestaria_mayo_2018.pdf\" target=\"_blank\" rel=\"noopener\">C\u00e9dula presupuestaria mayo 2018<\/a><br \/>\n<a href=\"\/wp-content\/uploads\/2018\/09\/cedula_presupuestaria_junio_2018.pdf\" target=\"_blank\" rel=\"noopener\">C\u00e9dula presupuestaria junio 2018<\/a><br \/>\n<a href=\"\/wp-content\/uploads\/2018\/09\/cedula_presupuestaria_julio2018.pdf\" target=\"_blank\" rel=\"noopener\">C\u00e9dula presupuestaria julio 2018<\/a><br \/>\n<a href=\"\/wp-content\/uploads\/2018\/09\/cedula_presupuestaria_agosto_2018.pdf\" target=\"_blank\" rel=\"noopener\">C\u00e9dula presupuestaria agosto 2018<br \/>\n<\/a><a href=\"https:\/\/www.unemi.edu.ec\/wp-content\/uploads\/2018\/10\/cedula_presupuestaria_septiembre.pdf\" target=\"_blank\" rel=\"noopener\">C\u00e9dula presupuestaria septiembre 2018<br \/>\n<\/a><a href=\"https:\/\/www.unemi.edu.ec\/wp-content\/uploads\/2018\/11\/cedula_presupuestaria_octubre.pdf\" target=\"_blank\" rel=\"noopener\">C\u00e9dula presupuestaria octubre 2018<br \/>\n<\/a><a href=\"https:\/\/www.unemi.edu.ec\/wp-content\/uploads\/2018\/12\/cedula_presupuestaria_noviembre.pdf\" target=\"_blank\" rel=\"noopener\">C\u00e9dula presupuestaria noviembre 2018<br \/>\n<\/a><a href=\"https:\/\/www.unemi.edu.ec\/wp-content\/uploads\/2019\/01\/cedula_presupuestaria_diciembre.pdf\" target=\"_blank\" rel=\"noopener\">C\u00e9dula presupuestaria diciembre 2018<\/a><\/p>\n","protected":false},"excerpt":{"rendered":"<p>C\u00e9dula presupuestaria enero 2018 C\u00e9dula presupuestaria febrero 2018 C\u00e9dula presupuestaria marzo 2018 C\u00e9dula presupuestaria abril 2018 C\u00e9dula presupuestaria mayo 2018 C\u00e9dula presupuestaria junio 2018 C\u00e9dula presupuestaria julio 2018 C\u00e9dula presupuestaria [&hellip;]<\/p>\n","protected":false},"author":23,"featured_media":0,"parent":0,"menu_order":0,"comment_status":"closed","ping_status":"closed","template":"","meta":{"_joinchat":[],"footnotes":""},"class_list":["post-10559","page","type-page","status-publish","hentry"],"_links":{"self":[{"href":"https:\/\/www.unemi.edu.ec\/index.php\/wp-json\/wp\/v2\/pages\/10559","targetHints":{"allow":["GET"]}}],"collection":[{"href":"https:\/\/www.unemi.edu.ec\/index.php\/wp-json\/wp\/v2\/pages"}],"about":[{"href":"https:\/\/www.unemi.edu.ec\/index.php\/wp-json\/wp\/v2\/types\/page"}],"author":[{"embeddable":true,"href":"https:\/\/www.unemi.edu.ec\/index.php\/wp-json\/wp\/v2\/users\/23"}],"replies":[{"embeddable":true,"href":"https:\/\/www.unemi.edu.ec\/index.php\/wp-json\/wp\/v2\/comments?post=10559"}],"version-history":[{"count":0,"href":"https:\/\/www.unemi.edu.ec\/index.php\/wp-json\/wp\/v2\/pages\/10559\/revisions"}],"wp:attachment":[{"href":"https:\/\/www.unemi.edu.ec\/index.php\/wp-json\/wp\/v2\/media?parent=10559"}],"curies":[{"name":"wp","href":"https:\/\/api.w.org\/{rel}","templated":true}]}}