{"id":10481,"date":"2018-09-05T17:11:17","date_gmt":"2018-09-05T17:11:17","guid":{"rendered":"https:\/\/https:\/\/www.unemi.edu.ec\/\/wordpress\/?page_id=10481"},"modified":"2020-01-23T23:17:51","modified_gmt":"2020-01-23T23:17:51","slug":"informacion-financiera-2019","status":"publish","type":"page","link":"https:\/\/www.unemi.edu.ec\/index.php\/informacion-financiera-2019\/","title":{"rendered":"Informaci\u00f3n Financiera 2019"},"content":{"rendered":"<h3><strong>Presupuesto Anual de la Instituci\u00f3n<\/strong><br \/>\n<strong>\u00a0Procesos de Contrataci\u00f3n<\/strong><\/h3>\n<h5><a href=\"https:\/\/www.unemi.edu.ec\/index.php\/procesos-de-compras-2019\/\">Procesos de compras<\/a><br \/>\n<a href=\"https:\/\/www.unemi.edu.ec\/index.php\/infimas-cuantias-2019\/\">\u00cdnfimas Cuant\u00edas<\/a><\/h5>\n<h3><strong>\u00a0Ejecuci\u00f3n del Presupuesto<\/strong><\/h3>\n<h5><a href=\"https:\/\/www.unemi.edu.ec\/index.php\/reporte-de-gastos-2019\/\">Reporte de Gastos 2019<\/a><br \/>\n<a href=\"https:\/\/www.unemi.edu.ec\/index.php\/cedulas-presupuestarias-2019\/\">C\u00e9dulas Presupuestarias 2019<\/a><br \/>\n<a href=\"https:\/\/www.unemi.edu.ec\/index.php\/listado-de-destinatarios-de-recursos-2019\/\">Listado de destinatarios de recursos 2019<\/a><br \/>\n<a href=\"https:\/\/www.unemi.edu.ec\/wp-content\/uploads\/2019\/02\/presupuesto_liquidado_2018.pdf\">Presupuesto 2018 liquidado<br \/>\n<\/a><a href=\"https:\/\/www.unemi.edu.ec\/index.php\/viaticos-2019\/\">Vi\u00e1ticos<\/a><\/h5>\n","protected":false},"excerpt":{"rendered":"<p>Presupuesto Anual de la Instituci\u00f3n \u00a0Procesos de Contrataci\u00f3n Procesos de compras \u00cdnfimas Cuant\u00edas \u00a0Ejecuci\u00f3n del Presupuesto Reporte de Gastos 2019 C\u00e9dulas Presupuestarias 2019 Listado de destinatarios de recursos 2019 Presupuesto [&hellip;]<\/p>\n","protected":false},"author":23,"featured_media":0,"parent":0,"menu_order":0,"comment_status":"closed","ping_status":"closed","template":"","meta":{"_joinchat":[],"footnotes":""},"class_list":["post-10481","page","type-page","status-publish","hentry"],"_links":{"self":[{"href":"https:\/\/www.unemi.edu.ec\/index.php\/wp-json\/wp\/v2\/pages\/10481","targetHints":{"allow":["GET"]}}],"collection":[{"href":"https:\/\/www.unemi.edu.ec\/index.php\/wp-json\/wp\/v2\/pages"}],"about":[{"href":"https:\/\/www.unemi.edu.ec\/index.php\/wp-json\/wp\/v2\/types\/page"}],"author":[{"embeddable":true,"href":"https:\/\/www.unemi.edu.ec\/index.php\/wp-json\/wp\/v2\/users\/23"}],"replies":[{"embeddable":true,"href":"https:\/\/www.unemi.edu.ec\/index.php\/wp-json\/wp\/v2\/comments?post=10481"}],"version-history":[{"count":0,"href":"https:\/\/www.unemi.edu.ec\/index.php\/wp-json\/wp\/v2\/pages\/10481\/revisions"}],"wp:attachment":[{"href":"https:\/\/www.unemi.edu.ec\/index.php\/wp-json\/wp\/v2\/media?parent=10481"}],"curies":[{"name":"wp","href":"https:\/\/api.w.org\/{rel}","templated":true}]}}