{"id":10446,"date":"2018-09-05T17:01:54","date_gmt":"2018-09-05T17:01:54","guid":{"rendered":"https:\/\/https:\/\/www.unemi.edu.ec\/\/wordpress\/?page_id=10446"},"modified":"2025-05-01T08:28:21","modified_gmt":"2025-05-01T13:28:21","slug":"informacion-administrativa","status":"publish","type":"page","link":"https:\/\/www.unemi.edu.ec\/index.php\/informacion-administrativa\/","title":{"rendered":"Informaci\u00f3n Administrativa"},"content":{"rendered":"<p><span style=\"font-size: 12pt;\"><a href=\"https:\/\/www.unemi.edu.ec\/telefonia\/\" target=\"_blank\" rel=\"noopener\">Directorio de la Instituci\u00f3n<\/a><\/span><span style=\"font-size: 12pt;\"><a href=\"\/wp-content\/uploads\/2018\/09\/cumplimientorecomendacionesdr1-dpgy-ai-0092-2014.pdf\" target=\"_blank\" rel=\"noopener\"><br \/>\n<\/a><a href=\"https:\/\/www.unemi.edu.ec\/index.php\/donaciones-y-bajas-de-activos\/\">Donaciones y bajas de activos<\/a><\/p>\n<p><\/span><\/p>\n<div>\n<div>\n<div>\n<h3><strong>Estructura org\u00e1nica<\/strong><\/h3>\n<\/div>\n<\/div>\n<\/div>\n<p><span style=\"font-size: 12pt;\"><a href=\"https:\/\/www.unemi.edu.ec\/wp-content\/uploads\/2022\/05\/diagrama_general0338239001648758114.pdf\">Estructura Org\u00e1nica 2022<\/a><br \/>\n<a href=\"\/wp-content\/uploads\/2018\/09\/estructura-organica-2015.png\" target=\"_blank\" rel=\"noopener\">Estructura Org\u00e1nica 2016<\/a><\/span><\/p>\n<div>\n<h3><strong>Compras P\u00fablicas<\/strong><\/h3>\n<\/div>\n<div>\n<p><span style=\"font-size: 12pt;\"><a href=\"https:\/\/www.unemi.edu.ec\/wp-content\/uploads\/2025\/04\/REPORTE-DE-COMPRAS-2024-V1.pdf\">Procesos de Contrataci\u00f3n y Compras P\u00fablicas de Bienes y Servicios 2024<\/a><\/span><\/p>\n<\/div>\n<div>\n<h3><strong>Medidas de seguridad para la comunidad universitaria<\/strong><\/h3>\n<\/div>\n<div>\n<p><a href=\"https:\/\/www.unemi.edu.ec\/wp-content\/uploads\/2025\/04\/reporte_seguridad_unemi_2024-signed-signed-signed.pdf\">Medidas de seguridad para la comunidad universitaria 2024<\/a><\/p>\n<\/div>\n<div>\n<div>\n<div>\n<h3><strong>Cumplimiento de recomendaciones<\/strong><\/h3>\n<\/div>\n<\/div>\n<\/div>\n<p><span style=\"font-size: 12pt;\"><a href=\"\/wp-content\/uploads\/2018\/09\/cumplimientorecomendacionesdr1-0031-2010.pdf\" target=\"_blank\" rel=\"noopener\">Cumplimiento de recomendaciones informe DR1-0031-2010<\/a><\/span><br \/>\n<span style=\"font-size: 12pt;\"><a href=\"\/wp-content\/uploads\/2018\/09\/cumplimientorecomendacionesdr1-dpgy-ai-0047-2014.pdf\" target=\"_blank\" rel=\"noopener\">Cumplimiento de recomendaciones informe DR1-DPGY-AI-0047-2014<\/a><\/span><br \/>\n<span style=\"font-size: 12pt;\"><a href=\"\/wp-content\/uploads\/2018\/09\/cumplimientorecomendacionesdr1-dpgy-ai-0092-2014.pdf\" target=\"_blank\" rel=\"noopener\">Cumplimiento de recomendaciones informe DR1-DPGY-AI-0092-2014<\/a><\/span><\/p>\n","protected":false},"excerpt":{"rendered":"<p>Directorio de la Instituci\u00f3n Donaciones y bajas de activos Estructura org\u00e1nica Estructura Org\u00e1nica 2022 Estructura Org\u00e1nica 2016 Compras P\u00fablicas Procesos de Contrataci\u00f3n y Compras P\u00fablicas de Bienes y Servicios 2024 [&hellip;]<\/p>\n","protected":false},"author":23,"featured_media":0,"parent":0,"menu_order":0,"comment_status":"closed","ping_status":"closed","template":"","meta":{"_joinchat":[],"footnotes":""},"class_list":["post-10446","page","type-page","status-publish","hentry"],"_links":{"self":[{"href":"https:\/\/www.unemi.edu.ec\/index.php\/wp-json\/wp\/v2\/pages\/10446","targetHints":{"allow":["GET"]}}],"collection":[{"href":"https:\/\/www.unemi.edu.ec\/index.php\/wp-json\/wp\/v2\/pages"}],"about":[{"href":"https:\/\/www.unemi.edu.ec\/index.php\/wp-json\/wp\/v2\/types\/page"}],"author":[{"embeddable":true,"href":"https:\/\/www.unemi.edu.ec\/index.php\/wp-json\/wp\/v2\/users\/23"}],"replies":[{"embeddable":true,"href":"https:\/\/www.unemi.edu.ec\/index.php\/wp-json\/wp\/v2\/comments?post=10446"}],"version-history":[{"count":7,"href":"https:\/\/www.unemi.edu.ec\/index.php\/wp-json\/wp\/v2\/pages\/10446\/revisions"}],"predecessor-version":[{"id":47286,"href":"https:\/\/www.unemi.edu.ec\/index.php\/wp-json\/wp\/v2\/pages\/10446\/revisions\/47286"}],"wp:attachment":[{"href":"https:\/\/www.unemi.edu.ec\/index.php\/wp-json\/wp\/v2\/media?parent=10446"}],"curies":[{"name":"wp","href":"https:\/\/api.w.org\/{rel}","templated":true}]}}