{"id":10309,"date":"2018-09-05T15:59:56","date_gmt":"2018-09-05T15:59:56","guid":{"rendered":"https:\/\/https:\/\/www.unemi.edu.ec\/\/wordpress\/?page_id=10309"},"modified":"2024-06-28T16:11:26","modified_gmt":"2024-06-28T21:11:26","slug":"base-legal-que-la-rige","status":"publish","type":"page","link":"https:\/\/www.unemi.edu.ec\/index.php\/base-legal-que-la-rige\/","title":{"rendered":"Base Legal que la rige"},"content":{"rendered":"<p><strong>CARTA SUPREMA<\/strong><br \/>\n<a href=\"https:\/\/www.unemi.edu.ec\/wp-content\/uploads\/2023\/03\/CONSTITUCION-DE-LA-REPUBLICA-DEL-ECUADOR.pdf\">Constituci\u00f3n de la Rep\u00fablica del Ecuador<\/a><\/p>\n<p><strong>NORMAS INTERNACIONALES<\/strong><br \/>\n<a href=\"https:\/\/www.unemi.edu.ec\/wp-content\/uploads\/2023\/03\/PACTO-INTERNACIONAL-DE-DERECHOS-ECONOMICOS-SOCIALES-Y-CULTURALES.pdf\">Pacto Internacional de Derechos, Econ\u00f3micos, Sociales y Culturales<\/a><br \/>\n<a href=\"https:\/\/www.unemi.edu.ec\/wp-content\/uploads\/2023\/03\/CONVENCION-INTERAMERICANA-SOBRE-DERECHOS-HUMANOS.pdf\">Convenci\u00f3n Interamericana sobre Derechos Humanos<\/a><br \/>\n<a href=\"https:\/\/www.unemi.edu.ec\/wp-content\/uploads\/2023\/03\/DECLARACION-UNIVERSAL-DE-LOS-DERECHOS-HUMANOS.pdf\">Declaraci\u00f3n Universal de los Derechos Humano<\/a><\/p>\n<p><strong>C\u00d3DIGOS<\/strong><br \/>\n<a href=\"https:\/\/www.unemi.edu.ec\/wp-content\/uploads\/2023\/07\/CODIGO-ORGANICO-ADMINISTRATIVO-COA.pdf\">C\u00f3digo Org\u00e1nico Administrativo COA<\/a><br \/>\n<a href=\"https:\/\/www.unemi.edu.ec\/wp-content\/uploads\/2023\/07\/CODIGO-ORGANICO-DE-LA-ECONOMIA-SOCIAL-DE-LOS-CONOCIMIENTOS-COESCCI.pdf\">C\u00f3digo Org\u00e1nico de la Econom\u00eda Social de los Conocimientos, Creatividad e Innovaci\u00f3n COESCCI<\/a><br \/>\n<a href=\"https:\/\/www.unemi.edu.ec\/wp-content\/uploads\/2023\/03\/CODIGO-ORGANICO-GENERAL-DE-PROCESOS-COGEP.pdf\">C\u00f3digo Org\u00e1nico General de Procesos COGEP<\/a><br \/>\n<a href=\"https:\/\/www.unemi.edu.ec\/wp-content\/uploads\/2023\/07\/CODIGO-ORGANICO-DE-PLANIFICACION-Y-FINANZAS-PUBLICAS-COPFP.pdf\">C\u00f3digo Org\u00e1nico de Planificaci\u00f3n y Finanzas P\u00fablicas COPFP<\/a><br \/>\n<a href=\"https:\/\/www.unemi.edu.ec\/wp-content\/uploads\/2023\/07\/CODIFICA-RESOLUCIONES-DEL-SERVICIO-NACIONAL-DE-CONTRATACION-PUBLICA.pdf\">Codifica Resoluciones del Servicio Nacional Contrataci\u00f3n P\u00fablica<\/a><br \/>\n<a href=\"https:\/\/www.unemi.edu.ec\/wp-content\/uploads\/2023\/07\/CODIGO-DEL-TRABAJO.pdf\">C\u00f3digo del Trabajo<\/a><br \/>\n<a href=\"https:\/\/www.unemi.edu.ec\/wp-content\/uploads\/2024\/01\/CODIGO_TRIBUTARIO-1.pdf\">C\u00f3digo Tributario (Categor\u00eda de Ley Org\u00e1nica \u2013 Disposici\u00f3n Final Segunda de la Ley Reformatoria para la Equidad Tributaria)<\/a><br \/>\n<a href=\"https:\/\/www.unemi.edu.ec\/wp-content\/uploads\/2023\/09\/ECLEX-PRO-CIVIL-CODIGO_ORGANICO_DE_LA_ECONOMIA_SOCIAL_DE_LOS_CONOCIMIENTOS_COESCCI-1.pdf\">C\u00f3digo Org\u00e1nico de la Econom\u00eda Social de los Conocimientos<\/a><\/p>\n<p><strong>LEYES ORG\u00c1NICAS<\/strong><br \/>\n<a href=\"https:\/\/www.unemi.edu.ec\/wp-content\/uploads\/2023\/03\/LEY-ORGANICA-DE-EDUCACION-SUPERIOR-LOES.pdf\">Ley Org\u00e1nica de Educaci\u00f3n Superior<\/a><br \/>\n<a href=\"https:\/\/www.unemi.edu.ec\/wp-content\/uploads\/2023\/07\/LEY-ORGANICA-DE-SERVICIO-PUBLICO-LOSEP.pdf\">Ley Org\u00e1nica del Servicio P\u00fablico<\/a><br \/>\n<a href=\"https:\/\/www.unemi.edu.ec\/wp-content\/uploads\/2023\/03\/LEY-ORGANICA-DE-GARANTIAS-JURISDICCIONALES-Y-CONTROL-CONSTITUCIONAL.pdf\">Ley Org\u00e1nica de Garant\u00edas Jurisdiccionales y Control Constitucional<\/a><br \/>\n<a href=\"https:\/\/www.unemi.edu.ec\/wp-content\/uploads\/2023\/03\/LEY-ORGANICA-DEL-CONSEJO-DE-PARTICIPACION-CIUDADANA-Y-CONTROL-SOCIAL.pdf\">Ley Org\u00e1nica del Consejo de Participaci\u00f3n Ciudadana y Control Social<\/a><br \/>\n<a href=\"https:\/\/www.unemi.edu.ec\/wp-content\/uploads\/2023\/12\/Ley-Organica-del-Sistema-Nacional-de-Contratacion-Publica.pdf\">Ley Org\u00e1nica del Sistema Nacional de Contrataci\u00f3n P\u00fablica<\/a><br \/>\n<a href=\"https:\/\/www.unemi.edu.ec\/wp-content\/uploads\/2023\/03\/LEY-ORGANICA-DE-LA-CONTRALORIA-GENERAL-DEL-ESTADO.pdf\">Ley Org\u00e1nica de la Contralor\u00eda General del Estado<\/a><br \/>\n<a href=\"https:\/\/www.unemi.edu.ec\/wp-content\/uploads\/2023\/09\/LEY_ORGANICA_DE_CULTURA-Ultima-reforma-2022-11-14-1.pdf\">Ley Org\u00e1nica de Cultura<\/a><br \/>\n<a href=\"https:\/\/www.unemi.edu.ec\/wp-content\/uploads\/2023\/03\/ESTATUTO-REGIMEN-JURIDICO-ADMINISTRATIVO-FUNCION-EJECUTIVA-ERJAFE.pdf\">Estatuto de R\u00e9gimen Jur\u00eddico de la Administraci\u00f3n de la Funci\u00f3n Ejecutiva<\/a><\/p>\n<p><strong>LEYES ORDINARIAS<\/strong><br \/>\n<a href=\"https:\/\/www.unemi.edu.ec\/wp-content\/uploads\/2023\/07\/LEY-DE-SEGURIDAD-PUBLICA-Y-DEL-ESTADO.pdf\">Ley de Seguridad P\u00fablica y del Estado<\/a><br \/>\n<a href=\"https:\/\/www.unemi.edu.ec\/wp-content\/uploads\/2024\/01\/LEY_DE_REGIMEN_TRIBUTARIO_INTERNO_LRTI.pdf\">Ley de R\u00e9gimen Tributario Interno (Jerarqu\u00eda de Org\u00e1nica \u2013 D.L 00, R.O. 242 de 29 de diciembre de 2007)<\/a><\/p>\n<p><strong>DECRETOS EJECUTIVOS<\/strong><br \/>\n<a href=\"https:\/\/www.unemi.edu.ec\/wp-content\/uploads\/2023\/12\/Decreto-Ejecutivo-No.-457-Optimizacion-de-G.pdf\">Instructivo Art. 12 &#8211; Normas de Optimizaci\u00f3n y Austeridad del Gasto P\u00fablico<\/a><\/p>\n<p><strong>REGLAMENTOS DE LEYES<\/strong><br \/>\n<a href=\"https:\/\/www.unemi.edu.ec\/wp-content\/uploads\/2023\/03\/REGLAMENTO-APROBACION-ESTATUTOS-UNIVERSIDADES-ESCUELAS-POLITECNICAS.pdf\">Reglamento para la aprobaci\u00f3n de los Estatutos de las Universidades y Escuelas Polit\u00e9cnicas<\/a><br \/>\n<a href=\"https:\/\/www.unemi.edu.ec\/wp-content\/uploads\/2023\/03\/REGLAMENTO-A-LA-LEY-ORGANICA-DE-EDUCACION-SUPERIOR.pdf\">Reglamento General a la Ley Org\u00e1nica de Educaci\u00f3n Superior<\/a><br \/>\n<a href=\"https:\/\/www.unemi.edu.ec\/wp-content\/uploads\/2023\/03\/REGLAMENTO-CODIGO-ORGANICO-ECONOMIA-SOCIAL-DE-LOS-CONOCIMIENTOS.pdf\">Reglamento C\u00f3digo Org\u00e1nico Econom\u00eda Social de los Conocimientos<\/a><br \/>\n<a href=\"https:\/\/www.unemi.edu.ec\/wp-content\/uploads\/2024\/01\/PUBLICO-REGLAMENTO_DEL_CODIGO_ORGANICO_DE_PLANIFICACION_Y_FINANZAS_PUBLICAS.pdf\">Reglamento General al C\u00f3digo Org\u00e1nico de Planificaci\u00f3n y Finanzas P\u00fablicas<\/a><br \/>\n<a href=\"https:\/\/www.unemi.edu.ec\/wp-content\/uploads\/2023\/03\/REGLAMENTO-GENERAL-A-LA-LEY-ORGANICA-DEL-SERVICIO-PUBLICO.pdf\">Reglamento General a la Ley Org\u00e1nica del Servicio P\u00fablico<\/a><br \/>\n<a href=\"https:\/\/www.unemi.edu.ec\/wp-content\/uploads\/2023\/03\/REGLAMENTO-A-LA-LEY-DE-SEGURIDAD-PUBLICA-Y-DEL-ESTADO.pdf\">Reglamento a la Ley de Seguridad P\u00fablica y del Estado<\/a><br \/>\n<a href=\"https:\/\/www.unemi.edu.ec\/wp-content\/uploads\/2023\/07\/REGLAMENTO-DE-LA-LEY-ORGANICA-DE-LA-CONTRALORIA-GENERAL.pdf\">Reglamento de la Ley Org\u00e1nica de la Contralor\u00eda General del Estado<\/a><br \/>\n<a href=\"https:\/\/www.unemi.edu.ec\/wp-content\/uploads\/2023\/07\/REGLAMENTO-DE-REGIMEN-ACADEMICO-1.pdf\">Reglamento de R\u00e9gimen Acad\u00e9mico<\/a><br \/>\n<a href=\"https:\/\/www.unemi.edu.ec\/wp-content\/uploads\/2023\/12\/Reglamento-de-Carrera-y-Escalafon-del-Personal-de-Educacion-Superior.pdf\">Reglamento de\u00a0 Carrera y Escalaf\u00f3n del Personal Acad\u00e9mico de Educaci\u00f3n Superior<\/a><br \/>\n<a href=\"https:\/\/www.unemi.edu.ec\/wp-content\/uploads\/2023\/03\/REGLAMENTO-RECURSO-DE-APELACION-RESOLUCIONES-PROCESOS-DISCIPLINARIOS.pdf\">Reglamento Recurso de Apelaci\u00f3n Resoluciones Procesos Disciplinarios<\/a><br \/>\n<a href=\"https:\/\/www.unemi.edu.ec\/wp-content\/uploads\/2023\/07\/REGLAMENTO-DE-POTESTAD-SANCIONADORA-CONSEJO-DE-EDUCACION-SUPERIOR.pdf\">Reglamento de Ejercicio de la Potestad Sancionadora del Consejo de Educaci\u00f3n Superior<\/a><br \/>\n<a href=\"https:\/\/www.unemi.edu.ec\/wp-content\/uploads\/2023\/03\/RPC-SO-27-No.441-2019-REGLAMENTO-INTERNO-PARA-EL-CONTROL-DE-ASISTENCIA-Y-PERMANENCIA-DE-LOS-SERVIDORES-DEL-CONSEJO-DE-EDUCACION-SUPERIOR.pdf\">Reglamento Interno para el Control de Asistencia y Permanencia de los Servidores del Consejo de Educaci\u00f3n Superior<\/a><br \/>\n<a href=\"https:\/\/www.unemi.edu.ec\/wp-content\/uploads\/2023\/07\/REGLAMENTO-INTERNO-PARA-EL-CONTROL-Y-USO-DE-VEHICULOS-DEL-CONSEJO-DE-EDUCACION-SUPERIOR.pdf\">Reglamento Interno para el Control y Uso de Veh\u00edculos del Consejo de Educaci\u00f3n Superior<\/a><br \/>\n<a href=\"https:\/\/unemi.edu.ec:443\/wp-content\/uploads\/2020\/01\/1563554114340_RPC-SO-23-No.389-2019_ReglamentoCoactivas.pdf\" target=\"_blank\" rel=\"noopener\">Reglamento para el Ejercicio de la Potestad de Ejecuci\u00f3n Coactiva del Consejo de Educaci\u00f3n Superior<\/a><br \/>\n<a href=\"https:\/\/www.unemi.edu.ec\/wp-content\/uploads\/2023\/07\/REGLAMENTO-DE-LAS-INSTITUCIONES-DE-EDUCACION-SUPERIOR-DE-FORMACION-TECNICA-Y-TECNOLOGICA.pdf\">Reglamento de las Instituciones de Educaci\u00f3n Superior de Formaci\u00f3n T\u00e9cnica y Tecnol\u00f3gica<\/a><br \/>\n<a href=\"https:\/\/www.unemi.edu.ec\/wp-content\/uploads\/2023\/03\/RPC-SO-41-No.708-2018-REGLAMENTO-INTERNO-PARA-EL-PAGO-Y-LIQUIDACION-DE-VIATICOS-Y-MOVILIZACIONES-DENTRO-DEL-PAIS-DEL-CONSEJO-DE-EDUCACION-SUPERIOR.pdf\">Reglamento Interno para el pago y liquidaci\u00f3n de vi\u00e1ticos y movilizaciones dentro del pa\u00eds del Consejo de Educaci\u00f3n Superior<\/a><br \/>\n<a href=\"https:\/\/www.unemi.edu.ec\/wp-content\/uploads\/2023\/03\/REGLAMENTO-DEL-PLAN-DE-CONTINGENCIA-PARA-LAS-Y-LOS-ESTUDIANTES-DE-LAS-UNIVERSIDADES-Y-ESCUELAS-POLITECNICAS-DE-CATEGORIA-E-QUE-SE-SUSPENDAN-DEFINITIVAMENTE-CODIFICACION.pdf\"><span style=\"font-weight: 400;\">Reglamento del Plan de Contingencia para las y los estudiantes de las Universidades y Escuelas Polit\u00e9cnicas de Categor\u00eda E que se suspendan definitivamente (Codificaci\u00f3n)<\/span><\/a><br \/>\n<a href=\"https:\/\/www.unemi.edu.ec\/wp-content\/uploads\/2023\/07\/Reglamento-sobre-la-Metodologia-de-la-Elaboracion-y-Aplicacion-de-la-Formula-para-la-Distribucion-de-los-Recursos-Destinados-Anualmente-por-parte-del-Estado-a-Favor-de-las-Universidades-y-Escuelas-1.pdf\">Reglamento sobre la metodolog\u00eda de la elaboraci\u00f3n y aplicaci\u00f3n de la f\u00f3rmula para la distribuci\u00f3n de los recursos destinados anualmente por parte del Estado a favor de las Universidades y Escuelas Polit\u00e9cnicas<\/a><br \/>\n<a href=\"https:\/\/www.unemi.edu.ec\/wp-content\/uploads\/2023\/07\/REGLAMENTO-PARA-LAS-CARRERAS-Y-PROGRAMAS-EN-MODALIDAD-DE-FORMACION-DUAL.pdf\"><span style=\"font-weight: 400;\">Reglamento para las Carreras y Programas en Modalidad de Formaci\u00f3n Dual<\/span><\/a><br \/>\n<a href=\"https:\/\/www.unemi.edu.ec\/wp-content\/uploads\/2023\/03\/REGLAMENTO-PARA-LA-ENAGENACION-DE-LOS-BIENES-DE-LAS-UNIVERSIDADES-Y-ESCUELAS-POLITECNICAS-EXTINTAS.pdf\">Reglamento para la enajenaci\u00f3n de los bienes de las Universidades y Escuelas Polit\u00e9cnicas extintas, transferidos al fideicomiso \u201cMandato 14 &#8211; M\u00e1s Calidad\u201d<\/a><br \/>\n<a href=\"https:\/\/www.unemi.edu.ec\/wp-content\/uploads\/2023\/03\/REGLAMENTO-PARA-GARANTIZAR-LA-IGUALDAD-DE-TODOS-LOS-ACTORES-EN-EL-SISTEMA-DE-EDUCACION-SUPERIOR.pdf\">Reglamento para garantizar la igualdad de todos los actores en el Sistema de Educaci\u00f3n Superior<\/a><br \/>\n<a href=\"https:\/\/www.unemi.edu.ec\/wp-content\/uploads\/2023\/07\/REGLAMENTO-PARA-LA-DESIGNACION-YATRIBUCIONES-DE-LOS-MIEMBROS-DE-LA-JUNTA-DEL-FIDEICOMISO-DENOMINADO-_MANDATO-14.-MAS-CALIDAD_-coDrFrcAcloN.pdf\"><span style=\"font-weight: 400;\">Reglamento para la designaci\u00f3n y atribuciones de los Miembros de la Junta del Fideicomiso denominado \u201cMandato 14 &#8211; M\u00e1s Calidad\u201d<\/span><\/a><br \/>\n<a href=\"https:\/\/www.unemi.edu.ec\/wp-content\/uploads\/2023\/03\/RPC-SO-29-No.509-2016-REGLAMENTO-DE-VALIDACION-DE-TRAYECTORIAS-PROFESIONALES-EN-EL-CAMPO-DE-LAS-ARTES.pdf\"><span style=\"font-weight: 400;\">Reglamento de validaci\u00f3n de <\/span><span style=\"font-weight: 400;\">trayectorias profesionales en el campo de las artes<\/span><\/a><br \/>\n<a href=\"https:\/\/www.unemi.edu.ec\/wp-content\/uploads\/2023\/12\/Reglamento-de-Doctorados-1.pdf\"><span style=\"font-weight: 400;\">Reglamento de Doctorados<\/span><\/a><br \/>\n<a href=\"https:\/\/www.unemi.edu.ec\/wp-content\/uploads\/2023\/07\/REGLAMENTO-PARA-GARANTIZAR-EL-CUMPLIMIENTO-DE-LA-GRATUIDAD-DE-LA-EDUCACION-SUPERIOR-PUBLICA-1.pdf\">Reglamento para garantizar el cumplimiento de la gratuidad de la Educaci\u00f3n Superior P\u00fablica<\/a><br \/>\n<a href=\"https:\/\/www.unemi.edu.ec\/wp-content\/uploads\/2023\/07\/REGLAMENTO-PARA-GARANTIZAR-EL-DERECHO-A-LA-CONTINUIDAD-DE-LOS-ESTUDIOS-REGULARES-DE-LAS-Y-LOS-ESTUDIANTES-DE-LAS-UNIVERSIDADES-Y-ESCUELAS-POLITECNICAS-SUSPEND-IDAS-DEFINITIVAMENTE-POR-EL-CEAACES.pdf\">Reglamento para garantizar el derecho a la continuidad de los estudios regulares de las y los estudiantes de las IES suspendidas por el CEAACES<\/a><br \/>\n<a href=\"https:\/\/www.unemi.edu.ec\/wp-content\/uploads\/2023\/07\/REGLAMENTO-DE-APLICACION-DE-LA-FORMULA-DE-DISTRIBUCION-DE-RECURSOS-DESTINADOS-ANUALMENTE-POR-PARTE-DEL-ESTADO-A-FAVOR-DE-LAS-_NSTITUCIONES-DE-EDUCACTON-SUPERTOR-codificacion.pdf\">Reglamento de aplicaci\u00f3n de la f\u00f3rmula de distribuci\u00f3n de recursos destinados anualmente por parte del Estado a favor de las Instituciones de Educaci\u00f3n Superior<\/a><br \/>\n<a href=\"https:\/\/www.unemi.edu.ec\/wp-content\/uploads\/2023\/12\/Reglamento-que-Establece-el-Procedimiento-de-Clausura-para-las-Entidades-que-se-Hallan-Incursas-en-la-infraccion-determinada-en-el-articulo-209-de-la-LOES.pdf\">Reglamento que establece el procedimiento de clausura para las entidades que se hallan incursas en la infracci\u00f3n determinada en el Art\u00edculo 209<\/a><br \/>\n<a href=\"https:\/\/www.unemi.edu.ec\/wp-content\/uploads\/2023\/03\/REGLAMENTO-INTERNO-DEL-CES.pdf\"><span style=\"font-weight: 400;\">Reglamento Interno del CES<\/span><\/a><br \/>\n<a href=\"https:\/\/www.unemi.edu.ec\/wp-content\/uploads\/2023\/09\/ECLEX-PRO-CONTRATO-REGLAMENTO_A_LA_LEY_ORGANICA_SISTEMA_NACIONAL_CONTRATACION_PUBLICA-1-1.pdf\">Reglamento de la Ley Org\u00e1nica del Sistema Nacional de Contrataci\u00f3n P\u00fablica.<\/a><br \/>\n<a href=\"https:\/\/www.unemi.edu.ec\/wp-content\/uploads\/2023\/12\/Reglamento-General-a-la-Ley-Organica-de-Cultura.pdf\">Reglamento General a la Ley Org\u00e1nica de Cultura<\/a><\/p>\n<p><strong>NORMATIVAS<\/strong><br \/>\n<a href=\"https:\/\/www.unemi.edu.ec\/wp-content\/uploads\/2023\/07\/NORMAS-DE-CONTROL-DEL-SECTOR-PUBLICO-Y-JURIDICAS-DE-DERECHO-PRIVADO.pdf\">Normas de Control del Sector P\u00fablico y Jur\u00eddicas de Derecho Privado<\/a><br \/>\n<a href=\"https:\/\/www.unemi.edu.ec\/wp-content\/uploads\/2023\/09\/ECLEX-PRO-CIVIL-NORMA_TECNICA_PARA_LA_INSCRIPCION_DE_ARTISTAS_Y_GESTORES_CULTURALES.pdf\">Norma T\u00e9cnica para la Inscripci\u00f3n de Artistas y Gestores Culturales<\/a><\/p>\n<p><strong>ACUERDOS<\/strong><br \/>\n<a href=\"https:\/\/www.unemi.edu.ec\/wp-content\/uploads\/2023\/03\/ACUERDO-MINISTERIAL-No.-MDT-2023-035-DETERMINAR-EL-VALOR-DEL-SALARIO-DIGNO-PARA-EL-ANO-2022-Y-REGULAR-EL-PROCEDIMIENTO-PARA-EL-PAGO-DE-LA-COMPENSACION-ECONOMICA.pdf\">Acuerdo Ministerial No. MDT-2023-035 para determinar el valor del salario digno para el a\u00f1o 2022 y regular el procedimiento para el pago de la compensaci\u00f3n econ\u00f3mica<\/a><\/p>\n<p><strong>INSTRUCTIVOS<\/strong><br \/>\n<a href=\"https:\/\/www.unemi.edu.ec\/wp-content\/uploads\/2023\/07\/INSTRUCTIVO-PARA-LA-VERIFICACION-DE-ESTATUTOS-EDUCACION-SUPERIOR.pdf\">Instructivo para la verificaci\u00f3n de Estatutos de las Instituciones de Educaci\u00f3n Superior<\/a><\/p>\n<p><a href=\"https:\/\/www.unemi.edu.ec\/wp-content\/uploads\/2023\/09\/ECLEX-PRO-LABORAL-DIRECTRICES_MODALIDAD_DE_CONTRATO_DE_SERVICIOS_OCASIONALES-1.pdf\">Directrices Modalidad de Contrataci\u00f3n de Servicios Ocasionales\u00a0<\/a><\/p>\n<p>&nbsp;<\/p>\n<p>&nbsp;<\/p>\n<p>&nbsp;<\/p>\n<p>&nbsp;<\/p>\n<p>&nbsp;<\/p>\n","protected":false},"excerpt":{"rendered":"<p>CARTA SUPREMA Constituci\u00f3n de la Rep\u00fablica del Ecuador NORMAS INTERNACIONALES Pacto Internacional de Derechos, Econ\u00f3micos, Sociales y Culturales Convenci\u00f3n Interamericana sobre Derechos Humanos Declaraci\u00f3n Universal de los Derechos Humano C\u00d3DIGOS [&hellip;]<\/p>\n","protected":false},"author":23,"featured_media":0,"parent":0,"menu_order":0,"comment_status":"closed","ping_status":"closed","template":"","meta":{"_joinchat":[],"footnotes":""},"class_list":["post-10309","page","type-page","status-publish","hentry"],"_links":{"self":[{"href":"https:\/\/www.unemi.edu.ec\/index.php\/wp-json\/wp\/v2\/pages\/10309","targetHints":{"allow":["GET"]}}],"collection":[{"href":"https:\/\/www.unemi.edu.ec\/index.php\/wp-json\/wp\/v2\/pages"}],"about":[{"href":"https:\/\/www.unemi.edu.ec\/index.php\/wp-json\/wp\/v2\/types\/page"}],"author":[{"embeddable":true,"href":"https:\/\/www.unemi.edu.ec\/index.php\/wp-json\/wp\/v2\/users\/23"}],"replies":[{"embeddable":true,"href":"https:\/\/www.unemi.edu.ec\/index.php\/wp-json\/wp\/v2\/comments?post=10309"}],"version-history":[{"count":18,"href":"https:\/\/www.unemi.edu.ec\/index.php\/wp-json\/wp\/v2\/pages\/10309\/revisions"}],"predecessor-version":[{"id":42214,"href":"https:\/\/www.unemi.edu.ec\/index.php\/wp-json\/wp\/v2\/pages\/10309\/revisions\/42214"}],"wp:attachment":[{"href":"https:\/\/www.unemi.edu.ec\/index.php\/wp-json\/wp\/v2\/media?parent=10309"}],"curies":[{"name":"wp","href":"https:\/\/api.w.org\/{rel}","templated":true}]}}