{"id":10227,"date":"2018-06-08T20:25:43","date_gmt":"2018-06-08T20:25:43","guid":{"rendered":"https:\/\/https:\/\/www.unemi.edu.ec\/\/wordpress\/?page_id=10227"},"modified":"2018-06-08T20:25:43","modified_gmt":"2018-06-08T20:25:43","slug":"total-graphics-2","status":"publish","type":"page","link":"https:\/\/www.unemi.edu.ec\/index.php\/total-graphics-2\/","title":{"rendered":"Total Graphics"},"content":{"rendered":"<table width=\"561\">\n<tbody>\n<tr>\n<td width=\"237\"><strong>Responsable contraparte<\/strong><\/td>\n<td style=\"text-align: left;\" width=\"324\">Lcdo. C\u00e9sar Napole\u00f3n Pazmi\u00f1o Gavilanes<\/td>\n<\/tr>\n<tr>\n<td width=\"237\"><strong>Responsable Unemi<\/strong><\/td>\n<td style=\"text-align: left;\">Decano de la Facultad de Ciencias sociales<\/td>\n<\/tr>\n<tr>\n<td width=\"237\"><strong>Objetivo<\/strong><\/td>\n<td style=\"text-align: left;\" width=\"324\">Establecer relaciones de cooperaci\u00f3n interinstitucional, principal pero no limitadamente a actividades de planificaci\u00f3n, coordinaci\u00f3n y ejecuci\u00f3n de programas para la realizaci\u00f3n de pasant\u00edas y pr\u00e1cticas pre profesionales<\/td>\n<\/tr>\n<tr>\n<td width=\"237\"><strong>Actividades<\/strong><\/td>\n<td style=\"text-align: left;\" width=\"324\">\n<ul>\n<li>Conferencias, seminarios, simposios, talleres y eventos.<\/li>\n<li>Uso de infraestructura entre las partes.<\/li>\n<\/ul>\n<\/td>\n<\/tr>\n<tr>\n<td><strong>Tipo de convenio\u00a0<\/strong><\/td>\n<td style=\"text-align: left;\">Renovaci\u00f3n Convenio Marco de Cooperaci\u00f3n Interinstitucional<\/td>\n<\/tr>\n<\/tbody>\n<\/table>\n","protected":false},"excerpt":{"rendered":"<p>Responsable contraparte Lcdo. C\u00e9sar Napole\u00f3n Pazmi\u00f1o Gavilanes Responsable Unemi Decano de la Facultad de Ciencias sociales Objetivo Establecer relaciones de cooperaci\u00f3n interinstitucional, principal pero no limitadamente a actividades de planificaci\u00f3n, [&hellip;]<\/p>\n","protected":false},"author":23,"featured_media":0,"parent":0,"menu_order":0,"comment_status":"closed","ping_status":"closed","template":"","meta":{"_joinchat":[],"footnotes":""},"class_list":["post-10227","page","type-page","status-publish","hentry"],"_links":{"self":[{"href":"https:\/\/www.unemi.edu.ec\/index.php\/wp-json\/wp\/v2\/pages\/10227","targetHints":{"allow":["GET"]}}],"collection":[{"href":"https:\/\/www.unemi.edu.ec\/index.php\/wp-json\/wp\/v2\/pages"}],"about":[{"href":"https:\/\/www.unemi.edu.ec\/index.php\/wp-json\/wp\/v2\/types\/page"}],"author":[{"embeddable":true,"href":"https:\/\/www.unemi.edu.ec\/index.php\/wp-json\/wp\/v2\/users\/23"}],"replies":[{"embeddable":true,"href":"https:\/\/www.unemi.edu.ec\/index.php\/wp-json\/wp\/v2\/comments?post=10227"}],"version-history":[{"count":0,"href":"https:\/\/www.unemi.edu.ec\/index.php\/wp-json\/wp\/v2\/pages\/10227\/revisions"}],"wp:attachment":[{"href":"https:\/\/www.unemi.edu.ec\/index.php\/wp-json\/wp\/v2\/media?parent=10227"}],"curies":[{"name":"wp","href":"https:\/\/api.w.org\/{rel}","templated":true}]}}